
{"id":2491,"date":"2023-05-05T16:53:56","date_gmt":"2023-06-16T16:53:03","guid":{"rendered":"https:\/\/pcstock.es\/producto\/toshiba-portege-i7-250ghz-16gb-512gb-ssd\/"},"modified":"2023-06-16T16:53:03","modified_gmt":"2023-06-16T16:53:03","slug":"toshiba-portege-i7-2-50ghz-16gb-512gb-ssd","status":"publish","type":"product","link":"https:\/\/pcstock.es\/pt-pt\/producto\/toshiba-portege-i7-2-50ghz-16gb-512gb-ssd\/","title":{"rendered":"Toshiba Portege i7 (2,50GHz) 16GB 512GB SSD"},"content":{"rendered":"<p>Fabuloso port\u00e1til Toshiba com caracter\u00edsticas incr\u00edveis, ideal para o trabalho e para a realiza\u00e7\u00e3o de qualquer tipo de tarefa.<\/p>\n<p>Caracter\u00edsticas:<\/p>\n<ul>\n<li>Processador intel i7 de 2,5 Ghz de sexta gera\u00e7\u00e3o<\/li>\n<li>16 GB DE RAM<\/li>\n<li>Disco r\u00edgido SSS de 512 GB<\/li>\n<li>Ecr\u00e3 de 13,3 polegadas<\/li>\n<\/ul>\n","protected":false},"excerpt":{"rendered":"<p>Fabuloso port\u00e1til Toshiba com caracter\u00edsticas incr\u00edveis, ideal para o trabalho e para a realiza\u00e7\u00e3o de qualquer tipo de tarefa. Caracter\u00edsticas: Processador intel i7 de 2,5 Ghz de sexta gera\u00e7\u00e3o 16 GB DE RAM Disco r\u00edgido SSS de 512 GB Ecr\u00e3 de 13,3 polegadas<\/p>\n","protected":false},"featured_media":2485,"comment_status":"open","ping_status":"closed","template":"","meta":[],"product_cat":[202,165],"product_tag":[],"yoast_head":"<!-- This site is optimized with the Yoast SEO plugin v20.6 - https:\/\/yoast.com\/wordpress\/plugins\/seo\/ -->\n<title>Toshiba Portege i7 (2,50GHz) 16GB 512GB SSD -sitename%%%%<\/title>\n<meta name=\"description\" content=\"Toshiba Portege i7 (2,50GHz) 16GB 512GB SSD \u2713 Unidades limitadas \u2713 1 a\u00f1o de garant\u00eda\" \/>\n<meta name=\"robots\" content=\"index, follow, max-snippet:-1, max-image-preview:large, max-video-preview:-1\" \/>\n<link rel=\"canonical\" href=\"https:\/\/pcstock.es\/pt-pt\/producto\/toshiba-portege-i7-2-50ghz-16gb-512gb-ssd\/\" \/>\n<meta property=\"og:locale\" content=\"pt_PT\" \/>\n<meta property=\"og:type\" content=\"article\" \/>\n<meta property=\"og:title\" content=\"Toshiba Portege i7 (2,50GHz) 16GB 512GB SSD -sitename%%%%\" \/>\n<meta property=\"og:description\" content=\"Toshiba Portege i7 (2,50GHz) 16GB 512GB SSD \u2713 Unidades limitadas \u2713 1 a\u00f1o de garant\u00eda\" \/>\n<meta property=\"og:url\" content=\"https:\/\/pcstock.es\/pt-pt\/producto\/toshiba-portege-i7-2-50ghz-16gb-512gb-ssd\/\" \/>\n<meta property=\"og:site_name\" content=\"PC STOCK\" \/>\n<meta property=\"og:image\" content=\"https:\/\/pcstock.es\/wp-content\/uploads\/2023\/05\/toshiba-portege-i7-2-50ghz-16gb-512gb-ssd.webp\" \/>\n\t<meta property=\"og:image:width\" content=\"600\" \/>\n\t<meta property=\"og:image:height\" content=\"600\" \/>\n\t<meta property=\"og:image:type\" content=\"image\/webp\" \/>\n<meta name=\"twitter:card\" content=\"summary_large_image\" \/>\n<script type=\"application\/ld+json\" class=\"yoast-schema-graph\">{\"@context\":\"https:\/\/schema.org\",\"@graph\":[{\"@type\":\"WebPage\",\"@id\":\"https:\/\/pcstock.es\/pt-pt\/producto\/toshiba-portege-i7-2-50ghz-16gb-512gb-ssd\/\",\"url\":\"https:\/\/pcstock.es\/pt-pt\/producto\/toshiba-portege-i7-2-50ghz-16gb-512gb-ssd\/\",\"name\":\"Toshiba Portege i7 (2,50GHz) 16GB 512GB SSD -sitename%%%%\",\"isPartOf\":{\"@id\":\"https:\/\/pcstock.es\/pt-pt\/#website\"},\"datePublished\":\"2023-06-16T16:53:03+00:00\",\"dateModified\":\"2023-06-16T16:53:03+00:00\",\"description\":\"Toshiba Portege i7 (2,50GHz) 16GB 512GB SSD \u2713 Unidades limitadas \u2713 1 a\u00f1o de garant\u00eda\",\"breadcrumb\":{\"@id\":\"https:\/\/pcstock.es\/pt-pt\/producto\/toshiba-portege-i7-2-50ghz-16gb-512gb-ssd\/#breadcrumb\"},\"inLanguage\":\"pt-PT\",\"potentialAction\":[{\"@type\":\"ReadAction\",\"target\":[\"https:\/\/pcstock.es\/pt-pt\/producto\/toshiba-portege-i7-2-50ghz-16gb-512gb-ssd\/\"]}]},{\"@type\":\"BreadcrumbList\",\"@id\":\"https:\/\/pcstock.es\/pt-pt\/producto\/toshiba-portege-i7-2-50ghz-16gb-512gb-ssd\/#breadcrumb\",\"itemListElement\":[{\"@type\":\"ListItem\",\"position\":1,\"name\":\"Portada\",\"item\":\"https:\/\/pcstock.es\/pt-pt\/\"},{\"@type\":\"ListItem\",\"position\":2,\"name\":\"Loja\",\"item\":\"https:\/\/pcstock.es\/pt-pt\/loja\/\"},{\"@type\":\"ListItem\",\"position\":3,\"name\":\"Toshiba Portege i7 (2,50GHz) 16GB 512GB SSD\"}]},{\"@type\":\"WebSite\",\"@id\":\"https:\/\/pcstock.es\/pt-pt\/#website\",\"url\":\"https:\/\/pcstock.es\/pt-pt\/\",\"name\":\"PC STOCK\",\"description\":\"Ordenadores reacondicionados y accesorios tecnol\u00f3gicos\",\"publisher\":{\"@id\":\"https:\/\/pcstock.es\/pt-pt\/#organization\"},\"potentialAction\":[{\"@type\":\"SearchAction\",\"target\":{\"@type\":\"EntryPoint\",\"urlTemplate\":\"https:\/\/pcstock.es\/pt-pt\/?s={search_term_string}\"},\"query-input\":\"required name=search_term_string\"}],\"inLanguage\":\"pt-PT\"},{\"@type\":\"Organization\",\"@id\":\"https:\/\/pcstock.es\/pt-pt\/#organization\",\"name\":\"Pc Stock\",\"url\":\"https:\/\/pcstock.es\/pt-pt\/\",\"logo\":{\"@type\":\"ImageObject\",\"inLanguage\":\"pt-PT\",\"@id\":\"https:\/\/pcstock.es\/pt-pt\/#\/schema\/logo\/image\/\",\"url\":\"https:\/\/pcstock.es\/wp-content\/uploads\/2020\/11\/logo-pckstock-ordenadores-reacondicionados.png\",\"contentUrl\":\"https:\/\/pcstock.es\/wp-content\/uploads\/2020\/11\/logo-pckstock-ordenadores-reacondicionados.png\",\"width\":268,\"height\":93,\"caption\":\"Pc Stock\"},\"image\":{\"@id\":\"https:\/\/pcstock.es\/pt-pt\/#\/schema\/logo\/image\/\"}}]}<\/script>\n<!-- \/ Yoast SEO plugin. -->","yoast_head_json":{"title":"Toshiba Portege i7 (2,50GHz) 16GB 512GB SSD -sitename%%%%","description":"Toshiba Portege i7 (2,50GHz) 16GB 512GB SSD \u2713 Unidades limitadas \u2713 1 a\u00f1o de garant\u00eda","robots":{"index":"index","follow":"follow","max-snippet":"max-snippet:-1","max-image-preview":"max-image-preview:large","max-video-preview":"max-video-preview:-1"},"canonical":"https:\/\/pcstock.es\/pt-pt\/producto\/toshiba-portege-i7-2-50ghz-16gb-512gb-ssd\/","og_locale":"pt_PT","og_type":"article","og_title":"Toshiba Portege i7 (2,50GHz) 16GB 512GB SSD -sitename%%%%","og_description":"Toshiba Portege i7 (2,50GHz) 16GB 512GB SSD \u2713 Unidades limitadas \u2713 1 a\u00f1o de garant\u00eda","og_url":"https:\/\/pcstock.es\/pt-pt\/producto\/toshiba-portege-i7-2-50ghz-16gb-512gb-ssd\/","og_site_name":"PC STOCK","og_image":[{"width":600,"height":600,"url":"https:\/\/pcstock.es\/wp-content\/uploads\/2023\/05\/toshiba-portege-i7-2-50ghz-16gb-512gb-ssd.webp","type":"image\/webp"}],"twitter_card":"summary_large_image","schema":{"@context":"https:\/\/schema.org","@graph":[{"@type":"WebPage","@id":"https:\/\/pcstock.es\/pt-pt\/producto\/toshiba-portege-i7-2-50ghz-16gb-512gb-ssd\/","url":"https:\/\/pcstock.es\/pt-pt\/producto\/toshiba-portege-i7-2-50ghz-16gb-512gb-ssd\/","name":"Toshiba Portege i7 (2,50GHz) 16GB 512GB SSD -sitename%%%%","isPartOf":{"@id":"https:\/\/pcstock.es\/pt-pt\/#website"},"datePublished":"2023-06-16T16:53:03+00:00","dateModified":"2023-06-16T16:53:03+00:00","description":"Toshiba Portege i7 (2,50GHz) 16GB 512GB SSD \u2713 Unidades limitadas \u2713 1 a\u00f1o de garant\u00eda","breadcrumb":{"@id":"https:\/\/pcstock.es\/pt-pt\/producto\/toshiba-portege-i7-2-50ghz-16gb-512gb-ssd\/#breadcrumb"},"inLanguage":"pt-PT","potentialAction":[{"@type":"ReadAction","target":["https:\/\/pcstock.es\/pt-pt\/producto\/toshiba-portege-i7-2-50ghz-16gb-512gb-ssd\/"]}]},{"@type":"BreadcrumbList","@id":"https:\/\/pcstock.es\/pt-pt\/producto\/toshiba-portege-i7-2-50ghz-16gb-512gb-ssd\/#breadcrumb","itemListElement":[{"@type":"ListItem","position":1,"name":"Portada","item":"https:\/\/pcstock.es\/pt-pt\/"},{"@type":"ListItem","position":2,"name":"Loja","item":"https:\/\/pcstock.es\/pt-pt\/loja\/"},{"@type":"ListItem","position":3,"name":"Toshiba Portege i7 (2,50GHz) 16GB 512GB SSD"}]},{"@type":"WebSite","@id":"https:\/\/pcstock.es\/pt-pt\/#website","url":"https:\/\/pcstock.es\/pt-pt\/","name":"PC STOCK","description":"Ordenadores reacondicionados y accesorios tecnol\u00f3gicos","publisher":{"@id":"https:\/\/pcstock.es\/pt-pt\/#organization"},"potentialAction":[{"@type":"SearchAction","target":{"@type":"EntryPoint","urlTemplate":"https:\/\/pcstock.es\/pt-pt\/?s={search_term_string}"},"query-input":"required name=search_term_string"}],"inLanguage":"pt-PT"},{"@type":"Organization","@id":"https:\/\/pcstock.es\/pt-pt\/#organization","name":"Pc Stock","url":"https:\/\/pcstock.es\/pt-pt\/","logo":{"@type":"ImageObject","inLanguage":"pt-PT","@id":"https:\/\/pcstock.es\/pt-pt\/#\/schema\/logo\/image\/","url":"https:\/\/pcstock.es\/wp-content\/uploads\/2020\/11\/logo-pckstock-ordenadores-reacondicionados.png","contentUrl":"https:\/\/pcstock.es\/wp-content\/uploads\/2020\/11\/logo-pckstock-ordenadores-reacondicionados.png","width":268,"height":93,"caption":"Pc Stock"},"image":{"@id":"https:\/\/pcstock.es\/pt-pt\/#\/schema\/logo\/image\/"}}]}},"_links":{"self":[{"href":"https:\/\/pcstock.es\/pt-pt\/wp-json\/wp\/v2\/product\/2491"}],"collection":[{"href":"https:\/\/pcstock.es\/pt-pt\/wp-json\/wp\/v2\/product"}],"about":[{"href":"https:\/\/pcstock.es\/pt-pt\/wp-json\/wp\/v2\/types\/product"}],"replies":[{"embeddable":true,"href":"https:\/\/pcstock.es\/pt-pt\/wp-json\/wp\/v2\/comments?post=2491"}],"wp:featuredmedia":[{"embeddable":true,"href":"https:\/\/pcstock.es\/pt-pt\/wp-json\/wp\/v2\/media\/2485"}],"wp:attachment":[{"href":"https:\/\/pcstock.es\/pt-pt\/wp-json\/wp\/v2\/media?parent=2491"}],"wp:term":[{"taxonomy":"product_cat","embeddable":true,"href":"https:\/\/pcstock.es\/pt-pt\/wp-json\/wp\/v2\/product_cat?post=2491"},{"taxonomy":"product_tag","embeddable":true,"href":"https:\/\/pcstock.es\/pt-pt\/wp-json\/wp\/v2\/product_tag?post=2491"}],"curies":[{"name":"wp","href":"https:\/\/api.w.org\/{rel}","templated":true}]}}