
{"id":2340,"date":"2022-08-27T08:48:35","date_gmt":"2022-08-27T08:48:35","guid":{"rendered":"https:\/\/pcstock.es\/producto\/apple-macbook-pro-15-1-i7-16gb-500gb-ssd-2018\/"},"modified":"2022-10-15T09:05:01","modified_gmt":"2022-10-15T09:05:01","slug":"apple-macbook-pro-15-1-i7-16gb-500gb-ssd-2018","status":"publish","type":"product","link":"https:\/\/pcstock.es\/pt-pt\/producto\/apple-macbook-pro-15-1-i7-16gb-500gb-ssd-2018\/","title":{"rendered":"Apple MacBook Pro i7 7820HQ (2.90Ghz) 16GB 500GB SSD (2018)"},"content":{"rendered":"<p>Desfrute desta fant\u00e1stica remodela\u00e7\u00e3o do Apple MacBook Pro com caracter\u00edsticas imbat\u00edveis:<\/p>\n<ul>\n<li>2,20 Ghz intel i7 processador<\/li>\n<li>16 GB DE RAM<\/li>\n<li>SSD DE 500 GB<\/li>\n<li>sistema operativo macOS Monterey<\/li>\n<li>Ano 2018<\/li>\n<li>Ecr\u00e3 de 15 polegadas<\/li>\n<li>Teclado em espanhol<\/li>\n<\/ul>\n","protected":false},"excerpt":{"rendered":"<p>N\u00c3O PERCA ESTA OPORTUNIDADE!<\/p>\n<p>Obtenha este <strong>MacBook Pro remodelado<\/strong> com as \u00faltimas caracter\u00edsticas a um <strong>pre\u00e7o imbat\u00edvel<\/strong>.<\/p>\n<p>Um produto Apple 2018 renovado com 16GB de RAM e um processador i7 &#8211; pode pedir mais?<\/p>\n","protected":false},"featured_media":2299,"comment_status":"open","ping_status":"closed","template":"","meta":[],"product_cat":[179,215,216],"product_tag":[],"yoast_head":"<!-- This site is optimized with the Yoast SEO plugin v20.6 - https:\/\/yoast.com\/wordpress\/plugins\/seo\/ -->\n<title>Apple MacBook Pro 15.1 16GB 500GB SSD (2018) - PC STOCK<\/title>\n<meta name=\"description\" content=\"Apple MacBook Pro i7 7820HQ (2.90Ghz) 16GB 500GB SSD (2018) \u2713 Unidades limitadas \u2713 1 a\u00f1o de garant\u00eda\" \/>\n<meta name=\"robots\" content=\"index, follow, max-snippet:-1, max-image-preview:large, max-video-preview:-1\" \/>\n<link rel=\"canonical\" href=\"https:\/\/pcstock.es\/pt-pt\/producto\/apple-macbook-pro-15-1-i7-16gb-500gb-ssd-2018\/\" \/>\n<meta property=\"og:locale\" content=\"pt_PT\" \/>\n<meta property=\"og:type\" content=\"article\" \/>\n<meta property=\"og:title\" content=\"Apple MacBook Pro 15.1 16GB 500GB SSD (2018) - PC STOCK\" \/>\n<meta property=\"og:description\" content=\"Apple MacBook Pro i7 7820HQ (2.90Ghz) 16GB 500GB SSD (2018) \u2713 Unidades limitadas \u2713 1 a\u00f1o de garant\u00eda\" \/>\n<meta property=\"og:url\" content=\"https:\/\/pcstock.es\/pt-pt\/producto\/apple-macbook-pro-15-1-i7-16gb-500gb-ssd-2018\/\" \/>\n<meta property=\"og:site_name\" content=\"PC STOCK\" \/>\n<meta property=\"article:modified_time\" content=\"2022-10-15T09:05:01+00:00\" \/>\n<meta property=\"og:image\" content=\"https:\/\/pcstock.es\/wp-content\/uploads\/2022\/08\/apple-macbook-pro-barato-15.1-i7-8750h-16gb-500gb-ssd-2018.jpg\" \/>\n\t<meta property=\"og:image:width\" content=\"800\" \/>\n\t<meta property=\"og:image:height\" content=\"800\" \/>\n\t<meta property=\"og:image:type\" content=\"image\/jpeg\" \/>\n<meta name=\"twitter:card\" content=\"summary_large_image\" \/>\n<meta name=\"twitter:label1\" content=\"Est. reading time\" \/>\n\t<meta name=\"twitter:data1\" content=\"1 minute\" \/>\n<script type=\"application\/ld+json\" class=\"yoast-schema-graph\">{\"@context\":\"https:\/\/schema.org\",\"@graph\":[{\"@type\":\"WebPage\",\"@id\":\"https:\/\/pcstock.es\/pt-pt\/producto\/apple-macbook-pro-15-1-i7-16gb-500gb-ssd-2018\/\",\"url\":\"https:\/\/pcstock.es\/pt-pt\/producto\/apple-macbook-pro-15-1-i7-16gb-500gb-ssd-2018\/\",\"name\":\"Apple MacBook Pro 15.1 16GB 500GB SSD (2018) - PC STOCK\",\"isPartOf\":{\"@id\":\"https:\/\/pcstock.es\/pt-pt\/#website\"},\"datePublished\":\"2022-08-27T08:48:35+00:00\",\"dateModified\":\"2022-10-15T09:05:01+00:00\",\"description\":\"Apple MacBook Pro i7 7820HQ (2.90Ghz) 16GB 500GB SSD (2018) \u2713 Unidades limitadas \u2713 1 a\u00f1o de garant\u00eda\",\"breadcrumb\":{\"@id\":\"https:\/\/pcstock.es\/pt-pt\/producto\/apple-macbook-pro-15-1-i7-16gb-500gb-ssd-2018\/#breadcrumb\"},\"inLanguage\":\"pt-PT\",\"potentialAction\":[{\"@type\":\"ReadAction\",\"target\":[\"https:\/\/pcstock.es\/pt-pt\/producto\/apple-macbook-pro-15-1-i7-16gb-500gb-ssd-2018\/\"]}]},{\"@type\":\"BreadcrumbList\",\"@id\":\"https:\/\/pcstock.es\/pt-pt\/producto\/apple-macbook-pro-15-1-i7-16gb-500gb-ssd-2018\/#breadcrumb\",\"itemListElement\":[{\"@type\":\"ListItem\",\"position\":1,\"name\":\"Portada\",\"item\":\"https:\/\/pcstock.es\/pt-pt\/\"},{\"@type\":\"ListItem\",\"position\":2,\"name\":\"Loja\",\"item\":\"https:\/\/pcstock.es\/pt-pt\/loja\/\"},{\"@type\":\"ListItem\",\"position\":3,\"name\":\"Apple MacBook Pro i7 7820HQ (2.90Ghz) 16GB 500GB SSD (2018)\"}]},{\"@type\":\"WebSite\",\"@id\":\"https:\/\/pcstock.es\/pt-pt\/#website\",\"url\":\"https:\/\/pcstock.es\/pt-pt\/\",\"name\":\"PC STOCK\",\"description\":\"Ordenadores reacondicionados y accesorios tecnol\u00f3gicos\",\"publisher\":{\"@id\":\"https:\/\/pcstock.es\/pt-pt\/#organization\"},\"potentialAction\":[{\"@type\":\"SearchAction\",\"target\":{\"@type\":\"EntryPoint\",\"urlTemplate\":\"https:\/\/pcstock.es\/pt-pt\/?s={search_term_string}\"},\"query-input\":\"required name=search_term_string\"}],\"inLanguage\":\"pt-PT\"},{\"@type\":\"Organization\",\"@id\":\"https:\/\/pcstock.es\/pt-pt\/#organization\",\"name\":\"Pc Stock\",\"url\":\"https:\/\/pcstock.es\/pt-pt\/\",\"logo\":{\"@type\":\"ImageObject\",\"inLanguage\":\"pt-PT\",\"@id\":\"https:\/\/pcstock.es\/pt-pt\/#\/schema\/logo\/image\/\",\"url\":\"https:\/\/pcstock.es\/wp-content\/uploads\/2020\/11\/logo-pckstock-ordenadores-reacondicionados.png\",\"contentUrl\":\"https:\/\/pcstock.es\/wp-content\/uploads\/2020\/11\/logo-pckstock-ordenadores-reacondicionados.png\",\"width\":268,\"height\":93,\"caption\":\"Pc Stock\"},\"image\":{\"@id\":\"https:\/\/pcstock.es\/pt-pt\/#\/schema\/logo\/image\/\"}}]}<\/script>\n<!-- \/ Yoast SEO plugin. -->","yoast_head_json":{"title":"Apple MacBook Pro 15.1 16GB 500GB SSD (2018) - PC STOCK","description":"Apple MacBook Pro i7 7820HQ (2.90Ghz) 16GB 500GB SSD (2018) \u2713 Unidades limitadas \u2713 1 a\u00f1o de garant\u00eda","robots":{"index":"index","follow":"follow","max-snippet":"max-snippet:-1","max-image-preview":"max-image-preview:large","max-video-preview":"max-video-preview:-1"},"canonical":"https:\/\/pcstock.es\/pt-pt\/producto\/apple-macbook-pro-15-1-i7-16gb-500gb-ssd-2018\/","og_locale":"pt_PT","og_type":"article","og_title":"Apple MacBook Pro 15.1 16GB 500GB SSD (2018) - PC STOCK","og_description":"Apple MacBook Pro i7 7820HQ (2.90Ghz) 16GB 500GB SSD (2018) \u2713 Unidades limitadas \u2713 1 a\u00f1o de garant\u00eda","og_url":"https:\/\/pcstock.es\/pt-pt\/producto\/apple-macbook-pro-15-1-i7-16gb-500gb-ssd-2018\/","og_site_name":"PC STOCK","article_modified_time":"2022-10-15T09:05:01+00:00","og_image":[{"width":800,"height":800,"url":"https:\/\/pcstock.es\/wp-content\/uploads\/2022\/08\/apple-macbook-pro-barato-15.1-i7-8750h-16gb-500gb-ssd-2018.jpg","type":"image\/jpeg"}],"twitter_card":"summary_large_image","twitter_misc":{"Est. reading time":"1 minute"},"schema":{"@context":"https:\/\/schema.org","@graph":[{"@type":"WebPage","@id":"https:\/\/pcstock.es\/pt-pt\/producto\/apple-macbook-pro-15-1-i7-16gb-500gb-ssd-2018\/","url":"https:\/\/pcstock.es\/pt-pt\/producto\/apple-macbook-pro-15-1-i7-16gb-500gb-ssd-2018\/","name":"Apple MacBook Pro 15.1 16GB 500GB SSD (2018) - PC STOCK","isPartOf":{"@id":"https:\/\/pcstock.es\/pt-pt\/#website"},"datePublished":"2022-08-27T08:48:35+00:00","dateModified":"2022-10-15T09:05:01+00:00","description":"Apple MacBook Pro i7 7820HQ (2.90Ghz) 16GB 500GB SSD (2018) \u2713 Unidades limitadas \u2713 1 a\u00f1o de garant\u00eda","breadcrumb":{"@id":"https:\/\/pcstock.es\/pt-pt\/producto\/apple-macbook-pro-15-1-i7-16gb-500gb-ssd-2018\/#breadcrumb"},"inLanguage":"pt-PT","potentialAction":[{"@type":"ReadAction","target":["https:\/\/pcstock.es\/pt-pt\/producto\/apple-macbook-pro-15-1-i7-16gb-500gb-ssd-2018\/"]}]},{"@type":"BreadcrumbList","@id":"https:\/\/pcstock.es\/pt-pt\/producto\/apple-macbook-pro-15-1-i7-16gb-500gb-ssd-2018\/#breadcrumb","itemListElement":[{"@type":"ListItem","position":1,"name":"Portada","item":"https:\/\/pcstock.es\/pt-pt\/"},{"@type":"ListItem","position":2,"name":"Loja","item":"https:\/\/pcstock.es\/pt-pt\/loja\/"},{"@type":"ListItem","position":3,"name":"Apple MacBook Pro i7 7820HQ (2.90Ghz) 16GB 500GB SSD (2018)"}]},{"@type":"WebSite","@id":"https:\/\/pcstock.es\/pt-pt\/#website","url":"https:\/\/pcstock.es\/pt-pt\/","name":"PC STOCK","description":"Ordenadores reacondicionados y accesorios tecnol\u00f3gicos","publisher":{"@id":"https:\/\/pcstock.es\/pt-pt\/#organization"},"potentialAction":[{"@type":"SearchAction","target":{"@type":"EntryPoint","urlTemplate":"https:\/\/pcstock.es\/pt-pt\/?s={search_term_string}"},"query-input":"required name=search_term_string"}],"inLanguage":"pt-PT"},{"@type":"Organization","@id":"https:\/\/pcstock.es\/pt-pt\/#organization","name":"Pc Stock","url":"https:\/\/pcstock.es\/pt-pt\/","logo":{"@type":"ImageObject","inLanguage":"pt-PT","@id":"https:\/\/pcstock.es\/pt-pt\/#\/schema\/logo\/image\/","url":"https:\/\/pcstock.es\/wp-content\/uploads\/2020\/11\/logo-pckstock-ordenadores-reacondicionados.png","contentUrl":"https:\/\/pcstock.es\/wp-content\/uploads\/2020\/11\/logo-pckstock-ordenadores-reacondicionados.png","width":268,"height":93,"caption":"Pc Stock"},"image":{"@id":"https:\/\/pcstock.es\/pt-pt\/#\/schema\/logo\/image\/"}}]}},"_links":{"self":[{"href":"https:\/\/pcstock.es\/pt-pt\/wp-json\/wp\/v2\/product\/2340"}],"collection":[{"href":"https:\/\/pcstock.es\/pt-pt\/wp-json\/wp\/v2\/product"}],"about":[{"href":"https:\/\/pcstock.es\/pt-pt\/wp-json\/wp\/v2\/types\/product"}],"replies":[{"embeddable":true,"href":"https:\/\/pcstock.es\/pt-pt\/wp-json\/wp\/v2\/comments?post=2340"}],"wp:featuredmedia":[{"embeddable":true,"href":"https:\/\/pcstock.es\/pt-pt\/wp-json\/wp\/v2\/media\/2299"}],"wp:attachment":[{"href":"https:\/\/pcstock.es\/pt-pt\/wp-json\/wp\/v2\/media?parent=2340"}],"wp:term":[{"taxonomy":"product_cat","embeddable":true,"href":"https:\/\/pcstock.es\/pt-pt\/wp-json\/wp\/v2\/product_cat?post=2340"},{"taxonomy":"product_tag","embeddable":true,"href":"https:\/\/pcstock.es\/pt-pt\/wp-json\/wp\/v2\/product_tag?post=2340"}],"curies":[{"name":"wp","href":"https:\/\/api.w.org\/{rel}","templated":true}]}}