
{"id":2144,"date":"2021-12-03T19:28:02","date_gmt":"2021-12-04T15:53:47","guid":{"rendered":"https:\/\/pcstock.es\/producto\/fujitsu-full-gaming-computer-i7-3-6ghz-16gb-nvidia-1030-2gb-ddr5\/"},"modified":"2022-09-24T07:41:35","modified_gmt":"2022-09-24T07:41:35","slug":"ordenador-gaming-completo-fugitsu-i7-3-6ghz-16gb-nvidia-1030-2gb-ddr5","status":"publish","type":"product","link":"https:\/\/pcstock.es\/pt-pt\/producto\/ordenador-gaming-completo-fugitsu-i7-3-6ghz-16gb-nvidia-1030-2gb-ddr5\/","title":{"rendered":"Fujitsu Full Gaming Computer i7 3.6GHz 16GB Nvidia 1030 2GB DDR5"},"content":{"rendered":"<p>Desfrute deste completo e poderoso <strong>computador de jogo barato <\/strong>composto <strong>pela nossa <a href=\"https:\/\/pcstock.es\/pt-pt\/producto\/computador-fujitsu-i7-8gb\/\">torre de computador de jogador com processador Intel i7<\/a><\/strong>, 16 GB de RAM, disco r\u00edgido SSD de 480 GB e placa gr\u00e1fica Nvidia 1030 DDR5 de 2 GB.<\/p>\n<p>Os nossos <strong>PCs para jogos renovados s\u00e3o 100% funcionais, <\/strong>v\u00eam com<strong> um ano de garantia<\/strong> e ir\u00e3o <strong>poupar-lhe muito dinheiro<\/strong> em compara\u00e7\u00e3o com um novo.<\/p>\n<p>Na Pc Stock damos-lhe a oportunidade de <b>comprar um PC de jogo acess\u00edvel,<\/b> com pot\u00eancia e especifica\u00e7\u00f5es que n\u00e3o encontrar\u00e1 em mais lado nenhum<b>.<\/b><\/p>\n<p>Com este PC de jogo renovado<strong> voc\u00ea pode jogar absolutamente todos os seus jogos favoritos <\/strong>e<strong> economizar mais de 1.000 euros!<\/strong><\/p>\n<p>Com a nossa promo\u00e7\u00e3o, inclu\u00edmos tamb\u00e9m <strong>um monitor de 22 polegadas<\/strong> e um <strong>fant\u00e1stico kit 4 em 1 para jogadores<\/strong> que inclui:<\/p>\n<ul>\n<li>Rato gaming de seis bot\u00f5es<\/li>\n<li>Tapete de rato<\/li>\n<li>Teclado retroiluminado<\/li>\n<li>Auscultadores<\/li>\n<\/ul>\n<p>Ningu\u00e9m, absolutamente ningu\u00e9m, lhe dar\u00e1 mais por este pre\u00e7o. De que est\u00e1s \u00e0 espera?<\/p>\n","protected":false},"excerpt":{"rendered":"<p>Voc\u00ea n\u00e3o sabe <strong>onde<\/strong> <strong>comprar um PC de jogo barato com processador Intel i7? Na Pc Stock, voc\u00ea o tem e por menos de 600 euros!<\/strong> Isto pode ser real? Sim, \u00e9!<\/p>\n<p>Com o nosso poderoso <strong>PC Fujitsu renovado<\/strong> com <strong>processador i7<\/strong>, <strong>16GB de RAM<\/strong> e a poderosa placa gr\u00e1fica <strong>Nvidia 1030 de 2GB <\/strong>, nenhum jogo ser\u00e1 capaz de lhe resistir. N\u00e3o perca a oportunidade de ter um <strong>PC de jogo barato<\/strong> a um pre\u00e7o como voc\u00ea nunca viu antes! E com esta promo\u00e7\u00e3o voc\u00ea pode se sentar para jogar desde o primeiro minuto, pois <strong>inclu\u00edmos um monitor de 22 polegadas e um kit de jogo<\/strong>.<\/p>\n<p>Precisas de algo ainda mais barato? voc\u00ea tamb\u00e9m pode <a href=\"https:\/\/pcstock.es\/producto\/ordenador-gaming-completo-lenovo-m83-i5-4agen-3-20ghz-16gb-480-ssd-nvidia-1030-2gb-ddr5\/\">comprar um computador de jogo por menos de 500 euros<\/a>.<\/p>\n<p><strong><span style=\"color: #ee0a89;\">PROMO\u00c7\u00c3O<\/span><\/strong><br \/>\nEsta promo\u00e7\u00e3o inclui:<\/p>\n<ul>\n<li><a href=\"https:\/\/pcstock.es\/producto\/ordenador-fujitsu-i7-8gb\/\">Fujitsu i7 3.60 GHz Torre de jogo<\/a><\/li>\n<li>Monitor de 22 polegadas<\/li>\n<li>Rato gaming de seis bot\u00f5es<\/li>\n<li>Tapete de rato<\/li>\n<li>Teclado retroiluminado<\/li>\n<li>Auscultadores<\/li>\n<\/ul>\n","protected":false},"featured_media":2229,"comment_status":"open","ping_status":"closed","template":"","meta":[],"product_cat":[189],"product_tag":[194],"yoast_head":"<!-- This site is optimized with the Yoast SEO plugin v20.6 - https:\/\/yoast.com\/wordpress\/plugins\/seo\/ -->\n<title>Computador de jogos i7 16GB Nvidia 1030 2G DDR5 + Monitor &amp; Kit de jogos<\/title>\n<meta name=\"description\" content=\"Computador de jogos i7, 16GB + Monitor + Kit de jogos \u2713 Recondicionado \u2713 Unidades limitadas \u2713 1 ano de garantia \u2713 Envio gratuito\" \/>\n<meta name=\"robots\" content=\"index, follow, max-snippet:-1, max-image-preview:large, max-video-preview:-1\" \/>\n<link rel=\"canonical\" href=\"https:\/\/pcstock.es\/pt-pt\/producto\/ordenador-gaming-completo-fugitsu-i7-3-6ghz-16gb-nvidia-1030-2gb-ddr5\/\" \/>\n<meta property=\"og:locale\" content=\"pt_PT\" \/>\n<meta property=\"og:type\" content=\"article\" \/>\n<meta property=\"og:title\" content=\"Computador de jogos i7 16GB Nvidia 1030 2G DDR5 + Monitor &amp; Kit de jogos\" \/>\n<meta property=\"og:description\" content=\"Computador de jogos i7, 16GB + Monitor + Kit de jogos \u2713 Recondicionado \u2713 Unidades limitadas \u2713 1 ano de garantia \u2713 Envio gratuito\" \/>\n<meta property=\"og:url\" content=\"https:\/\/pcstock.es\/pt-pt\/producto\/ordenador-gaming-completo-fugitsu-i7-3-6ghz-16gb-nvidia-1030-2gb-ddr5\/\" \/>\n<meta property=\"og:site_name\" content=\"PC STOCK\" \/>\n<meta property=\"article:modified_time\" content=\"2022-09-24T07:41:35+00:00\" \/>\n<meta property=\"og:image\" content=\"https:\/\/pcstock.es\/wp-content\/uploads\/2021\/12\/Ordenador-gaming-completo-fugitsu-i7-3.60Ghz-16GB-480ssd-Nvidia-1030-2GB-DDR5.webp\" \/>\n\t<meta property=\"og:image:width\" content=\"800\" \/>\n\t<meta property=\"og:image:height\" content=\"800\" \/>\n\t<meta property=\"og:image:type\" content=\"image\/webp\" \/>\n<meta name=\"twitter:card\" content=\"summary_large_image\" \/>\n<meta name=\"twitter:label1\" content=\"Est. reading time\" \/>\n\t<meta name=\"twitter:data1\" content=\"1 minute\" \/>\n<script type=\"application\/ld+json\" class=\"yoast-schema-graph\">{\"@context\":\"https:\/\/schema.org\",\"@graph\":[{\"@type\":\"WebPage\",\"@id\":\"https:\/\/pcstock.es\/pt-pt\/producto\/ordenador-gaming-completo-fugitsu-i7-3-6ghz-16gb-nvidia-1030-2gb-ddr5\/\",\"url\":\"https:\/\/pcstock.es\/pt-pt\/producto\/ordenador-gaming-completo-fugitsu-i7-3-6ghz-16gb-nvidia-1030-2gb-ddr5\/\",\"name\":\"Computador de jogos i7 16GB Nvidia 1030 2G DDR5 + Monitor & Kit de jogos\",\"isPartOf\":{\"@id\":\"https:\/\/pcstock.es\/pt-pt\/#website\"},\"datePublished\":\"2021-12-04T15:53:47+00:00\",\"dateModified\":\"2022-09-24T07:41:35+00:00\",\"description\":\"Computador de jogos i7, 16GB + Monitor + Kit de jogos \u2713 Recondicionado \u2713 Unidades limitadas \u2713 1 ano de garantia \u2713 Envio gratuito\",\"breadcrumb\":{\"@id\":\"https:\/\/pcstock.es\/pt-pt\/producto\/ordenador-gaming-completo-fugitsu-i7-3-6ghz-16gb-nvidia-1030-2gb-ddr5\/#breadcrumb\"},\"inLanguage\":\"pt-PT\",\"potentialAction\":[{\"@type\":\"ReadAction\",\"target\":[\"https:\/\/pcstock.es\/pt-pt\/producto\/ordenador-gaming-completo-fugitsu-i7-3-6ghz-16gb-nvidia-1030-2gb-ddr5\/\"]}]},{\"@type\":\"BreadcrumbList\",\"@id\":\"https:\/\/pcstock.es\/pt-pt\/producto\/ordenador-gaming-completo-fugitsu-i7-3-6ghz-16gb-nvidia-1030-2gb-ddr5\/#breadcrumb\",\"itemListElement\":[{\"@type\":\"ListItem\",\"position\":1,\"name\":\"Portada\",\"item\":\"https:\/\/pcstock.es\/pt-pt\/\"},{\"@type\":\"ListItem\",\"position\":2,\"name\":\"Loja\",\"item\":\"https:\/\/pcstock.es\/pt-pt\/loja\/\"},{\"@type\":\"ListItem\",\"position\":3,\"name\":\"Fujitsu Full Gaming Computer i7 3.6GHz 16GB Nvidia 1030 2GB DDR5\"}]},{\"@type\":\"WebSite\",\"@id\":\"https:\/\/pcstock.es\/pt-pt\/#website\",\"url\":\"https:\/\/pcstock.es\/pt-pt\/\",\"name\":\"PC STOCK\",\"description\":\"Ordenadores reacondicionados y accesorios tecnol\u00f3gicos\",\"publisher\":{\"@id\":\"https:\/\/pcstock.es\/pt-pt\/#organization\"},\"potentialAction\":[{\"@type\":\"SearchAction\",\"target\":{\"@type\":\"EntryPoint\",\"urlTemplate\":\"https:\/\/pcstock.es\/pt-pt\/?s={search_term_string}\"},\"query-input\":\"required name=search_term_string\"}],\"inLanguage\":\"pt-PT\"},{\"@type\":\"Organization\",\"@id\":\"https:\/\/pcstock.es\/pt-pt\/#organization\",\"name\":\"Pc Stock\",\"url\":\"https:\/\/pcstock.es\/pt-pt\/\",\"logo\":{\"@type\":\"ImageObject\",\"inLanguage\":\"pt-PT\",\"@id\":\"https:\/\/pcstock.es\/pt-pt\/#\/schema\/logo\/image\/\",\"url\":\"https:\/\/pcstock.es\/wp-content\/uploads\/2020\/11\/logo-pckstock-ordenadores-reacondicionados.png\",\"contentUrl\":\"https:\/\/pcstock.es\/wp-content\/uploads\/2020\/11\/logo-pckstock-ordenadores-reacondicionados.png\",\"width\":268,\"height\":93,\"caption\":\"Pc Stock\"},\"image\":{\"@id\":\"https:\/\/pcstock.es\/pt-pt\/#\/schema\/logo\/image\/\"}}]}<\/script>\n<!-- \/ Yoast SEO plugin. -->","yoast_head_json":{"title":"Computador de jogos i7 16GB Nvidia 1030 2G DDR5 + Monitor & Kit de jogos","description":"Computador de jogos i7, 16GB + Monitor + Kit de jogos \u2713 Recondicionado \u2713 Unidades limitadas \u2713 1 ano de garantia \u2713 Envio gratuito","robots":{"index":"index","follow":"follow","max-snippet":"max-snippet:-1","max-image-preview":"max-image-preview:large","max-video-preview":"max-video-preview:-1"},"canonical":"https:\/\/pcstock.es\/pt-pt\/producto\/ordenador-gaming-completo-fugitsu-i7-3-6ghz-16gb-nvidia-1030-2gb-ddr5\/","og_locale":"pt_PT","og_type":"article","og_title":"Computador de jogos i7 16GB Nvidia 1030 2G DDR5 + Monitor & Kit de jogos","og_description":"Computador de jogos i7, 16GB + Monitor + Kit de jogos \u2713 Recondicionado \u2713 Unidades limitadas \u2713 1 ano de garantia \u2713 Envio gratuito","og_url":"https:\/\/pcstock.es\/pt-pt\/producto\/ordenador-gaming-completo-fugitsu-i7-3-6ghz-16gb-nvidia-1030-2gb-ddr5\/","og_site_name":"PC STOCK","article_modified_time":"2022-09-24T07:41:35+00:00","og_image":[{"width":800,"height":800,"url":"https:\/\/pcstock.es\/wp-content\/uploads\/2021\/12\/Ordenador-gaming-completo-fugitsu-i7-3.60Ghz-16GB-480ssd-Nvidia-1030-2GB-DDR5.webp","type":"image\/webp"}],"twitter_card":"summary_large_image","twitter_misc":{"Est. reading time":"1 minute"},"schema":{"@context":"https:\/\/schema.org","@graph":[{"@type":"WebPage","@id":"https:\/\/pcstock.es\/pt-pt\/producto\/ordenador-gaming-completo-fugitsu-i7-3-6ghz-16gb-nvidia-1030-2gb-ddr5\/","url":"https:\/\/pcstock.es\/pt-pt\/producto\/ordenador-gaming-completo-fugitsu-i7-3-6ghz-16gb-nvidia-1030-2gb-ddr5\/","name":"Computador de jogos i7 16GB Nvidia 1030 2G DDR5 + Monitor & Kit de jogos","isPartOf":{"@id":"https:\/\/pcstock.es\/pt-pt\/#website"},"datePublished":"2021-12-04T15:53:47+00:00","dateModified":"2022-09-24T07:41:35+00:00","description":"Computador de jogos i7, 16GB + Monitor + Kit de jogos \u2713 Recondicionado \u2713 Unidades limitadas \u2713 1 ano de garantia \u2713 Envio gratuito","breadcrumb":{"@id":"https:\/\/pcstock.es\/pt-pt\/producto\/ordenador-gaming-completo-fugitsu-i7-3-6ghz-16gb-nvidia-1030-2gb-ddr5\/#breadcrumb"},"inLanguage":"pt-PT","potentialAction":[{"@type":"ReadAction","target":["https:\/\/pcstock.es\/pt-pt\/producto\/ordenador-gaming-completo-fugitsu-i7-3-6ghz-16gb-nvidia-1030-2gb-ddr5\/"]}]},{"@type":"BreadcrumbList","@id":"https:\/\/pcstock.es\/pt-pt\/producto\/ordenador-gaming-completo-fugitsu-i7-3-6ghz-16gb-nvidia-1030-2gb-ddr5\/#breadcrumb","itemListElement":[{"@type":"ListItem","position":1,"name":"Portada","item":"https:\/\/pcstock.es\/pt-pt\/"},{"@type":"ListItem","position":2,"name":"Loja","item":"https:\/\/pcstock.es\/pt-pt\/loja\/"},{"@type":"ListItem","position":3,"name":"Fujitsu Full Gaming Computer i7 3.6GHz 16GB Nvidia 1030 2GB DDR5"}]},{"@type":"WebSite","@id":"https:\/\/pcstock.es\/pt-pt\/#website","url":"https:\/\/pcstock.es\/pt-pt\/","name":"PC STOCK","description":"Ordenadores reacondicionados y accesorios tecnol\u00f3gicos","publisher":{"@id":"https:\/\/pcstock.es\/pt-pt\/#organization"},"potentialAction":[{"@type":"SearchAction","target":{"@type":"EntryPoint","urlTemplate":"https:\/\/pcstock.es\/pt-pt\/?s={search_term_string}"},"query-input":"required name=search_term_string"}],"inLanguage":"pt-PT"},{"@type":"Organization","@id":"https:\/\/pcstock.es\/pt-pt\/#organization","name":"Pc Stock","url":"https:\/\/pcstock.es\/pt-pt\/","logo":{"@type":"ImageObject","inLanguage":"pt-PT","@id":"https:\/\/pcstock.es\/pt-pt\/#\/schema\/logo\/image\/","url":"https:\/\/pcstock.es\/wp-content\/uploads\/2020\/11\/logo-pckstock-ordenadores-reacondicionados.png","contentUrl":"https:\/\/pcstock.es\/wp-content\/uploads\/2020\/11\/logo-pckstock-ordenadores-reacondicionados.png","width":268,"height":93,"caption":"Pc Stock"},"image":{"@id":"https:\/\/pcstock.es\/pt-pt\/#\/schema\/logo\/image\/"}}]}},"_links":{"self":[{"href":"https:\/\/pcstock.es\/pt-pt\/wp-json\/wp\/v2\/product\/2144"}],"collection":[{"href":"https:\/\/pcstock.es\/pt-pt\/wp-json\/wp\/v2\/product"}],"about":[{"href":"https:\/\/pcstock.es\/pt-pt\/wp-json\/wp\/v2\/types\/product"}],"replies":[{"embeddable":true,"href":"https:\/\/pcstock.es\/pt-pt\/wp-json\/wp\/v2\/comments?post=2144"}],"wp:featuredmedia":[{"embeddable":true,"href":"https:\/\/pcstock.es\/pt-pt\/wp-json\/wp\/v2\/media\/2229"}],"wp:attachment":[{"href":"https:\/\/pcstock.es\/pt-pt\/wp-json\/wp\/v2\/media?parent=2144"}],"wp:term":[{"taxonomy":"product_cat","embeddable":true,"href":"https:\/\/pcstock.es\/pt-pt\/wp-json\/wp\/v2\/product_cat?post=2144"},{"taxonomy":"product_tag","embeddable":true,"href":"https:\/\/pcstock.es\/pt-pt\/wp-json\/wp\/v2\/product_tag?post=2144"}],"curies":[{"name":"wp","href":"https:\/\/api.w.org\/{rel}","templated":true}]}}