
{"id":2081,"date":"2021-11-25T15:06:22","date_gmt":"2021-11-27T16:15:57","guid":{"rendered":"https:\/\/pcstock.es\/producto\/torre-de-jogo-hp-elitedesk-800-g1-i5-3-20-ghz\/"},"modified":"2021-11-28T08:57:48","modified_gmt":"2021-11-28T08:57:48","slug":"torre-gaming-hp-elitedesk-800-g1-i5-3-20-ghz","status":"publish","type":"product","link":"https:\/\/pcstock.es\/pt-pt\/producto\/torre-gaming-hp-elitedesk-800-g1-i5-3-20-ghz\/","title":{"rendered":"Torre de jogo HP EliteDesk 800 G1 i5 3.20 GHz"},"content":{"rendered":"<p><strong>Computador de torre HP EliteDesk remodelado<\/strong> com processador<strong> Intel Core i5<\/strong> <strong>3.20 Ghz<\/strong>, <strong>4GB de RAM<\/strong> e <strong>disco r\u00edgido de 500 GB<\/strong>. Voc\u00ea pode pensar que para ter seu pr\u00f3prio computador desktop voc\u00ea precisa de um grande investimento, no entanto, com esta torre de computador de or\u00e7amento, voc\u00ea pode ter um computador<strong> desktop barato<\/strong> sem fazer um grande desembolso financeiro.<\/p>\n<p>Com esta fant\u00e1stica torre de computador, voc\u00ea pode n\u00e3o s\u00f3 jogar jogos, mas tamb\u00e9m telecomunica\u00e7\u00e3o, estudar e instalar qualquer ferramenta de escrit\u00f3rio.<\/p>\n<p>Voc\u00ea quer construir seu pr\u00f3prio PC de jogo? Transforme esta torre remodelada numa <strong>torre de jogo HP i5 3.20 GHz<\/strong> actualizando as suas capacidades, adicionando mais mem\u00f3ria, disco r\u00edgido e melhorando os seus gr\u00e1ficos. Com nossos upgrades, <strong>voc\u00ea pode ter at\u00e9 16 GB de RAM e placa gr\u00e1fica Nvidia 1030 2G DDR5<\/strong> e criar seu pr\u00f3prio <strong>computador de jogo barato<\/strong> para jogar seus jogos favoritos. O que voc\u00ea est\u00e1 esperando para construir sua pr\u00f3pria<strong> torre de jogo barata<\/strong> para jogar fortnite, lol, minecraft ou qualquer um de seus esportes eletr\u00f4nicos favoritos?<\/p>\n<p>E se eu lhe dissesse que todos os nossos produtos <strong>v\u00eam com um ano de garantia<\/strong>? De que est\u00e1s \u00e0 espera? Para acabar?<\/p>\n<p>N\u00f3s ainda temos mais! Se voc\u00ea \u00e9 um daqueles que quer jogar desde o primeiro momento, aproveite a nossa fant\u00e1stica promo\u00e7\u00e3o para comprar o seu<a href=\"https:\/\/pcstock.es\/pt-pt\/producto\/pc-gaming-completo-hp-elitedesk-i5-3-20-ghz-16gb-nvidia-1030\/\"><br \/>\n  <strong> computador desktop de jogos completo <\/strong><br \/>\n<\/a>exclusiva torre de jogo remodelada.<\/p>\n<p>&nbsp;<\/p>\n","protected":false},"excerpt":{"rendered":"<p>Desfrute desta poderosa<strong> torre de jogo HP<\/strong> com processador Intel i5 a um pre\u00e7o insano. Desfrute dos seus jogos favoritos nesta torre de PC a um pre\u00e7o muito baixo. <strong>Voc\u00ea n\u00e3o encontrar\u00e1 PCs para jogos a este pre\u00e7o e<\/strong> com estas especifica\u00e7\u00f5es em nenhuma outra loja.<\/p>\n<p>Gostaria de ter um <strong>computador barato para jogar minecraft ou qualquer um dos seus jogos favoritos<\/strong>? Com nossas atualiza\u00e7\u00f5es de mem\u00f3ria e gr\u00e1ficos, voc\u00ea pode construir um <strong>computador de jogo barato<\/strong>, <strong>compr\u00e1-lo agora e t\u00ea-lo em casa em alguns dias!<\/strong><\/p>\n<p>Corre, estamos esgotados!<\/p>\n","protected":false},"featured_media":2026,"comment_status":"open","ping_status":"closed","template":"","meta":[],"product_cat":[189,187],"product_tag":[],"yoast_head":"<!-- This site is optimized with the Yoast SEO plugin v20.6 - https:\/\/yoast.com\/wordpress\/plugins\/seo\/ -->\n<title>Torre de jogo HP EliteDesk 800 G1 i5 3.20 GHz - PC STOCK<\/title>\n<meta name=\"description\" content=\"Oportunidade! Obtenha esta fant\u00e1stica torre de jogo HP com processador Intel i5 3.20 GHz. \u2713 Unidades limitadas \u2713 1 ano de garantia\" \/>\n<meta name=\"robots\" content=\"index, follow, max-snippet:-1, max-image-preview:large, max-video-preview:-1\" \/>\n<link rel=\"canonical\" href=\"https:\/\/pcstock.es\/pt-pt\/producto\/torre-gaming-hp-elitedesk-800-g1-i5-3-20-ghz\/\" \/>\n<meta property=\"og:locale\" content=\"pt_PT\" \/>\n<meta property=\"og:type\" content=\"article\" \/>\n<meta property=\"og:title\" content=\"Torre de jogo HP EliteDesk 800 G1 i5 3.20 GHz - PC STOCK\" \/>\n<meta property=\"og:description\" content=\"Oportunidade! Obtenha esta fant\u00e1stica torre de jogo HP com processador Intel i5 3.20 GHz. \u2713 Unidades limitadas \u2713 1 ano de garantia\" \/>\n<meta property=\"og:url\" content=\"https:\/\/pcstock.es\/pt-pt\/producto\/torre-gaming-hp-elitedesk-800-g1-i5-3-20-ghz\/\" \/>\n<meta property=\"og:site_name\" content=\"PC STOCK\" \/>\n<meta property=\"article:modified_time\" content=\"2021-11-28T08:57:48+00:00\" \/>\n<meta property=\"og:image\" content=\"https:\/\/pcstock.es\/wp-content\/uploads\/2021\/11\/Torre-Gaming-HP-EliteDesk-800-G1-i5-3.20-GHz.webp\" \/>\n\t<meta property=\"og:image:width\" content=\"800\" \/>\n\t<meta property=\"og:image:height\" content=\"800\" \/>\n\t<meta property=\"og:image:type\" content=\"image\/webp\" \/>\n<meta name=\"twitter:card\" content=\"summary_large_image\" \/>\n<meta name=\"twitter:label1\" content=\"Est. reading time\" \/>\n\t<meta name=\"twitter:data1\" content=\"1 minute\" \/>\n<script type=\"application\/ld+json\" class=\"yoast-schema-graph\">{\"@context\":\"https:\/\/schema.org\",\"@graph\":[{\"@type\":\"WebPage\",\"@id\":\"https:\/\/pcstock.es\/pt-pt\/producto\/torre-gaming-hp-elitedesk-800-g1-i5-3-20-ghz\/\",\"url\":\"https:\/\/pcstock.es\/pt-pt\/producto\/torre-gaming-hp-elitedesk-800-g1-i5-3-20-ghz\/\",\"name\":\"Torre de jogo HP EliteDesk 800 G1 i5 3.20 GHz - PC STOCK\",\"isPartOf\":{\"@id\":\"https:\/\/pcstock.es\/pt-pt\/#website\"},\"datePublished\":\"2021-11-27T16:15:57+00:00\",\"dateModified\":\"2021-11-28T08:57:48+00:00\",\"description\":\"Oportunidade! Obtenha esta fant\u00e1stica torre de jogo HP com processador Intel i5 3.20 GHz. \u2713 Unidades limitadas \u2713 1 ano de garantia\",\"breadcrumb\":{\"@id\":\"https:\/\/pcstock.es\/pt-pt\/producto\/torre-gaming-hp-elitedesk-800-g1-i5-3-20-ghz\/#breadcrumb\"},\"inLanguage\":\"pt-PT\",\"potentialAction\":[{\"@type\":\"ReadAction\",\"target\":[\"https:\/\/pcstock.es\/pt-pt\/producto\/torre-gaming-hp-elitedesk-800-g1-i5-3-20-ghz\/\"]}]},{\"@type\":\"BreadcrumbList\",\"@id\":\"https:\/\/pcstock.es\/pt-pt\/producto\/torre-gaming-hp-elitedesk-800-g1-i5-3-20-ghz\/#breadcrumb\",\"itemListElement\":[{\"@type\":\"ListItem\",\"position\":1,\"name\":\"Portada\",\"item\":\"https:\/\/pcstock.es\/pt-pt\/\"},{\"@type\":\"ListItem\",\"position\":2,\"name\":\"Loja\",\"item\":\"https:\/\/pcstock.es\/pt-pt\/loja\/\"},{\"@type\":\"ListItem\",\"position\":3,\"name\":\"Torre de jogo HP EliteDesk 800 G1 i5 3.20 GHz\"}]},{\"@type\":\"WebSite\",\"@id\":\"https:\/\/pcstock.es\/pt-pt\/#website\",\"url\":\"https:\/\/pcstock.es\/pt-pt\/\",\"name\":\"PC STOCK\",\"description\":\"Ordenadores reacondicionados y accesorios tecnol\u00f3gicos\",\"publisher\":{\"@id\":\"https:\/\/pcstock.es\/pt-pt\/#organization\"},\"potentialAction\":[{\"@type\":\"SearchAction\",\"target\":{\"@type\":\"EntryPoint\",\"urlTemplate\":\"https:\/\/pcstock.es\/pt-pt\/?s={search_term_string}\"},\"query-input\":\"required name=search_term_string\"}],\"inLanguage\":\"pt-PT\"},{\"@type\":\"Organization\",\"@id\":\"https:\/\/pcstock.es\/pt-pt\/#organization\",\"name\":\"Pc Stock\",\"url\":\"https:\/\/pcstock.es\/pt-pt\/\",\"logo\":{\"@type\":\"ImageObject\",\"inLanguage\":\"pt-PT\",\"@id\":\"https:\/\/pcstock.es\/pt-pt\/#\/schema\/logo\/image\/\",\"url\":\"https:\/\/pcstock.es\/wp-content\/uploads\/2020\/11\/logo-pckstock-ordenadores-reacondicionados.png\",\"contentUrl\":\"https:\/\/pcstock.es\/wp-content\/uploads\/2020\/11\/logo-pckstock-ordenadores-reacondicionados.png\",\"width\":268,\"height\":93,\"caption\":\"Pc Stock\"},\"image\":{\"@id\":\"https:\/\/pcstock.es\/pt-pt\/#\/schema\/logo\/image\/\"}}]}<\/script>\n<!-- \/ Yoast SEO plugin. -->","yoast_head_json":{"title":"Torre de jogo HP EliteDesk 800 G1 i5 3.20 GHz - PC STOCK","description":"Oportunidade! Obtenha esta fant\u00e1stica torre de jogo HP com processador Intel i5 3.20 GHz. \u2713 Unidades limitadas \u2713 1 ano de garantia","robots":{"index":"index","follow":"follow","max-snippet":"max-snippet:-1","max-image-preview":"max-image-preview:large","max-video-preview":"max-video-preview:-1"},"canonical":"https:\/\/pcstock.es\/pt-pt\/producto\/torre-gaming-hp-elitedesk-800-g1-i5-3-20-ghz\/","og_locale":"pt_PT","og_type":"article","og_title":"Torre de jogo HP EliteDesk 800 G1 i5 3.20 GHz - PC STOCK","og_description":"Oportunidade! Obtenha esta fant\u00e1stica torre de jogo HP com processador Intel i5 3.20 GHz. \u2713 Unidades limitadas \u2713 1 ano de garantia","og_url":"https:\/\/pcstock.es\/pt-pt\/producto\/torre-gaming-hp-elitedesk-800-g1-i5-3-20-ghz\/","og_site_name":"PC STOCK","article_modified_time":"2021-11-28T08:57:48+00:00","og_image":[{"width":800,"height":800,"url":"https:\/\/pcstock.es\/wp-content\/uploads\/2021\/11\/Torre-Gaming-HP-EliteDesk-800-G1-i5-3.20-GHz.webp","type":"image\/webp"}],"twitter_card":"summary_large_image","twitter_misc":{"Est. reading time":"1 minute"},"schema":{"@context":"https:\/\/schema.org","@graph":[{"@type":"WebPage","@id":"https:\/\/pcstock.es\/pt-pt\/producto\/torre-gaming-hp-elitedesk-800-g1-i5-3-20-ghz\/","url":"https:\/\/pcstock.es\/pt-pt\/producto\/torre-gaming-hp-elitedesk-800-g1-i5-3-20-ghz\/","name":"Torre de jogo HP EliteDesk 800 G1 i5 3.20 GHz - PC STOCK","isPartOf":{"@id":"https:\/\/pcstock.es\/pt-pt\/#website"},"datePublished":"2021-11-27T16:15:57+00:00","dateModified":"2021-11-28T08:57:48+00:00","description":"Oportunidade! Obtenha esta fant\u00e1stica torre de jogo HP com processador Intel i5 3.20 GHz. \u2713 Unidades limitadas \u2713 1 ano de garantia","breadcrumb":{"@id":"https:\/\/pcstock.es\/pt-pt\/producto\/torre-gaming-hp-elitedesk-800-g1-i5-3-20-ghz\/#breadcrumb"},"inLanguage":"pt-PT","potentialAction":[{"@type":"ReadAction","target":["https:\/\/pcstock.es\/pt-pt\/producto\/torre-gaming-hp-elitedesk-800-g1-i5-3-20-ghz\/"]}]},{"@type":"BreadcrumbList","@id":"https:\/\/pcstock.es\/pt-pt\/producto\/torre-gaming-hp-elitedesk-800-g1-i5-3-20-ghz\/#breadcrumb","itemListElement":[{"@type":"ListItem","position":1,"name":"Portada","item":"https:\/\/pcstock.es\/pt-pt\/"},{"@type":"ListItem","position":2,"name":"Loja","item":"https:\/\/pcstock.es\/pt-pt\/loja\/"},{"@type":"ListItem","position":3,"name":"Torre de jogo HP EliteDesk 800 G1 i5 3.20 GHz"}]},{"@type":"WebSite","@id":"https:\/\/pcstock.es\/pt-pt\/#website","url":"https:\/\/pcstock.es\/pt-pt\/","name":"PC STOCK","description":"Ordenadores reacondicionados y accesorios tecnol\u00f3gicos","publisher":{"@id":"https:\/\/pcstock.es\/pt-pt\/#organization"},"potentialAction":[{"@type":"SearchAction","target":{"@type":"EntryPoint","urlTemplate":"https:\/\/pcstock.es\/pt-pt\/?s={search_term_string}"},"query-input":"required name=search_term_string"}],"inLanguage":"pt-PT"},{"@type":"Organization","@id":"https:\/\/pcstock.es\/pt-pt\/#organization","name":"Pc Stock","url":"https:\/\/pcstock.es\/pt-pt\/","logo":{"@type":"ImageObject","inLanguage":"pt-PT","@id":"https:\/\/pcstock.es\/pt-pt\/#\/schema\/logo\/image\/","url":"https:\/\/pcstock.es\/wp-content\/uploads\/2020\/11\/logo-pckstock-ordenadores-reacondicionados.png","contentUrl":"https:\/\/pcstock.es\/wp-content\/uploads\/2020\/11\/logo-pckstock-ordenadores-reacondicionados.png","width":268,"height":93,"caption":"Pc Stock"},"image":{"@id":"https:\/\/pcstock.es\/pt-pt\/#\/schema\/logo\/image\/"}}]}},"_links":{"self":[{"href":"https:\/\/pcstock.es\/pt-pt\/wp-json\/wp\/v2\/product\/2081"}],"collection":[{"href":"https:\/\/pcstock.es\/pt-pt\/wp-json\/wp\/v2\/product"}],"about":[{"href":"https:\/\/pcstock.es\/pt-pt\/wp-json\/wp\/v2\/types\/product"}],"replies":[{"embeddable":true,"href":"https:\/\/pcstock.es\/pt-pt\/wp-json\/wp\/v2\/comments?post=2081"}],"wp:featuredmedia":[{"embeddable":true,"href":"https:\/\/pcstock.es\/pt-pt\/wp-json\/wp\/v2\/media\/2026"}],"wp:attachment":[{"href":"https:\/\/pcstock.es\/pt-pt\/wp-json\/wp\/v2\/media?parent=2081"}],"wp:term":[{"taxonomy":"product_cat","embeddable":true,"href":"https:\/\/pcstock.es\/pt-pt\/wp-json\/wp\/v2\/product_cat?post=2081"},{"taxonomy":"product_tag","embeddable":true,"href":"https:\/\/pcstock.es\/pt-pt\/wp-json\/wp\/v2\/product_tag?post=2081"}],"curies":[{"name":"wp","href":"https:\/\/api.w.org\/{rel}","templated":true}]}}