
{"id":2020,"date":"2021-11-21T09:20:55","date_gmt":"2021-11-24T21:18:39","guid":{"rendered":"https:\/\/pcstock.es\/producto\/lenovo-gaming-pc-i5-3-10ghz-12gb-480gb-ssd-nvidia-1030-2g-ddr5\/"},"modified":"2022-09-24T07:42:40","modified_gmt":"2022-09-24T07:42:40","slug":"pc-gaming-lenovo-i5-3-10ghz-16gb-480gb-ssd-nvidia-1030-2g-ddr5","status":"publish","type":"product","link":"https:\/\/pcstock.es\/pt-pt\/producto\/pc-gaming-lenovo-i5-3-10ghz-16gb-480gb-ssd-nvidia-1030-2g-ddr5\/","title":{"rendered":"Lenovo Gaming PC i5 (3.10Ghz) 16GB 480GB SSD Nvidia 1030 2G DDR5"},"content":{"rendered":"<p>Desfrute deste poderoso <strong>PC de jogos Lenovo com processador Intel i5 a 3.10Ghz, 16GB de RAM, 480GB de disco r\u00edgido SSD e placa gr\u00e1fica Nvidia 1030 2GB DDR5 <\/strong>.  <\/p>\n<p>Voc\u00ea pode pensar que para comprar um PC de jogo voc\u00ea precisa de muito dinheiro &#8211; 1.500 euros, talvez 2.000 euros? Na Pc Stock damos-lhe a oportunidade de <b>comprar um computador de jogo barato,<\/b> com um poder e especifica\u00e7\u00f5es que n\u00e3o encontrar\u00e1 em mais lado nenhum<b>.<\/b><\/p>\n<p>Com este <strong>PC de jogo completo<\/strong> <strong>voc\u00ea pode jogar absolutamente todos os seus jogos favoritos <\/strong>e<strong> economizar mais de 1.000 euros!<\/strong><\/p>\n<p>Com a nossa promo\u00e7\u00e3o, inclu\u00edmos tamb\u00e9m <strong>um monitor de 22 polegadas<\/strong> e um <strong>fant\u00e1stico kit 4 em 1 para jogadores<\/strong> que inclui:<\/p>\n<ul>\n<li>Rato gaming de seis bot\u00f5es<\/li>\n<li>Tapete de rato<\/li>\n<li>Teclado retroiluminado<\/li>\n<li>Auscultadores<\/li>\n<\/ul>\n<p>Precisas de algo mais poderoso? N\u00f3s damos-lhe v\u00e1rias op\u00e7\u00f5es:<\/p>\n<ul>\n<li>Este fant\u00e1stico <a href=\"https:\/\/pcstock.es\/pt-pt\/producto\/pc-gaming-i5-lenovo-i5-2-90ghz-16gb-420gb-ssd\/\"><br \/>\n  <strong>Intel i5 PC de mesa de jogo por menos de 500 euros<\/strong><br \/>\n<\/a><\/li>\n<li>A nossa fant\u00e1stica promo\u00e7\u00e3o de <a href=\"https:\/\/pcstock.es\/pt-pt\/producto\/ordenador-gaming-completo-lenovo-m83-i5-4agen-3-20ghz-16gb-480-ssd-nvidia-1030-2gb-ddr5\/\"><br \/>\n  <strong>jogador de computador<\/strong><br \/>\n<\/a><\/li>\n<\/ul>\n<p>Ningu\u00e9m, absolutamente ningu\u00e9m, lhe dar\u00e1 mais por este pre\u00e7o. De que est\u00e1s \u00e0 espera?<\/p>\n","protected":false},"excerpt":{"rendered":"<p><strong>Comprando um PC de jogo por menos de 500 euros<\/strong>? Isto pode ser real? Sim, \u00e9!<\/p>\n<p>Com o nosso poderoso PC Lenovo remodelado com <strong>processador i5<\/strong>, <strong>16GB RAM, 480GB SSD<\/strong> e a poderosa placa gr\u00e1fica <strong>Nvidia 1030 2GB DDR5 <\/strong>, nenhum jogo ser\u00e1 capaz de lhe resistir. N\u00e3o perca a oportunidade de ter um <strong>PC de jogo barato<\/strong> a um pre\u00e7o como voc\u00ea nunca viu antes! E com esta promo\u00e7\u00e3o voc\u00ea pode se sentar para jogar desde o primeiro minuto, j\u00e1 que <strong>inclu\u00edmos um monitor e um kit de jogo<\/strong>.<\/p>\n<p>Precisas de algo mais poderoso? Experimente a nossa vers\u00e3o de <a href=\"\/ordenador-gaming-completo-hp-8300-i7-16gb\"><br \/>\n  <strong>computador de jogo barato com processador i7<\/strong><br \/>\n<\/a><\/p>\n<p><strong><span style=\"color: #ee0a89;\">PROMO\u00c7\u00c3O<\/span><\/strong><br \/>\nEsta promo\u00e7\u00e3o inclui os seguintes itens:<\/p>\n<ul>\n<li><a href=\"\/producto\/ordenador-gaming-barato-lenovo-thinkcentre-m91p-i5-2400-3-10ghz-8gb-250gb\/\">Computador de Jogos Lenovo ThinkCentre M91p i5-2400 (3.10Ghz)<\/a><\/li>\n<li>Monitor de 22 polegadas<\/li>\n<li>Rato gaming de seis bot\u00f5es<\/li>\n<li>Tapete de rato<\/li>\n<li>Teclado retroiluminado<\/li>\n<li>Auscultadores<\/li>\n<\/ul>\n","protected":false},"featured_media":2015,"comment_status":"open","ping_status":"closed","template":"","meta":[],"product_cat":[189],"product_tag":[194],"yoast_head":"<!-- This site is optimized with the Yoast SEO plugin v20.6 - https:\/\/yoast.com\/wordpress\/plugins\/seo\/ -->\n<title>PC Gaming i5 16GB Nvidia 1030 - PC STOCK<\/title>\n<meta name=\"description\" content=\"Desfrute de um fant\u00e1stico computador de jogo com processador i5 por menos de 500 euros! N\u00famero limitado de unidades \u2713 1 ano de garantia \u2713 1 ano de garantia\" \/>\n<meta name=\"robots\" content=\"index, follow, max-snippet:-1, max-image-preview:large, max-video-preview:-1\" \/>\n<link rel=\"canonical\" href=\"https:\/\/pcstock.es\/pt-pt\/producto\/pc-gaming-lenovo-i5-3-10ghz-16gb-480gb-ssd-nvidia-1030-2g-ddr5\/\" \/>\n<meta property=\"og:locale\" content=\"pt_PT\" \/>\n<meta property=\"og:type\" content=\"article\" \/>\n<meta property=\"og:title\" content=\"PC Gaming i5 16GB Nvidia 1030 - PC STOCK\" \/>\n<meta property=\"og:description\" content=\"Desfrute de um fant\u00e1stico computador de jogo com processador i5 por menos de 500 euros! N\u00famero limitado de unidades \u2713 1 ano de garantia \u2713 1 ano de garantia\" \/>\n<meta property=\"og:url\" content=\"https:\/\/pcstock.es\/pt-pt\/producto\/pc-gaming-lenovo-i5-3-10ghz-16gb-480gb-ssd-nvidia-1030-2g-ddr5\/\" \/>\n<meta property=\"og:site_name\" content=\"PC STOCK\" \/>\n<meta property=\"article:modified_time\" content=\"2022-09-24T07:42:40+00:00\" \/>\n<meta property=\"og:image\" content=\"https:\/\/pcstock.es\/wp-content\/uploads\/2021\/11\/pc-gaming-completo-lenovo-i5-3-10ghz-16gb-480gb-ssd-nvidia-1030-2g-ddr5.webp\" \/>\n\t<meta property=\"og:image:width\" content=\"800\" \/>\n\t<meta property=\"og:image:height\" content=\"800\" \/>\n\t<meta property=\"og:image:type\" content=\"image\/webp\" \/>\n<meta name=\"twitter:card\" content=\"summary_large_image\" \/>\n<meta name=\"twitter:label1\" content=\"Est. reading time\" \/>\n\t<meta name=\"twitter:data1\" content=\"1 minute\" \/>\n<script type=\"application\/ld+json\" class=\"yoast-schema-graph\">{\"@context\":\"https:\/\/schema.org\",\"@graph\":[{\"@type\":\"WebPage\",\"@id\":\"https:\/\/pcstock.es\/pt-pt\/producto\/pc-gaming-lenovo-i5-3-10ghz-16gb-480gb-ssd-nvidia-1030-2g-ddr5\/\",\"url\":\"https:\/\/pcstock.es\/pt-pt\/producto\/pc-gaming-lenovo-i5-3-10ghz-16gb-480gb-ssd-nvidia-1030-2g-ddr5\/\",\"name\":\"PC Gaming i5 16GB Nvidia 1030 - PC STOCK\",\"isPartOf\":{\"@id\":\"https:\/\/pcstock.es\/pt-pt\/#website\"},\"datePublished\":\"2021-11-24T21:18:39+00:00\",\"dateModified\":\"2022-09-24T07:42:40+00:00\",\"description\":\"Desfrute de um fant\u00e1stico computador de jogo com processador i5 por menos de 500 euros! N\u00famero limitado de unidades \u2713 1 ano de garantia \u2713 1 ano de garantia\",\"breadcrumb\":{\"@id\":\"https:\/\/pcstock.es\/pt-pt\/producto\/pc-gaming-lenovo-i5-3-10ghz-16gb-480gb-ssd-nvidia-1030-2g-ddr5\/#breadcrumb\"},\"inLanguage\":\"pt-PT\",\"potentialAction\":[{\"@type\":\"ReadAction\",\"target\":[\"https:\/\/pcstock.es\/pt-pt\/producto\/pc-gaming-lenovo-i5-3-10ghz-16gb-480gb-ssd-nvidia-1030-2g-ddr5\/\"]}]},{\"@type\":\"BreadcrumbList\",\"@id\":\"https:\/\/pcstock.es\/pt-pt\/producto\/pc-gaming-lenovo-i5-3-10ghz-16gb-480gb-ssd-nvidia-1030-2g-ddr5\/#breadcrumb\",\"itemListElement\":[{\"@type\":\"ListItem\",\"position\":1,\"name\":\"Portada\",\"item\":\"https:\/\/pcstock.es\/pt-pt\/\"},{\"@type\":\"ListItem\",\"position\":2,\"name\":\"Loja\",\"item\":\"https:\/\/pcstock.es\/pt-pt\/loja\/\"},{\"@type\":\"ListItem\",\"position\":3,\"name\":\"Lenovo Gaming PC i5 (3.10Ghz) 16GB 480GB SSD Nvidia 1030 2G DDR5\"}]},{\"@type\":\"WebSite\",\"@id\":\"https:\/\/pcstock.es\/pt-pt\/#website\",\"url\":\"https:\/\/pcstock.es\/pt-pt\/\",\"name\":\"PC STOCK\",\"description\":\"Ordenadores reacondicionados y accesorios tecnol\u00f3gicos\",\"publisher\":{\"@id\":\"https:\/\/pcstock.es\/pt-pt\/#organization\"},\"potentialAction\":[{\"@type\":\"SearchAction\",\"target\":{\"@type\":\"EntryPoint\",\"urlTemplate\":\"https:\/\/pcstock.es\/pt-pt\/?s={search_term_string}\"},\"query-input\":\"required name=search_term_string\"}],\"inLanguage\":\"pt-PT\"},{\"@type\":\"Organization\",\"@id\":\"https:\/\/pcstock.es\/pt-pt\/#organization\",\"name\":\"Pc Stock\",\"url\":\"https:\/\/pcstock.es\/pt-pt\/\",\"logo\":{\"@type\":\"ImageObject\",\"inLanguage\":\"pt-PT\",\"@id\":\"https:\/\/pcstock.es\/pt-pt\/#\/schema\/logo\/image\/\",\"url\":\"https:\/\/pcstock.es\/wp-content\/uploads\/2020\/11\/logo-pckstock-ordenadores-reacondicionados.png\",\"contentUrl\":\"https:\/\/pcstock.es\/wp-content\/uploads\/2020\/11\/logo-pckstock-ordenadores-reacondicionados.png\",\"width\":268,\"height\":93,\"caption\":\"Pc Stock\"},\"image\":{\"@id\":\"https:\/\/pcstock.es\/pt-pt\/#\/schema\/logo\/image\/\"}}]}<\/script>\n<!-- \/ Yoast SEO plugin. -->","yoast_head_json":{"title":"PC Gaming i5 16GB Nvidia 1030 - PC STOCK","description":"Desfrute de um fant\u00e1stico computador de jogo com processador i5 por menos de 500 euros! N\u00famero limitado de unidades \u2713 1 ano de garantia \u2713 1 ano de garantia","robots":{"index":"index","follow":"follow","max-snippet":"max-snippet:-1","max-image-preview":"max-image-preview:large","max-video-preview":"max-video-preview:-1"},"canonical":"https:\/\/pcstock.es\/pt-pt\/producto\/pc-gaming-lenovo-i5-3-10ghz-16gb-480gb-ssd-nvidia-1030-2g-ddr5\/","og_locale":"pt_PT","og_type":"article","og_title":"PC Gaming i5 16GB Nvidia 1030 - PC STOCK","og_description":"Desfrute de um fant\u00e1stico computador de jogo com processador i5 por menos de 500 euros! N\u00famero limitado de unidades \u2713 1 ano de garantia \u2713 1 ano de garantia","og_url":"https:\/\/pcstock.es\/pt-pt\/producto\/pc-gaming-lenovo-i5-3-10ghz-16gb-480gb-ssd-nvidia-1030-2g-ddr5\/","og_site_name":"PC STOCK","article_modified_time":"2022-09-24T07:42:40+00:00","og_image":[{"width":800,"height":800,"url":"https:\/\/pcstock.es\/wp-content\/uploads\/2021\/11\/pc-gaming-completo-lenovo-i5-3-10ghz-16gb-480gb-ssd-nvidia-1030-2g-ddr5.webp","type":"image\/webp"}],"twitter_card":"summary_large_image","twitter_misc":{"Est. reading time":"1 minute"},"schema":{"@context":"https:\/\/schema.org","@graph":[{"@type":"WebPage","@id":"https:\/\/pcstock.es\/pt-pt\/producto\/pc-gaming-lenovo-i5-3-10ghz-16gb-480gb-ssd-nvidia-1030-2g-ddr5\/","url":"https:\/\/pcstock.es\/pt-pt\/producto\/pc-gaming-lenovo-i5-3-10ghz-16gb-480gb-ssd-nvidia-1030-2g-ddr5\/","name":"PC Gaming i5 16GB Nvidia 1030 - PC STOCK","isPartOf":{"@id":"https:\/\/pcstock.es\/pt-pt\/#website"},"datePublished":"2021-11-24T21:18:39+00:00","dateModified":"2022-09-24T07:42:40+00:00","description":"Desfrute de um fant\u00e1stico computador de jogo com processador i5 por menos de 500 euros! N\u00famero limitado de unidades \u2713 1 ano de garantia \u2713 1 ano de garantia","breadcrumb":{"@id":"https:\/\/pcstock.es\/pt-pt\/producto\/pc-gaming-lenovo-i5-3-10ghz-16gb-480gb-ssd-nvidia-1030-2g-ddr5\/#breadcrumb"},"inLanguage":"pt-PT","potentialAction":[{"@type":"ReadAction","target":["https:\/\/pcstock.es\/pt-pt\/producto\/pc-gaming-lenovo-i5-3-10ghz-16gb-480gb-ssd-nvidia-1030-2g-ddr5\/"]}]},{"@type":"BreadcrumbList","@id":"https:\/\/pcstock.es\/pt-pt\/producto\/pc-gaming-lenovo-i5-3-10ghz-16gb-480gb-ssd-nvidia-1030-2g-ddr5\/#breadcrumb","itemListElement":[{"@type":"ListItem","position":1,"name":"Portada","item":"https:\/\/pcstock.es\/pt-pt\/"},{"@type":"ListItem","position":2,"name":"Loja","item":"https:\/\/pcstock.es\/pt-pt\/loja\/"},{"@type":"ListItem","position":3,"name":"Lenovo Gaming PC i5 (3.10Ghz) 16GB 480GB SSD Nvidia 1030 2G DDR5"}]},{"@type":"WebSite","@id":"https:\/\/pcstock.es\/pt-pt\/#website","url":"https:\/\/pcstock.es\/pt-pt\/","name":"PC STOCK","description":"Ordenadores reacondicionados y accesorios tecnol\u00f3gicos","publisher":{"@id":"https:\/\/pcstock.es\/pt-pt\/#organization"},"potentialAction":[{"@type":"SearchAction","target":{"@type":"EntryPoint","urlTemplate":"https:\/\/pcstock.es\/pt-pt\/?s={search_term_string}"},"query-input":"required name=search_term_string"}],"inLanguage":"pt-PT"},{"@type":"Organization","@id":"https:\/\/pcstock.es\/pt-pt\/#organization","name":"Pc Stock","url":"https:\/\/pcstock.es\/pt-pt\/","logo":{"@type":"ImageObject","inLanguage":"pt-PT","@id":"https:\/\/pcstock.es\/pt-pt\/#\/schema\/logo\/image\/","url":"https:\/\/pcstock.es\/wp-content\/uploads\/2020\/11\/logo-pckstock-ordenadores-reacondicionados.png","contentUrl":"https:\/\/pcstock.es\/wp-content\/uploads\/2020\/11\/logo-pckstock-ordenadores-reacondicionados.png","width":268,"height":93,"caption":"Pc Stock"},"image":{"@id":"https:\/\/pcstock.es\/pt-pt\/#\/schema\/logo\/image\/"}}]}},"_links":{"self":[{"href":"https:\/\/pcstock.es\/pt-pt\/wp-json\/wp\/v2\/product\/2020"}],"collection":[{"href":"https:\/\/pcstock.es\/pt-pt\/wp-json\/wp\/v2\/product"}],"about":[{"href":"https:\/\/pcstock.es\/pt-pt\/wp-json\/wp\/v2\/types\/product"}],"replies":[{"embeddable":true,"href":"https:\/\/pcstock.es\/pt-pt\/wp-json\/wp\/v2\/comments?post=2020"}],"wp:featuredmedia":[{"embeddable":true,"href":"https:\/\/pcstock.es\/pt-pt\/wp-json\/wp\/v2\/media\/2015"}],"wp:attachment":[{"href":"https:\/\/pcstock.es\/pt-pt\/wp-json\/wp\/v2\/media?parent=2020"}],"wp:term":[{"taxonomy":"product_cat","embeddable":true,"href":"https:\/\/pcstock.es\/pt-pt\/wp-json\/wp\/v2\/product_cat?post=2020"},{"taxonomy":"product_tag","embeddable":true,"href":"https:\/\/pcstock.es\/pt-pt\/wp-json\/wp\/v2\/product_tag?post=2020"}],"curies":[{"name":"wp","href":"https:\/\/api.w.org\/{rel}","templated":true}]}}