
{"id":1784,"date":"2021-10-03T09:22:36","date_gmt":"2021-10-18T14:58:28","guid":{"rendered":"https:\/\/pcstock.es\/producto\/computador-fujitsu-esprimo-e720-sff-i7-8gb\/"},"modified":"2023-01-16T07:05:19","modified_gmt":"2023-01-16T07:05:19","slug":"computador-fujitsu-i7-8gb","status":"publish","type":"product","link":"https:\/\/pcstock.es\/pt-pt\/producto\/computador-fujitsu-i7-8gb\/","title":{"rendered":"Computador Fujitsu Esprimo E720 SFF i7 8GB"},"content":{"rendered":"<p>Fujitsu i7 de computador com 8 GB de ram.<br \/>\nEquipamento totalmente testado e comprovado. Podem ter sinais de desgaste ou arranh\u00f5es no inv\u00f3lucro, mas s\u00e3o totalmente funcionais.<\/p>\n<p>Computador da SFF<\/p>\n<p>Especifica\u00e7\u00f5es:<\/p>\n<p>&#8211; marca Fujitsu<br \/>\n&#8211; Processador Intel Core i7 4790 (4 n\u00facleos a 3,6 Ghz)<br \/>\n&#8211; Intel HD Graphics 4600<br \/>\n&#8211; Hard Drive 240GB SSD (V\u00e1rias marcas, sujeito a disponibilidade)<br \/>\n&#8211; Mem\u00f3ria 8GB DDR3-1333\/1600, DDR3L-1333\/1600 @ 1.5V (4 slots)<br \/>\n&#8211; Leitor \/ Gravador N\u00c3O<br \/>\n&#8211; Liga\u00e7\u00f5es frontais x4 USB 2.0, x1 Microfone, x1 Colunas\/Headphones, x1 leitor de cart\u00f5es<br \/>\n&#8211; Liga\u00e7\u00f5es traseiras x4 USB 2.0, x2 USB<\/p>\n","protected":false},"excerpt":{"rendered":"<p>Obtenha este fant\u00e1stico computador com processador i7 por menos de 400 euros!<br \/>\nDesfrute de um <strong>PC barato que \u00e9 ideal para o trabalho<\/strong>, mas com uma pot\u00eancia incr\u00edvel.<br \/>\nIntel Core i7 4790 3.6Ghz\/8GB\/240SSD<\/p>\n","protected":false},"featured_media":1731,"comment_status":"open","ping_status":"closed","template":"","meta":[],"product_cat":[187],"product_tag":[],"yoast_head":"<!-- This site is optimized with the Yoast SEO plugin v20.6 - https:\/\/yoast.com\/wordpress\/plugins\/seo\/ -->\n<title>PC STOCK<\/title>\n<meta name=\"description\" content=\"Fujitsu de computador i7 8GB RAM. Obtenha este poderoso computador agora a um \u00f3ptimo pre\u00e7o. \u2713 Stock limitado \u2713 Envio gr\u00e1tis \u2713 1 ano de garantia\" \/>\n<meta name=\"robots\" content=\"index, follow, max-snippet:-1, max-image-preview:large, max-video-preview:-1\" \/>\n<link rel=\"canonical\" href=\"https:\/\/pcstock.es\/pt-pt\/producto\/computador-fujitsu-i7-8gb\/\" \/>\n<meta property=\"og:locale\" content=\"pt_PT\" \/>\n<meta property=\"og:type\" content=\"article\" \/>\n<meta property=\"og:title\" content=\"PC STOCK\" \/>\n<meta property=\"og:description\" content=\"Fujitsu de computador i7 8GB RAM. Obtenha este poderoso computador agora a um \u00f3ptimo pre\u00e7o. \u2713 Stock limitado \u2713 Envio gr\u00e1tis \u2713 1 ano de garantia\" \/>\n<meta property=\"og:url\" content=\"https:\/\/pcstock.es\/pt-pt\/producto\/computador-fujitsu-i7-8gb\/\" \/>\n<meta property=\"og:site_name\" content=\"PC STOCK\" \/>\n<meta property=\"article:modified_time\" content=\"2023-01-16T07:05:19+00:00\" \/>\n<meta property=\"og:image\" content=\"https:\/\/pcstock.es\/wp-content\/uploads\/2021\/10\/Ordenador-Fujitsu-Es-i7-8GB.webp\" \/>\n\t<meta property=\"og:image:width\" content=\"800\" \/>\n\t<meta property=\"og:image:height\" content=\"800\" \/>\n\t<meta property=\"og:image:type\" content=\"image\/webp\" \/>\n<meta name=\"twitter:card\" content=\"summary_large_image\" \/>\n<meta name=\"twitter:label1\" content=\"Est. reading time\" \/>\n\t<meta name=\"twitter:data1\" content=\"1 minute\" \/>\n<script type=\"application\/ld+json\" class=\"yoast-schema-graph\">{\"@context\":\"https:\/\/schema.org\",\"@graph\":[{\"@type\":\"WebPage\",\"@id\":\"https:\/\/pcstock.es\/pt-pt\/producto\/computador-fujitsu-i7-8gb\/\",\"url\":\"https:\/\/pcstock.es\/pt-pt\/producto\/computador-fujitsu-i7-8gb\/\",\"name\":\"PC STOCK\",\"isPartOf\":{\"@id\":\"https:\/\/pcstock.es\/pt-pt\/#website\"},\"datePublished\":\"2021-10-18T14:58:28+00:00\",\"dateModified\":\"2023-01-16T07:05:19+00:00\",\"description\":\"Fujitsu de computador i7 8GB RAM. Obtenha este poderoso computador agora a um \u00f3ptimo pre\u00e7o. \u2713 Stock limitado \u2713 Envio gr\u00e1tis \u2713 1 ano de garantia\",\"breadcrumb\":{\"@id\":\"https:\/\/pcstock.es\/pt-pt\/producto\/computador-fujitsu-i7-8gb\/#breadcrumb\"},\"inLanguage\":\"pt-PT\",\"potentialAction\":[{\"@type\":\"ReadAction\",\"target\":[\"https:\/\/pcstock.es\/pt-pt\/producto\/computador-fujitsu-i7-8gb\/\"]}]},{\"@type\":\"BreadcrumbList\",\"@id\":\"https:\/\/pcstock.es\/pt-pt\/producto\/computador-fujitsu-i7-8gb\/#breadcrumb\",\"itemListElement\":[{\"@type\":\"ListItem\",\"position\":1,\"name\":\"Portada\",\"item\":\"https:\/\/pcstock.es\/pt-pt\/\"},{\"@type\":\"ListItem\",\"position\":2,\"name\":\"Loja\",\"item\":\"https:\/\/pcstock.es\/pt-pt\/loja\/\"},{\"@type\":\"ListItem\",\"position\":3,\"name\":\"Computador Fujitsu Esprimo E720 SFF i7 8GB\"}]},{\"@type\":\"WebSite\",\"@id\":\"https:\/\/pcstock.es\/pt-pt\/#website\",\"url\":\"https:\/\/pcstock.es\/pt-pt\/\",\"name\":\"PC STOCK\",\"description\":\"Ordenadores reacondicionados y accesorios tecnol\u00f3gicos\",\"publisher\":{\"@id\":\"https:\/\/pcstock.es\/pt-pt\/#organization\"},\"potentialAction\":[{\"@type\":\"SearchAction\",\"target\":{\"@type\":\"EntryPoint\",\"urlTemplate\":\"https:\/\/pcstock.es\/pt-pt\/?s={search_term_string}\"},\"query-input\":\"required name=search_term_string\"}],\"inLanguage\":\"pt-PT\"},{\"@type\":\"Organization\",\"@id\":\"https:\/\/pcstock.es\/pt-pt\/#organization\",\"name\":\"Pc Stock\",\"url\":\"https:\/\/pcstock.es\/pt-pt\/\",\"logo\":{\"@type\":\"ImageObject\",\"inLanguage\":\"pt-PT\",\"@id\":\"https:\/\/pcstock.es\/pt-pt\/#\/schema\/logo\/image\/\",\"url\":\"https:\/\/pcstock.es\/wp-content\/uploads\/2020\/11\/logo-pckstock-ordenadores-reacondicionados.png\",\"contentUrl\":\"https:\/\/pcstock.es\/wp-content\/uploads\/2020\/11\/logo-pckstock-ordenadores-reacondicionados.png\",\"width\":268,\"height\":93,\"caption\":\"Pc Stock\"},\"image\":{\"@id\":\"https:\/\/pcstock.es\/pt-pt\/#\/schema\/logo\/image\/\"}}]}<\/script>\n<!-- \/ Yoast SEO plugin. -->","yoast_head_json":{"title":"PC STOCK","description":"Fujitsu de computador i7 8GB RAM. Obtenha este poderoso computador agora a um \u00f3ptimo pre\u00e7o. \u2713 Stock limitado \u2713 Envio gr\u00e1tis \u2713 1 ano de garantia","robots":{"index":"index","follow":"follow","max-snippet":"max-snippet:-1","max-image-preview":"max-image-preview:large","max-video-preview":"max-video-preview:-1"},"canonical":"https:\/\/pcstock.es\/pt-pt\/producto\/computador-fujitsu-i7-8gb\/","og_locale":"pt_PT","og_type":"article","og_title":"PC STOCK","og_description":"Fujitsu de computador i7 8GB RAM. Obtenha este poderoso computador agora a um \u00f3ptimo pre\u00e7o. \u2713 Stock limitado \u2713 Envio gr\u00e1tis \u2713 1 ano de garantia","og_url":"https:\/\/pcstock.es\/pt-pt\/producto\/computador-fujitsu-i7-8gb\/","og_site_name":"PC STOCK","article_modified_time":"2023-01-16T07:05:19+00:00","og_image":[{"width":800,"height":800,"url":"https:\/\/pcstock.es\/wp-content\/uploads\/2021\/10\/Ordenador-Fujitsu-Es-i7-8GB.webp","type":"image\/webp"}],"twitter_card":"summary_large_image","twitter_misc":{"Est. reading time":"1 minute"},"schema":{"@context":"https:\/\/schema.org","@graph":[{"@type":"WebPage","@id":"https:\/\/pcstock.es\/pt-pt\/producto\/computador-fujitsu-i7-8gb\/","url":"https:\/\/pcstock.es\/pt-pt\/producto\/computador-fujitsu-i7-8gb\/","name":"PC STOCK","isPartOf":{"@id":"https:\/\/pcstock.es\/pt-pt\/#website"},"datePublished":"2021-10-18T14:58:28+00:00","dateModified":"2023-01-16T07:05:19+00:00","description":"Fujitsu de computador i7 8GB RAM. Obtenha este poderoso computador agora a um \u00f3ptimo pre\u00e7o. \u2713 Stock limitado \u2713 Envio gr\u00e1tis \u2713 1 ano de garantia","breadcrumb":{"@id":"https:\/\/pcstock.es\/pt-pt\/producto\/computador-fujitsu-i7-8gb\/#breadcrumb"},"inLanguage":"pt-PT","potentialAction":[{"@type":"ReadAction","target":["https:\/\/pcstock.es\/pt-pt\/producto\/computador-fujitsu-i7-8gb\/"]}]},{"@type":"BreadcrumbList","@id":"https:\/\/pcstock.es\/pt-pt\/producto\/computador-fujitsu-i7-8gb\/#breadcrumb","itemListElement":[{"@type":"ListItem","position":1,"name":"Portada","item":"https:\/\/pcstock.es\/pt-pt\/"},{"@type":"ListItem","position":2,"name":"Loja","item":"https:\/\/pcstock.es\/pt-pt\/loja\/"},{"@type":"ListItem","position":3,"name":"Computador Fujitsu Esprimo E720 SFF i7 8GB"}]},{"@type":"WebSite","@id":"https:\/\/pcstock.es\/pt-pt\/#website","url":"https:\/\/pcstock.es\/pt-pt\/","name":"PC STOCK","description":"Ordenadores reacondicionados y accesorios tecnol\u00f3gicos","publisher":{"@id":"https:\/\/pcstock.es\/pt-pt\/#organization"},"potentialAction":[{"@type":"SearchAction","target":{"@type":"EntryPoint","urlTemplate":"https:\/\/pcstock.es\/pt-pt\/?s={search_term_string}"},"query-input":"required name=search_term_string"}],"inLanguage":"pt-PT"},{"@type":"Organization","@id":"https:\/\/pcstock.es\/pt-pt\/#organization","name":"Pc Stock","url":"https:\/\/pcstock.es\/pt-pt\/","logo":{"@type":"ImageObject","inLanguage":"pt-PT","@id":"https:\/\/pcstock.es\/pt-pt\/#\/schema\/logo\/image\/","url":"https:\/\/pcstock.es\/wp-content\/uploads\/2020\/11\/logo-pckstock-ordenadores-reacondicionados.png","contentUrl":"https:\/\/pcstock.es\/wp-content\/uploads\/2020\/11\/logo-pckstock-ordenadores-reacondicionados.png","width":268,"height":93,"caption":"Pc Stock"},"image":{"@id":"https:\/\/pcstock.es\/pt-pt\/#\/schema\/logo\/image\/"}}]}},"_links":{"self":[{"href":"https:\/\/pcstock.es\/pt-pt\/wp-json\/wp\/v2\/product\/1784"}],"collection":[{"href":"https:\/\/pcstock.es\/pt-pt\/wp-json\/wp\/v2\/product"}],"about":[{"href":"https:\/\/pcstock.es\/pt-pt\/wp-json\/wp\/v2\/types\/product"}],"replies":[{"embeddable":true,"href":"https:\/\/pcstock.es\/pt-pt\/wp-json\/wp\/v2\/comments?post=1784"}],"wp:featuredmedia":[{"embeddable":true,"href":"https:\/\/pcstock.es\/pt-pt\/wp-json\/wp\/v2\/media\/1731"}],"wp:attachment":[{"href":"https:\/\/pcstock.es\/pt-pt\/wp-json\/wp\/v2\/media?parent=1784"}],"wp:term":[{"taxonomy":"product_cat","embeddable":true,"href":"https:\/\/pcstock.es\/pt-pt\/wp-json\/wp\/v2\/product_cat?post=1784"},{"taxonomy":"product_tag","embeddable":true,"href":"https:\/\/pcstock.es\/pt-pt\/wp-json\/wp\/v2\/product_tag?post=1784"}],"curies":[{"name":"wp","href":"https:\/\/api.w.org\/{rel}","templated":true}]}}