
{"id":1782,"date":"2021-10-13T16:38:29","date_gmt":"2021-10-18T14:58:13","guid":{"rendered":"https:\/\/pcstock.es\/producto\/computador-hp-i5-16gb\/"},"modified":"2021-11-27T16:18:06","modified_gmt":"2021-11-27T16:18:06","slug":"hp-elitedesk-800-g5-i5-16gb","status":"publish","type":"product","link":"https:\/\/pcstock.es\/pt-pt\/producto\/hp-elitedesk-800-g5-i5-16gb\/","title":{"rendered":"Computador HP i5 16GB"},"content":{"rendered":"<p>Computador HP i5 16GB RAM.<\/p>\n<p><strong>NOVO!<\/strong><\/p>\n<p>Torre de computador HP EliteDesk 800 G5 i5 16GB.<\/p>\n<p>Especifica\u00e7\u00f5es:<\/p>\n<p>&#8211; Marca HP<br \/>\n&#8211; Processador Intel Core i5 9500 (6 fios Core 6 @ 3 Ghz, turbo @ 4.4Ghz)<br \/>\n&#8211; Intel HD Graphics 630<br \/>\n&#8211; 512GB SSD M.2 Hard Disk Drive (V\u00e1rias marcas, sujeito a disponibilidade)<br \/>\n&#8211; Expans\u00e3o do disco (2 3,5 ou x2 de 2,5)<br \/>\n&#8211; 16GB de mem\u00f3ria DDR4 (4 ZOCALOS)<br \/>\n&#8211; Leitor \/ Gravador N\u00c3O<br \/>\n&#8211; Conex\u00f5es frontais x2 USB 2.0, x2 USB 3.0, x1 Microfone, x1 Alto-falantes\/Headphones<br \/>\n&#8211; Liga\u00e7\u00f5es traseiras x2 USB 2.0, x4 USB 3.0, x2 DisplayPort, x1 RJ45, x2 Tomada de \u00e1udio (entrada\/sa\u00edda de linha\/mic)<br \/>\n&#8211; Outras conex\u00f5es Pci: 1x PCI Express 3.0 x16 \/1x PCI Express 3.0 x4, 2x PCI x1<\/p>\n","protected":false},"excerpt":{"rendered":"<p>Computador HP i5 16GB RAM. NOVO! Torre de computador HP EliteDesk 800 G5 i5 16GB. Especifica\u00e7\u00f5es: &#8211; Marca HP &#8211; Processador Intel Core i5 9500 (6 fios Core 6 @ 3 Ghz, turbo @ 4.4Ghz) &#8211; Intel HD Graphics 630 &#8211; 512GB SSD M.2 Hard Disk Drive (V\u00e1rias marcas, sujeito a disponibilidade) &#8211; Expans\u00e3o do [&hellip;]<\/p>\n","protected":false},"featured_media":1741,"comment_status":"open","ping_status":"closed","template":"","meta":[],"product_cat":[187],"product_tag":[],"yoast_head":"<!-- This site is optimized with the Yoast SEO plugin v20.6 - https:\/\/yoast.com\/wordpress\/plugins\/seo\/ -->\n<title>PC STOCK - Computadores remodelados<\/title>\n<meta name=\"description\" content=\"Computador HP i5 16GB RAM. Um computador muito poderoso a um \u00f3ptimo pre\u00e7o. \u2713 Stock limitado \u2713 Envio gr\u00e1tis \u2713 1 ano de garantia\" \/>\n<meta name=\"robots\" content=\"index, follow, max-snippet:-1, max-image-preview:large, max-video-preview:-1\" \/>\n<link rel=\"canonical\" href=\"https:\/\/pcstock.es\/pt-pt\/producto\/hp-elitedesk-800-g5-i5-16gb\/\" \/>\n<meta property=\"og:locale\" content=\"pt_PT\" \/>\n<meta property=\"og:type\" content=\"article\" \/>\n<meta property=\"og:title\" content=\"PC STOCK - Computadores remodelados\" \/>\n<meta property=\"og:description\" content=\"Computador HP i5 16GB RAM. Um computador muito poderoso a um \u00f3ptimo pre\u00e7o. \u2713 Stock limitado \u2713 Envio gr\u00e1tis \u2713 1 ano de garantia\" \/>\n<meta property=\"og:url\" content=\"https:\/\/pcstock.es\/pt-pt\/producto\/hp-elitedesk-800-g5-i5-16gb\/\" \/>\n<meta property=\"og:site_name\" content=\"PC STOCK\" \/>\n<meta property=\"article:modified_time\" content=\"2021-11-27T16:18:06+00:00\" \/>\n<meta property=\"og:image\" content=\"https:\/\/pcstock.es\/wp-content\/uploads\/2021\/10\/hp-elitedesk-800-g5-i5-16gb.webp\" \/>\n\t<meta property=\"og:image:width\" content=\"800\" \/>\n\t<meta property=\"og:image:height\" content=\"600\" \/>\n\t<meta property=\"og:image:type\" content=\"image\/webp\" \/>\n<meta name=\"twitter:card\" content=\"summary_large_image\" \/>\n<meta name=\"twitter:label1\" content=\"Est. reading time\" \/>\n\t<meta name=\"twitter:data1\" content=\"1 minute\" \/>\n<script type=\"application\/ld+json\" class=\"yoast-schema-graph\">{\"@context\":\"https:\/\/schema.org\",\"@graph\":[{\"@type\":\"WebPage\",\"@id\":\"https:\/\/pcstock.es\/pt-pt\/producto\/hp-elitedesk-800-g5-i5-16gb\/\",\"url\":\"https:\/\/pcstock.es\/pt-pt\/producto\/hp-elitedesk-800-g5-i5-16gb\/\",\"name\":\"PC STOCK - Computadores remodelados\",\"isPartOf\":{\"@id\":\"https:\/\/pcstock.es\/pt-pt\/#website\"},\"datePublished\":\"2021-10-18T14:58:13+00:00\",\"dateModified\":\"2021-11-27T16:18:06+00:00\",\"description\":\"Computador HP i5 16GB RAM. Um computador muito poderoso a um \u00f3ptimo pre\u00e7o. \u2713 Stock limitado \u2713 Envio gr\u00e1tis \u2713 1 ano de garantia\",\"breadcrumb\":{\"@id\":\"https:\/\/pcstock.es\/pt-pt\/producto\/hp-elitedesk-800-g5-i5-16gb\/#breadcrumb\"},\"inLanguage\":\"pt-PT\",\"potentialAction\":[{\"@type\":\"ReadAction\",\"target\":[\"https:\/\/pcstock.es\/pt-pt\/producto\/hp-elitedesk-800-g5-i5-16gb\/\"]}]},{\"@type\":\"BreadcrumbList\",\"@id\":\"https:\/\/pcstock.es\/pt-pt\/producto\/hp-elitedesk-800-g5-i5-16gb\/#breadcrumb\",\"itemListElement\":[{\"@type\":\"ListItem\",\"position\":1,\"name\":\"Portada\",\"item\":\"https:\/\/pcstock.es\/pt-pt\/\"},{\"@type\":\"ListItem\",\"position\":2,\"name\":\"Loja\",\"item\":\"https:\/\/pcstock.es\/pt-pt\/loja\/\"},{\"@type\":\"ListItem\",\"position\":3,\"name\":\"Computador HP i5 16GB\"}]},{\"@type\":\"WebSite\",\"@id\":\"https:\/\/pcstock.es\/pt-pt\/#website\",\"url\":\"https:\/\/pcstock.es\/pt-pt\/\",\"name\":\"PC STOCK\",\"description\":\"Ordenadores reacondicionados y accesorios tecnol\u00f3gicos\",\"publisher\":{\"@id\":\"https:\/\/pcstock.es\/pt-pt\/#organization\"},\"potentialAction\":[{\"@type\":\"SearchAction\",\"target\":{\"@type\":\"EntryPoint\",\"urlTemplate\":\"https:\/\/pcstock.es\/pt-pt\/?s={search_term_string}\"},\"query-input\":\"required name=search_term_string\"}],\"inLanguage\":\"pt-PT\"},{\"@type\":\"Organization\",\"@id\":\"https:\/\/pcstock.es\/pt-pt\/#organization\",\"name\":\"Pc Stock\",\"url\":\"https:\/\/pcstock.es\/pt-pt\/\",\"logo\":{\"@type\":\"ImageObject\",\"inLanguage\":\"pt-PT\",\"@id\":\"https:\/\/pcstock.es\/pt-pt\/#\/schema\/logo\/image\/\",\"url\":\"https:\/\/pcstock.es\/wp-content\/uploads\/2020\/11\/logo-pckstock-ordenadores-reacondicionados.png\",\"contentUrl\":\"https:\/\/pcstock.es\/wp-content\/uploads\/2020\/11\/logo-pckstock-ordenadores-reacondicionados.png\",\"width\":268,\"height\":93,\"caption\":\"Pc Stock\"},\"image\":{\"@id\":\"https:\/\/pcstock.es\/pt-pt\/#\/schema\/logo\/image\/\"}}]}<\/script>\n<!-- \/ Yoast SEO plugin. -->","yoast_head_json":{"title":"PC STOCK - Computadores remodelados","description":"Computador HP i5 16GB RAM. Um computador muito poderoso a um \u00f3ptimo pre\u00e7o. \u2713 Stock limitado \u2713 Envio gr\u00e1tis \u2713 1 ano de garantia","robots":{"index":"index","follow":"follow","max-snippet":"max-snippet:-1","max-image-preview":"max-image-preview:large","max-video-preview":"max-video-preview:-1"},"canonical":"https:\/\/pcstock.es\/pt-pt\/producto\/hp-elitedesk-800-g5-i5-16gb\/","og_locale":"pt_PT","og_type":"article","og_title":"PC STOCK - Computadores remodelados","og_description":"Computador HP i5 16GB RAM. Um computador muito poderoso a um \u00f3ptimo pre\u00e7o. \u2713 Stock limitado \u2713 Envio gr\u00e1tis \u2713 1 ano de garantia","og_url":"https:\/\/pcstock.es\/pt-pt\/producto\/hp-elitedesk-800-g5-i5-16gb\/","og_site_name":"PC STOCK","article_modified_time":"2021-11-27T16:18:06+00:00","og_image":[{"width":800,"height":600,"url":"https:\/\/pcstock.es\/wp-content\/uploads\/2021\/10\/hp-elitedesk-800-g5-i5-16gb.webp","type":"image\/webp"}],"twitter_card":"summary_large_image","twitter_misc":{"Est. reading time":"1 minute"},"schema":{"@context":"https:\/\/schema.org","@graph":[{"@type":"WebPage","@id":"https:\/\/pcstock.es\/pt-pt\/producto\/hp-elitedesk-800-g5-i5-16gb\/","url":"https:\/\/pcstock.es\/pt-pt\/producto\/hp-elitedesk-800-g5-i5-16gb\/","name":"PC STOCK - Computadores remodelados","isPartOf":{"@id":"https:\/\/pcstock.es\/pt-pt\/#website"},"datePublished":"2021-10-18T14:58:13+00:00","dateModified":"2021-11-27T16:18:06+00:00","description":"Computador HP i5 16GB RAM. Um computador muito poderoso a um \u00f3ptimo pre\u00e7o. \u2713 Stock limitado \u2713 Envio gr\u00e1tis \u2713 1 ano de garantia","breadcrumb":{"@id":"https:\/\/pcstock.es\/pt-pt\/producto\/hp-elitedesk-800-g5-i5-16gb\/#breadcrumb"},"inLanguage":"pt-PT","potentialAction":[{"@type":"ReadAction","target":["https:\/\/pcstock.es\/pt-pt\/producto\/hp-elitedesk-800-g5-i5-16gb\/"]}]},{"@type":"BreadcrumbList","@id":"https:\/\/pcstock.es\/pt-pt\/producto\/hp-elitedesk-800-g5-i5-16gb\/#breadcrumb","itemListElement":[{"@type":"ListItem","position":1,"name":"Portada","item":"https:\/\/pcstock.es\/pt-pt\/"},{"@type":"ListItem","position":2,"name":"Loja","item":"https:\/\/pcstock.es\/pt-pt\/loja\/"},{"@type":"ListItem","position":3,"name":"Computador HP i5 16GB"}]},{"@type":"WebSite","@id":"https:\/\/pcstock.es\/pt-pt\/#website","url":"https:\/\/pcstock.es\/pt-pt\/","name":"PC STOCK","description":"Ordenadores reacondicionados y accesorios tecnol\u00f3gicos","publisher":{"@id":"https:\/\/pcstock.es\/pt-pt\/#organization"},"potentialAction":[{"@type":"SearchAction","target":{"@type":"EntryPoint","urlTemplate":"https:\/\/pcstock.es\/pt-pt\/?s={search_term_string}"},"query-input":"required name=search_term_string"}],"inLanguage":"pt-PT"},{"@type":"Organization","@id":"https:\/\/pcstock.es\/pt-pt\/#organization","name":"Pc Stock","url":"https:\/\/pcstock.es\/pt-pt\/","logo":{"@type":"ImageObject","inLanguage":"pt-PT","@id":"https:\/\/pcstock.es\/pt-pt\/#\/schema\/logo\/image\/","url":"https:\/\/pcstock.es\/wp-content\/uploads\/2020\/11\/logo-pckstock-ordenadores-reacondicionados.png","contentUrl":"https:\/\/pcstock.es\/wp-content\/uploads\/2020\/11\/logo-pckstock-ordenadores-reacondicionados.png","width":268,"height":93,"caption":"Pc Stock"},"image":{"@id":"https:\/\/pcstock.es\/pt-pt\/#\/schema\/logo\/image\/"}}]}},"_links":{"self":[{"href":"https:\/\/pcstock.es\/pt-pt\/wp-json\/wp\/v2\/product\/1782"}],"collection":[{"href":"https:\/\/pcstock.es\/pt-pt\/wp-json\/wp\/v2\/product"}],"about":[{"href":"https:\/\/pcstock.es\/pt-pt\/wp-json\/wp\/v2\/types\/product"}],"replies":[{"embeddable":true,"href":"https:\/\/pcstock.es\/pt-pt\/wp-json\/wp\/v2\/comments?post=1782"}],"wp:featuredmedia":[{"embeddable":true,"href":"https:\/\/pcstock.es\/pt-pt\/wp-json\/wp\/v2\/media\/1741"}],"wp:attachment":[{"href":"https:\/\/pcstock.es\/pt-pt\/wp-json\/wp\/v2\/media?parent=1782"}],"wp:term":[{"taxonomy":"product_cat","embeddable":true,"href":"https:\/\/pcstock.es\/pt-pt\/wp-json\/wp\/v2\/product_cat?post=1782"},{"taxonomy":"product_tag","embeddable":true,"href":"https:\/\/pcstock.es\/pt-pt\/wp-json\/wp\/v2\/product_tag?post=1782"}],"curies":[{"name":"wp","href":"https:\/\/api.w.org\/{rel}","templated":true}]}}