
{"id":1672,"date":"2021-02-12T09:16:19","date_gmt":"2021-09-21T09:37:36","guid":{"rendered":"https:\/\/pcstock.es\/producto\/ddr2-so-dimm-ram\/"},"modified":"2025-04-13T00:30:09","modified_gmt":"2025-04-13T00:30:09","slug":"memory-ram-so-dimm-ddr-2","status":"publish","type":"product","link":"https:\/\/pcstock.es\/pt-pt\/producto\/memory-ram-so-dimm-ddr-2\/","title":{"rendered":"DDR2 SO DIMM RAM"},"content":{"rendered":"<p>Mem\u00f3ria DDR2 RAM em <strong>perfeito estado de funcionamento<\/strong> e a um <strong>pre\u00e7o imbat\u00edvel <\/strong>. Actualize o seu port\u00e1til com este m\u00f3dulo SO-DIMM DDR2 RAM.<\/p>\n<p>Est\u00e3o dispon\u00edveis m\u00f3dulos de mem\u00f3ria de 512 mb e 1 GB e velocidades de 533 e 667 MHz.<\/p>\n","protected":false},"excerpt":{"rendered":"<p>Mem\u00f3ria DDR2 RAM em perfeito estado de funcionamento e a um pre\u00e7o imbat\u00edvel . Actualize o seu port\u00e1til com este m\u00f3dulo SO-DIMM DDR2 RAM. Est\u00e3o dispon\u00edveis m\u00f3dulos de mem\u00f3ria de 512 mb e 1 GB e velocidades de 533 e 667 MHz.<\/p>\n","protected":false},"featured_media":1674,"comment_status":"open","ping_status":"closed","template":"","meta":[],"product_cat":[172,208,207],"product_tag":[174],"yoast_head":"<!-- This site is optimized with the Yoast SEO plugin v20.6 - https:\/\/yoast.com\/wordpress\/plugins\/seo\/ -->\n<title>DDR2 SO DIMM RAM - PC STOCK<\/title>\n<meta name=\"description\" content=\"Mem\u00f3ria SO DIMM DDR 2 RAM barata. Mem\u00f3ria RAM acess\u00edvel, ideal para atualizar seu notebook. Aproveite este m\u00f3dulo de 512 mb de RAM.\" \/>\n<meta name=\"robots\" content=\"index, follow, max-snippet:-1, max-image-preview:large, max-video-preview:-1\" \/>\n<link rel=\"canonical\" href=\"https:\/\/pcstock.es\/pt-pt\/producto\/memory-ram-so-dimm-ddr-2\/\" \/>\n<meta property=\"og:locale\" content=\"pt_PT\" \/>\n<meta property=\"og:type\" content=\"article\" \/>\n<meta property=\"og:title\" content=\"DDR2 SO DIMM RAM - PC STOCK\" \/>\n<meta property=\"og:description\" content=\"Mem\u00f3ria SO DIMM DDR 2 RAM barata. Mem\u00f3ria RAM acess\u00edvel, ideal para atualizar seu notebook. Aproveite este m\u00f3dulo de 512 mb de RAM.\" \/>\n<meta property=\"og:url\" content=\"https:\/\/pcstock.es\/pt-pt\/producto\/memory-ram-so-dimm-ddr-2\/\" \/>\n<meta property=\"og:site_name\" content=\"PC STOCK\" \/>\n<meta property=\"article:modified_time\" content=\"2025-04-13T00:30:09+00:00\" \/>\n<meta property=\"og:image\" content=\"https:\/\/pcstock.es\/wp-content\/uploads\/2021\/02\/Memoria-RAM-SO-DIMM-DDR-2-e1614152892334.jpg\" \/>\n\t<meta property=\"og:image:width\" content=\"899\" \/>\n\t<meta property=\"og:image:height\" content=\"701\" \/>\n\t<meta property=\"og:image:type\" content=\"image\/jpeg\" \/>\n<meta name=\"twitter:card\" content=\"summary_large_image\" \/>\n<script type=\"application\/ld+json\" class=\"yoast-schema-graph\">{\"@context\":\"https:\/\/schema.org\",\"@graph\":[{\"@type\":\"WebPage\",\"@id\":\"https:\/\/pcstock.es\/pt-pt\/producto\/memory-ram-so-dimm-ddr-2\/\",\"url\":\"https:\/\/pcstock.es\/pt-pt\/producto\/memory-ram-so-dimm-ddr-2\/\",\"name\":\"DDR2 SO DIMM RAM - PC STOCK\",\"isPartOf\":{\"@id\":\"https:\/\/pcstock.es\/pt-pt\/#website\"},\"datePublished\":\"2021-09-21T09:37:36+00:00\",\"dateModified\":\"2025-04-13T00:30:09+00:00\",\"description\":\"Mem\u00f3ria SO DIMM DDR 2 RAM barata. Mem\u00f3ria RAM acess\u00edvel, ideal para atualizar seu notebook. Aproveite este m\u00f3dulo de 512 mb de RAM.\",\"breadcrumb\":{\"@id\":\"https:\/\/pcstock.es\/pt-pt\/producto\/memory-ram-so-dimm-ddr-2\/#breadcrumb\"},\"inLanguage\":\"pt-PT\",\"potentialAction\":[{\"@type\":\"ReadAction\",\"target\":[\"https:\/\/pcstock.es\/pt-pt\/producto\/memory-ram-so-dimm-ddr-2\/\"]}]},{\"@type\":\"BreadcrumbList\",\"@id\":\"https:\/\/pcstock.es\/pt-pt\/producto\/memory-ram-so-dimm-ddr-2\/#breadcrumb\",\"itemListElement\":[{\"@type\":\"ListItem\",\"position\":1,\"name\":\"Portada\",\"item\":\"https:\/\/pcstock.es\/pt-pt\/\"},{\"@type\":\"ListItem\",\"position\":2,\"name\":\"Loja\",\"item\":\"https:\/\/pcstock.es\/pt-pt\/loja\/\"},{\"@type\":\"ListItem\",\"position\":3,\"name\":\"DDR2 SO DIMM RAM\"}]},{\"@type\":\"WebSite\",\"@id\":\"https:\/\/pcstock.es\/pt-pt\/#website\",\"url\":\"https:\/\/pcstock.es\/pt-pt\/\",\"name\":\"PC STOCK\",\"description\":\"Ordenadores reacondicionados y accesorios tecnol\u00f3gicos\",\"publisher\":{\"@id\":\"https:\/\/pcstock.es\/pt-pt\/#organization\"},\"potentialAction\":[{\"@type\":\"SearchAction\",\"target\":{\"@type\":\"EntryPoint\",\"urlTemplate\":\"https:\/\/pcstock.es\/pt-pt\/?s={search_term_string}\"},\"query-input\":\"required name=search_term_string\"}],\"inLanguage\":\"pt-PT\"},{\"@type\":\"Organization\",\"@id\":\"https:\/\/pcstock.es\/pt-pt\/#organization\",\"name\":\"Pc Stock\",\"url\":\"https:\/\/pcstock.es\/pt-pt\/\",\"logo\":{\"@type\":\"ImageObject\",\"inLanguage\":\"pt-PT\",\"@id\":\"https:\/\/pcstock.es\/pt-pt\/#\/schema\/logo\/image\/\",\"url\":\"https:\/\/pcstock.es\/wp-content\/uploads\/2020\/11\/logo-pckstock-ordenadores-reacondicionados.png\",\"contentUrl\":\"https:\/\/pcstock.es\/wp-content\/uploads\/2020\/11\/logo-pckstock-ordenadores-reacondicionados.png\",\"width\":268,\"height\":93,\"caption\":\"Pc Stock\"},\"image\":{\"@id\":\"https:\/\/pcstock.es\/pt-pt\/#\/schema\/logo\/image\/\"}}]}<\/script>\n<!-- \/ Yoast SEO plugin. -->","yoast_head_json":{"title":"DDR2 SO DIMM RAM - PC STOCK","description":"Mem\u00f3ria SO DIMM DDR 2 RAM barata. Mem\u00f3ria RAM acess\u00edvel, ideal para atualizar seu notebook. Aproveite este m\u00f3dulo de 512 mb de RAM.","robots":{"index":"index","follow":"follow","max-snippet":"max-snippet:-1","max-image-preview":"max-image-preview:large","max-video-preview":"max-video-preview:-1"},"canonical":"https:\/\/pcstock.es\/pt-pt\/producto\/memory-ram-so-dimm-ddr-2\/","og_locale":"pt_PT","og_type":"article","og_title":"DDR2 SO DIMM RAM - PC STOCK","og_description":"Mem\u00f3ria SO DIMM DDR 2 RAM barata. Mem\u00f3ria RAM acess\u00edvel, ideal para atualizar seu notebook. Aproveite este m\u00f3dulo de 512 mb de RAM.","og_url":"https:\/\/pcstock.es\/pt-pt\/producto\/memory-ram-so-dimm-ddr-2\/","og_site_name":"PC STOCK","article_modified_time":"2025-04-13T00:30:09+00:00","og_image":[{"width":899,"height":701,"url":"https:\/\/pcstock.es\/wp-content\/uploads\/2021\/02\/Memoria-RAM-SO-DIMM-DDR-2-e1614152892334.jpg","type":"image\/jpeg"}],"twitter_card":"summary_large_image","schema":{"@context":"https:\/\/schema.org","@graph":[{"@type":"WebPage","@id":"https:\/\/pcstock.es\/pt-pt\/producto\/memory-ram-so-dimm-ddr-2\/","url":"https:\/\/pcstock.es\/pt-pt\/producto\/memory-ram-so-dimm-ddr-2\/","name":"DDR2 SO DIMM RAM - PC STOCK","isPartOf":{"@id":"https:\/\/pcstock.es\/pt-pt\/#website"},"datePublished":"2021-09-21T09:37:36+00:00","dateModified":"2025-04-13T00:30:09+00:00","description":"Mem\u00f3ria SO DIMM DDR 2 RAM barata. Mem\u00f3ria RAM acess\u00edvel, ideal para atualizar seu notebook. Aproveite este m\u00f3dulo de 512 mb de RAM.","breadcrumb":{"@id":"https:\/\/pcstock.es\/pt-pt\/producto\/memory-ram-so-dimm-ddr-2\/#breadcrumb"},"inLanguage":"pt-PT","potentialAction":[{"@type":"ReadAction","target":["https:\/\/pcstock.es\/pt-pt\/producto\/memory-ram-so-dimm-ddr-2\/"]}]},{"@type":"BreadcrumbList","@id":"https:\/\/pcstock.es\/pt-pt\/producto\/memory-ram-so-dimm-ddr-2\/#breadcrumb","itemListElement":[{"@type":"ListItem","position":1,"name":"Portada","item":"https:\/\/pcstock.es\/pt-pt\/"},{"@type":"ListItem","position":2,"name":"Loja","item":"https:\/\/pcstock.es\/pt-pt\/loja\/"},{"@type":"ListItem","position":3,"name":"DDR2 SO DIMM RAM"}]},{"@type":"WebSite","@id":"https:\/\/pcstock.es\/pt-pt\/#website","url":"https:\/\/pcstock.es\/pt-pt\/","name":"PC STOCK","description":"Ordenadores reacondicionados y accesorios tecnol\u00f3gicos","publisher":{"@id":"https:\/\/pcstock.es\/pt-pt\/#organization"},"potentialAction":[{"@type":"SearchAction","target":{"@type":"EntryPoint","urlTemplate":"https:\/\/pcstock.es\/pt-pt\/?s={search_term_string}"},"query-input":"required name=search_term_string"}],"inLanguage":"pt-PT"},{"@type":"Organization","@id":"https:\/\/pcstock.es\/pt-pt\/#organization","name":"Pc Stock","url":"https:\/\/pcstock.es\/pt-pt\/","logo":{"@type":"ImageObject","inLanguage":"pt-PT","@id":"https:\/\/pcstock.es\/pt-pt\/#\/schema\/logo\/image\/","url":"https:\/\/pcstock.es\/wp-content\/uploads\/2020\/11\/logo-pckstock-ordenadores-reacondicionados.png","contentUrl":"https:\/\/pcstock.es\/wp-content\/uploads\/2020\/11\/logo-pckstock-ordenadores-reacondicionados.png","width":268,"height":93,"caption":"Pc Stock"},"image":{"@id":"https:\/\/pcstock.es\/pt-pt\/#\/schema\/logo\/image\/"}}]}},"_links":{"self":[{"href":"https:\/\/pcstock.es\/pt-pt\/wp-json\/wp\/v2\/product\/1672"}],"collection":[{"href":"https:\/\/pcstock.es\/pt-pt\/wp-json\/wp\/v2\/product"}],"about":[{"href":"https:\/\/pcstock.es\/pt-pt\/wp-json\/wp\/v2\/types\/product"}],"replies":[{"embeddable":true,"href":"https:\/\/pcstock.es\/pt-pt\/wp-json\/wp\/v2\/comments?post=1672"}],"wp:featuredmedia":[{"embeddable":true,"href":"https:\/\/pcstock.es\/pt-pt\/wp-json\/wp\/v2\/media\/1674"}],"wp:attachment":[{"href":"https:\/\/pcstock.es\/pt-pt\/wp-json\/wp\/v2\/media?parent=1672"}],"wp:term":[{"taxonomy":"product_cat","embeddable":true,"href":"https:\/\/pcstock.es\/pt-pt\/wp-json\/wp\/v2\/product_cat?post=1672"},{"taxonomy":"product_tag","embeddable":true,"href":"https:\/\/pcstock.es\/pt-pt\/wp-json\/wp\/v2\/product_tag?post=1672"}],"curies":[{"name":"wp","href":"https:\/\/api.w.org\/{rel}","templated":true}]}}