
{"id":1657,"date":"2020-12-16T17:51:20","date_gmt":"2021-09-21T09:37:19","guid":{"rendered":"https:\/\/pcstock.es\/producto\/lenovo-thinkcentre-i5-4o-gen-320ghz-4gb-256gb-ssd\/"},"modified":"2021-09-21T09:37:32","modified_gmt":"2021-09-21T09:37:32","slug":"lenovo-thinkcentre-m73-i5-4ogen-4gb-256gb-ssd","status":"publish","type":"product","link":"https:\/\/pcstock.es\/pt-pt\/producto\/lenovo-thinkcentre-m73-i5-4ogen-4gb-256gb-ssd\/","title":{"rendered":"Lenovo Thinkcentre i5 4\u00ba GEN (3,20GHz) 4GB 256GB SSD"},"content":{"rendered":"<p>Computador Lenovo Thinkcentre Tower remodelado com processador i5 4\u00aa gera\u00e7\u00e3o de 3,20 Ghz e 4GB de RAM (atualiz\u00e1vel at\u00e9 16GB).<\/p>\n<p>Crie seu pr\u00f3prio<strong> computador desktop barato<\/strong> com esta fant\u00e1stica e barata torre de computador. Gra\u00e7as a esta torre, <strong>voc\u00ea poder\u00e1 teletrabalhar, estudar e instalar qualquer ferramenta de escrit\u00f3rio<\/strong>.<\/p>\n<p>Ele expande suas capacidades adicionando mais mem\u00f3ria, disco r\u00edgido e gr\u00e1ficos melhorados. Com as nossas actualiza\u00e7\u00f5es, <strong>pode ter at\u00e9 16 GB de ram, 480 GB SSD e placa gr\u00e1fica Nvidia 1030 2G DDR5<\/strong>, que combinados com o seu processador intel core 5, lhe permitir\u00e3o criar o seu pr\u00f3prio <strong>computador de jogo barato<\/strong> para jogar os seus jogos preferidos. O que voc\u00ea est\u00e1 esperando para construir sua pr\u00f3pria<strong> torre de jogo barata<\/strong> para jogar minecraft, fortnite, lol ou qualquer um de seus esportes eletr\u00f4nicos favoritos?<\/p>\n<p>N\u00e3o perca a oportunidade de criar o seu pr\u00f3prio<strong>desktop acess\u00edvel<\/strong> com esta exclusiva torre remodelada.<\/p>\n<p>Monitor n\u00e3o inclu\u00eddo.<\/p>\n","protected":false},"excerpt":{"rendered":"<p>Desfrute desta poderosa torre Lenovo Thinkcentre com processador i5 a um <strong>pre\u00e7o imbat\u00edvel<\/strong>. Verifique seu correio, navegue, organize suas fotos, fa\u00e7a sua li\u00e7\u00e3o de casa, ou simplesmente assista a filmes ou jogue seus jogos favoritos nesta torre de PC a um pre\u00e7o muito alto. <strong>Voc\u00ea n\u00e3o encontrar\u00e1 PCs torre a este pre\u00e7o e<\/strong> com estas especifica\u00e7\u00f5es em nenhuma outra loja.<\/p>\n<p>Gostaria de ter um <strong>computador de jogo barato para jogar Warzone<\/strong>? Com nossas atualiza\u00e7\u00f5es de mem\u00f3ria e gr\u00e1ficos, voc\u00ea pode construir um <strong>PC de jogo acess\u00edvel<\/strong>, <strong>compr\u00e1-lo agora e t\u00ea-lo entregue em sua casa em alguns dias!<\/strong><\/p>\n<p>De que est\u00e1s \u00e0 espera? E se ficarmos sem eles?<\/p>\n","protected":false},"featured_media":1658,"comment_status":"open","ping_status":"closed","template":"","meta":[],"product_cat":[189,187],"product_tag":[],"yoast_head":"<!-- This site is optimized with the Yoast SEO plugin v20.6 - https:\/\/yoast.com\/wordpress\/plugins\/seo\/ -->\n<title>Lenovo Thinkcentre i5 4\u00ba GEN (3,20GHz) 4GB 256GB SSD<\/title>\n<meta name=\"description\" content=\"Torre da Lenovo renovada, uma torre de computador barata mas ideal para qualquer tipo de trabalho. Compre-o antes que acabe!\" \/>\n<meta name=\"robots\" content=\"index, follow, max-snippet:-1, max-image-preview:large, max-video-preview:-1\" \/>\n<link rel=\"canonical\" href=\"https:\/\/pcstock.es\/pt-pt\/producto\/lenovo-thinkcentre-m73-i5-4ogen-4gb-256gb-ssd\/\" \/>\n<meta property=\"og:locale\" content=\"pt_PT\" \/>\n<meta property=\"og:type\" content=\"article\" \/>\n<meta property=\"og:title\" content=\"Lenovo Thinkcentre i5 4\u00ba GEN (3,20GHz) 4GB 256GB SSD\" \/>\n<meta property=\"og:description\" content=\"Torre da Lenovo renovada, uma torre de computador barata mas ideal para qualquer tipo de trabalho. Compre-o antes que acabe!\" \/>\n<meta property=\"og:url\" content=\"https:\/\/pcstock.es\/pt-pt\/producto\/lenovo-thinkcentre-m73-i5-4ogen-4gb-256gb-ssd\/\" \/>\n<meta property=\"og:site_name\" content=\"PC STOCK\" \/>\n<meta property=\"article:modified_time\" content=\"2021-09-21T09:37:32+00:00\" \/>\n<meta property=\"og:image\" content=\"https:\/\/pcstock.es\/wp-content\/uploads\/2020\/12\/lenovo-thinkcentre-m73-i5-45703-20ghz-4gb-256gb-ssd.jpg\" \/>\n\t<meta property=\"og:image:width\" content=\"600\" \/>\n\t<meta property=\"og:image:height\" content=\"600\" \/>\n\t<meta property=\"og:image:type\" content=\"image\/jpeg\" \/>\n<meta name=\"twitter:card\" content=\"summary_large_image\" \/>\n<meta name=\"twitter:label1\" content=\"Est. reading time\" \/>\n\t<meta name=\"twitter:data1\" content=\"1 minute\" \/>\n<script type=\"application\/ld+json\" class=\"yoast-schema-graph\">{\"@context\":\"https:\/\/schema.org\",\"@graph\":[{\"@type\":\"WebPage\",\"@id\":\"https:\/\/pcstock.es\/pt-pt\/producto\/lenovo-thinkcentre-m73-i5-4ogen-4gb-256gb-ssd\/\",\"url\":\"https:\/\/pcstock.es\/pt-pt\/producto\/lenovo-thinkcentre-m73-i5-4ogen-4gb-256gb-ssd\/\",\"name\":\"Lenovo Thinkcentre i5 4\u00ba GEN (3,20GHz) 4GB 256GB SSD\",\"isPartOf\":{\"@id\":\"https:\/\/pcstock.es\/pt-pt\/#website\"},\"datePublished\":\"2021-09-21T09:37:19+00:00\",\"dateModified\":\"2021-09-21T09:37:32+00:00\",\"description\":\"Torre da Lenovo renovada, uma torre de computador barata mas ideal para qualquer tipo de trabalho. Compre-o antes que acabe!\",\"breadcrumb\":{\"@id\":\"https:\/\/pcstock.es\/pt-pt\/producto\/lenovo-thinkcentre-m73-i5-4ogen-4gb-256gb-ssd\/#breadcrumb\"},\"inLanguage\":\"pt-PT\",\"potentialAction\":[{\"@type\":\"ReadAction\",\"target\":[\"https:\/\/pcstock.es\/pt-pt\/producto\/lenovo-thinkcentre-m73-i5-4ogen-4gb-256gb-ssd\/\"]}]},{\"@type\":\"BreadcrumbList\",\"@id\":\"https:\/\/pcstock.es\/pt-pt\/producto\/lenovo-thinkcentre-m73-i5-4ogen-4gb-256gb-ssd\/#breadcrumb\",\"itemListElement\":[{\"@type\":\"ListItem\",\"position\":1,\"name\":\"Portada\",\"item\":\"https:\/\/pcstock.es\/pt-pt\/\"},{\"@type\":\"ListItem\",\"position\":2,\"name\":\"Loja\",\"item\":\"https:\/\/pcstock.es\/pt-pt\/loja\/\"},{\"@type\":\"ListItem\",\"position\":3,\"name\":\"Lenovo Thinkcentre i5 4\u00ba GEN (3,20GHz) 4GB 256GB SSD\"}]},{\"@type\":\"WebSite\",\"@id\":\"https:\/\/pcstock.es\/pt-pt\/#website\",\"url\":\"https:\/\/pcstock.es\/pt-pt\/\",\"name\":\"PC STOCK\",\"description\":\"Ordenadores reacondicionados y accesorios tecnol\u00f3gicos\",\"publisher\":{\"@id\":\"https:\/\/pcstock.es\/pt-pt\/#organization\"},\"potentialAction\":[{\"@type\":\"SearchAction\",\"target\":{\"@type\":\"EntryPoint\",\"urlTemplate\":\"https:\/\/pcstock.es\/pt-pt\/?s={search_term_string}\"},\"query-input\":\"required name=search_term_string\"}],\"inLanguage\":\"pt-PT\"},{\"@type\":\"Organization\",\"@id\":\"https:\/\/pcstock.es\/pt-pt\/#organization\",\"name\":\"Pc Stock\",\"url\":\"https:\/\/pcstock.es\/pt-pt\/\",\"logo\":{\"@type\":\"ImageObject\",\"inLanguage\":\"pt-PT\",\"@id\":\"https:\/\/pcstock.es\/pt-pt\/#\/schema\/logo\/image\/\",\"url\":\"https:\/\/pcstock.es\/wp-content\/uploads\/2020\/11\/logo-pckstock-ordenadores-reacondicionados.png\",\"contentUrl\":\"https:\/\/pcstock.es\/wp-content\/uploads\/2020\/11\/logo-pckstock-ordenadores-reacondicionados.png\",\"width\":268,\"height\":93,\"caption\":\"Pc Stock\"},\"image\":{\"@id\":\"https:\/\/pcstock.es\/pt-pt\/#\/schema\/logo\/image\/\"}}]}<\/script>\n<!-- \/ Yoast SEO plugin. -->","yoast_head_json":{"title":"Lenovo Thinkcentre i5 4\u00ba GEN (3,20GHz) 4GB 256GB SSD","description":"Torre da Lenovo renovada, uma torre de computador barata mas ideal para qualquer tipo de trabalho. Compre-o antes que acabe!","robots":{"index":"index","follow":"follow","max-snippet":"max-snippet:-1","max-image-preview":"max-image-preview:large","max-video-preview":"max-video-preview:-1"},"canonical":"https:\/\/pcstock.es\/pt-pt\/producto\/lenovo-thinkcentre-m73-i5-4ogen-4gb-256gb-ssd\/","og_locale":"pt_PT","og_type":"article","og_title":"Lenovo Thinkcentre i5 4\u00ba GEN (3,20GHz) 4GB 256GB SSD","og_description":"Torre da Lenovo renovada, uma torre de computador barata mas ideal para qualquer tipo de trabalho. Compre-o antes que acabe!","og_url":"https:\/\/pcstock.es\/pt-pt\/producto\/lenovo-thinkcentre-m73-i5-4ogen-4gb-256gb-ssd\/","og_site_name":"PC STOCK","article_modified_time":"2021-09-21T09:37:32+00:00","og_image":[{"width":600,"height":600,"url":"https:\/\/pcstock.es\/wp-content\/uploads\/2020\/12\/lenovo-thinkcentre-m73-i5-45703-20ghz-4gb-256gb-ssd.jpg","type":"image\/jpeg"}],"twitter_card":"summary_large_image","twitter_misc":{"Est. reading time":"1 minute"},"schema":{"@context":"https:\/\/schema.org","@graph":[{"@type":"WebPage","@id":"https:\/\/pcstock.es\/pt-pt\/producto\/lenovo-thinkcentre-m73-i5-4ogen-4gb-256gb-ssd\/","url":"https:\/\/pcstock.es\/pt-pt\/producto\/lenovo-thinkcentre-m73-i5-4ogen-4gb-256gb-ssd\/","name":"Lenovo Thinkcentre i5 4\u00ba GEN (3,20GHz) 4GB 256GB SSD","isPartOf":{"@id":"https:\/\/pcstock.es\/pt-pt\/#website"},"datePublished":"2021-09-21T09:37:19+00:00","dateModified":"2021-09-21T09:37:32+00:00","description":"Torre da Lenovo renovada, uma torre de computador barata mas ideal para qualquer tipo de trabalho. Compre-o antes que acabe!","breadcrumb":{"@id":"https:\/\/pcstock.es\/pt-pt\/producto\/lenovo-thinkcentre-m73-i5-4ogen-4gb-256gb-ssd\/#breadcrumb"},"inLanguage":"pt-PT","potentialAction":[{"@type":"ReadAction","target":["https:\/\/pcstock.es\/pt-pt\/producto\/lenovo-thinkcentre-m73-i5-4ogen-4gb-256gb-ssd\/"]}]},{"@type":"BreadcrumbList","@id":"https:\/\/pcstock.es\/pt-pt\/producto\/lenovo-thinkcentre-m73-i5-4ogen-4gb-256gb-ssd\/#breadcrumb","itemListElement":[{"@type":"ListItem","position":1,"name":"Portada","item":"https:\/\/pcstock.es\/pt-pt\/"},{"@type":"ListItem","position":2,"name":"Loja","item":"https:\/\/pcstock.es\/pt-pt\/loja\/"},{"@type":"ListItem","position":3,"name":"Lenovo Thinkcentre i5 4\u00ba GEN (3,20GHz) 4GB 256GB SSD"}]},{"@type":"WebSite","@id":"https:\/\/pcstock.es\/pt-pt\/#website","url":"https:\/\/pcstock.es\/pt-pt\/","name":"PC STOCK","description":"Ordenadores reacondicionados y accesorios tecnol\u00f3gicos","publisher":{"@id":"https:\/\/pcstock.es\/pt-pt\/#organization"},"potentialAction":[{"@type":"SearchAction","target":{"@type":"EntryPoint","urlTemplate":"https:\/\/pcstock.es\/pt-pt\/?s={search_term_string}"},"query-input":"required name=search_term_string"}],"inLanguage":"pt-PT"},{"@type":"Organization","@id":"https:\/\/pcstock.es\/pt-pt\/#organization","name":"Pc Stock","url":"https:\/\/pcstock.es\/pt-pt\/","logo":{"@type":"ImageObject","inLanguage":"pt-PT","@id":"https:\/\/pcstock.es\/pt-pt\/#\/schema\/logo\/image\/","url":"https:\/\/pcstock.es\/wp-content\/uploads\/2020\/11\/logo-pckstock-ordenadores-reacondicionados.png","contentUrl":"https:\/\/pcstock.es\/wp-content\/uploads\/2020\/11\/logo-pckstock-ordenadores-reacondicionados.png","width":268,"height":93,"caption":"Pc Stock"},"image":{"@id":"https:\/\/pcstock.es\/pt-pt\/#\/schema\/logo\/image\/"}}]}},"_links":{"self":[{"href":"https:\/\/pcstock.es\/pt-pt\/wp-json\/wp\/v2\/product\/1657"}],"collection":[{"href":"https:\/\/pcstock.es\/pt-pt\/wp-json\/wp\/v2\/product"}],"about":[{"href":"https:\/\/pcstock.es\/pt-pt\/wp-json\/wp\/v2\/types\/product"}],"replies":[{"embeddable":true,"href":"https:\/\/pcstock.es\/pt-pt\/wp-json\/wp\/v2\/comments?post=1657"}],"wp:featuredmedia":[{"embeddable":true,"href":"https:\/\/pcstock.es\/pt-pt\/wp-json\/wp\/v2\/media\/1658"}],"wp:attachment":[{"href":"https:\/\/pcstock.es\/pt-pt\/wp-json\/wp\/v2\/media?parent=1657"}],"wp:term":[{"taxonomy":"product_cat","embeddable":true,"href":"https:\/\/pcstock.es\/pt-pt\/wp-json\/wp\/v2\/product_cat?post=1657"},{"taxonomy":"product_tag","embeddable":true,"href":"https:\/\/pcstock.es\/pt-pt\/wp-json\/wp\/v2\/product_tag?post=1657"}],"curies":[{"name":"wp","href":"https:\/\/api.w.org\/{rel}","templated":true}]}}