
{"id":1656,"date":"2021-02-24T08:37:47","date_gmt":"2021-09-21T09:37:19","guid":{"rendered":"https:\/\/pcstock.es\/producto\/ddr2-dimm-ram\/"},"modified":"2021-09-21T09:37:30","modified_gmt":"2021-09-21T09:37:30","slug":"memoria-ram-dimm-ddr-2-533mhz-512mb","status":"publish","type":"product","link":"https:\/\/pcstock.es\/pt-pt\/producto\/memoria-ram-dimm-ddr-2-533mhz-512mb\/","title":{"rendered":"DDR2 DIMM RAM"},"content":{"rendered":"<p>Mem\u00f3ria DDR2 RAM em <strong>perfeito estado de funcionamento<\/strong> e a <strong>um pre\u00e7o imbat\u00edvel <\/strong>. Melhore as capacidades do seu computador desktop com este m\u00f3dulo de RAM DDR2. M\u00f3dulos de mem\u00f3ria de 512 mb e 1 GB est\u00e3o dispon\u00edveis em velocidades de 533 e 667 MHz<\/p>\n","protected":false},"excerpt":{"rendered":"<p>Mem\u00f3ria DDR2 RAM em perfeito estado de funcionamento e a um pre\u00e7o imbat\u00edvel . Melhore as capacidades do seu computador desktop com este m\u00f3dulo de RAM DDR2. M\u00f3dulos de mem\u00f3ria de 512 mb e 1 GB est\u00e3o dispon\u00edveis em velocidades de 533 e 667 MHz<\/p>\n","protected":false},"featured_media":1659,"comment_status":"open","ping_status":"closed","template":"","meta":[],"product_cat":[172,208,207],"product_tag":[174],"yoast_head":"<!-- This site is optimized with the Yoast SEO plugin v20.6 - https:\/\/yoast.com\/wordpress\/plugins\/seo\/ -->\n<title>DDR2 DIMM RAM - PC STOCK<\/title>\n<meta name=\"description\" content=\"RAM DDR2 barata. 512 Mb DDR2 DIMM RAM. P\u00f5e as tuas m\u00e3os nesta mem\u00f3ria barata de carneiro antes que acabe!\" \/>\n<meta name=\"robots\" content=\"index, follow, max-snippet:-1, max-image-preview:large, max-video-preview:-1\" \/>\n<link rel=\"canonical\" href=\"https:\/\/pcstock.es\/pt-pt\/producto\/memoria-ram-dimm-ddr-2-533mhz-512mb\/\" \/>\n<meta property=\"og:locale\" content=\"pt_PT\" \/>\n<meta property=\"og:type\" content=\"article\" \/>\n<meta property=\"og:title\" content=\"DDR2 DIMM RAM - PC STOCK\" \/>\n<meta property=\"og:description\" content=\"RAM DDR2 barata. 512 Mb DDR2 DIMM RAM. P\u00f5e as tuas m\u00e3os nesta mem\u00f3ria barata de carneiro antes que acabe!\" \/>\n<meta property=\"og:url\" content=\"https:\/\/pcstock.es\/pt-pt\/producto\/memoria-ram-dimm-ddr-2-533mhz-512mb\/\" \/>\n<meta property=\"og:site_name\" content=\"PC STOCK\" \/>\n<meta property=\"article:modified_time\" content=\"2021-09-21T09:37:30+00:00\" \/>\n<meta property=\"og:image\" content=\"https:\/\/pcstock.es\/wp-content\/uploads\/2021\/02\/Memoria-RAM-DIMM-DDR-2-533MHz-512Mb.jpg\" \/>\n\t<meta property=\"og:image:width\" content=\"899\" \/>\n\t<meta property=\"og:image:height\" content=\"701\" \/>\n\t<meta property=\"og:image:type\" content=\"image\/jpeg\" \/>\n<meta name=\"twitter:card\" content=\"summary_large_image\" \/>\n<script type=\"application\/ld+json\" class=\"yoast-schema-graph\">{\"@context\":\"https:\/\/schema.org\",\"@graph\":[{\"@type\":\"WebPage\",\"@id\":\"https:\/\/pcstock.es\/pt-pt\/producto\/memoria-ram-dimm-ddr-2-533mhz-512mb\/\",\"url\":\"https:\/\/pcstock.es\/pt-pt\/producto\/memoria-ram-dimm-ddr-2-533mhz-512mb\/\",\"name\":\"DDR2 DIMM RAM - PC STOCK\",\"isPartOf\":{\"@id\":\"https:\/\/pcstock.es\/pt-pt\/#website\"},\"datePublished\":\"2021-09-21T09:37:19+00:00\",\"dateModified\":\"2021-09-21T09:37:30+00:00\",\"description\":\"RAM DDR2 barata. 512 Mb DDR2 DIMM RAM. P\u00f5e as tuas m\u00e3os nesta mem\u00f3ria barata de carneiro antes que acabe!\",\"breadcrumb\":{\"@id\":\"https:\/\/pcstock.es\/pt-pt\/producto\/memoria-ram-dimm-ddr-2-533mhz-512mb\/#breadcrumb\"},\"inLanguage\":\"pt-PT\",\"potentialAction\":[{\"@type\":\"ReadAction\",\"target\":[\"https:\/\/pcstock.es\/pt-pt\/producto\/memoria-ram-dimm-ddr-2-533mhz-512mb\/\"]}]},{\"@type\":\"BreadcrumbList\",\"@id\":\"https:\/\/pcstock.es\/pt-pt\/producto\/memoria-ram-dimm-ddr-2-533mhz-512mb\/#breadcrumb\",\"itemListElement\":[{\"@type\":\"ListItem\",\"position\":1,\"name\":\"Portada\",\"item\":\"https:\/\/pcstock.es\/pt-pt\/\"},{\"@type\":\"ListItem\",\"position\":2,\"name\":\"Loja\",\"item\":\"https:\/\/pcstock.es\/pt-pt\/loja\/\"},{\"@type\":\"ListItem\",\"position\":3,\"name\":\"DDR2 DIMM RAM\"}]},{\"@type\":\"WebSite\",\"@id\":\"https:\/\/pcstock.es\/pt-pt\/#website\",\"url\":\"https:\/\/pcstock.es\/pt-pt\/\",\"name\":\"PC STOCK\",\"description\":\"Ordenadores reacondicionados y accesorios tecnol\u00f3gicos\",\"publisher\":{\"@id\":\"https:\/\/pcstock.es\/pt-pt\/#organization\"},\"potentialAction\":[{\"@type\":\"SearchAction\",\"target\":{\"@type\":\"EntryPoint\",\"urlTemplate\":\"https:\/\/pcstock.es\/pt-pt\/?s={search_term_string}\"},\"query-input\":\"required name=search_term_string\"}],\"inLanguage\":\"pt-PT\"},{\"@type\":\"Organization\",\"@id\":\"https:\/\/pcstock.es\/pt-pt\/#organization\",\"name\":\"Pc Stock\",\"url\":\"https:\/\/pcstock.es\/pt-pt\/\",\"logo\":{\"@type\":\"ImageObject\",\"inLanguage\":\"pt-PT\",\"@id\":\"https:\/\/pcstock.es\/pt-pt\/#\/schema\/logo\/image\/\",\"url\":\"https:\/\/pcstock.es\/wp-content\/uploads\/2020\/11\/logo-pckstock-ordenadores-reacondicionados.png\",\"contentUrl\":\"https:\/\/pcstock.es\/wp-content\/uploads\/2020\/11\/logo-pckstock-ordenadores-reacondicionados.png\",\"width\":268,\"height\":93,\"caption\":\"Pc Stock\"},\"image\":{\"@id\":\"https:\/\/pcstock.es\/pt-pt\/#\/schema\/logo\/image\/\"}}]}<\/script>\n<!-- \/ Yoast SEO plugin. -->","yoast_head_json":{"title":"DDR2 DIMM RAM - PC STOCK","description":"RAM DDR2 barata. 512 Mb DDR2 DIMM RAM. P\u00f5e as tuas m\u00e3os nesta mem\u00f3ria barata de carneiro antes que acabe!","robots":{"index":"index","follow":"follow","max-snippet":"max-snippet:-1","max-image-preview":"max-image-preview:large","max-video-preview":"max-video-preview:-1"},"canonical":"https:\/\/pcstock.es\/pt-pt\/producto\/memoria-ram-dimm-ddr-2-533mhz-512mb\/","og_locale":"pt_PT","og_type":"article","og_title":"DDR2 DIMM RAM - PC STOCK","og_description":"RAM DDR2 barata. 512 Mb DDR2 DIMM RAM. P\u00f5e as tuas m\u00e3os nesta mem\u00f3ria barata de carneiro antes que acabe!","og_url":"https:\/\/pcstock.es\/pt-pt\/producto\/memoria-ram-dimm-ddr-2-533mhz-512mb\/","og_site_name":"PC STOCK","article_modified_time":"2021-09-21T09:37:30+00:00","og_image":[{"width":899,"height":701,"url":"https:\/\/pcstock.es\/wp-content\/uploads\/2021\/02\/Memoria-RAM-DIMM-DDR-2-533MHz-512Mb.jpg","type":"image\/jpeg"}],"twitter_card":"summary_large_image","schema":{"@context":"https:\/\/schema.org","@graph":[{"@type":"WebPage","@id":"https:\/\/pcstock.es\/pt-pt\/producto\/memoria-ram-dimm-ddr-2-533mhz-512mb\/","url":"https:\/\/pcstock.es\/pt-pt\/producto\/memoria-ram-dimm-ddr-2-533mhz-512mb\/","name":"DDR2 DIMM RAM - PC STOCK","isPartOf":{"@id":"https:\/\/pcstock.es\/pt-pt\/#website"},"datePublished":"2021-09-21T09:37:19+00:00","dateModified":"2021-09-21T09:37:30+00:00","description":"RAM DDR2 barata. 512 Mb DDR2 DIMM RAM. P\u00f5e as tuas m\u00e3os nesta mem\u00f3ria barata de carneiro antes que acabe!","breadcrumb":{"@id":"https:\/\/pcstock.es\/pt-pt\/producto\/memoria-ram-dimm-ddr-2-533mhz-512mb\/#breadcrumb"},"inLanguage":"pt-PT","potentialAction":[{"@type":"ReadAction","target":["https:\/\/pcstock.es\/pt-pt\/producto\/memoria-ram-dimm-ddr-2-533mhz-512mb\/"]}]},{"@type":"BreadcrumbList","@id":"https:\/\/pcstock.es\/pt-pt\/producto\/memoria-ram-dimm-ddr-2-533mhz-512mb\/#breadcrumb","itemListElement":[{"@type":"ListItem","position":1,"name":"Portada","item":"https:\/\/pcstock.es\/pt-pt\/"},{"@type":"ListItem","position":2,"name":"Loja","item":"https:\/\/pcstock.es\/pt-pt\/loja\/"},{"@type":"ListItem","position":3,"name":"DDR2 DIMM RAM"}]},{"@type":"WebSite","@id":"https:\/\/pcstock.es\/pt-pt\/#website","url":"https:\/\/pcstock.es\/pt-pt\/","name":"PC STOCK","description":"Ordenadores reacondicionados y accesorios tecnol\u00f3gicos","publisher":{"@id":"https:\/\/pcstock.es\/pt-pt\/#organization"},"potentialAction":[{"@type":"SearchAction","target":{"@type":"EntryPoint","urlTemplate":"https:\/\/pcstock.es\/pt-pt\/?s={search_term_string}"},"query-input":"required name=search_term_string"}],"inLanguage":"pt-PT"},{"@type":"Organization","@id":"https:\/\/pcstock.es\/pt-pt\/#organization","name":"Pc Stock","url":"https:\/\/pcstock.es\/pt-pt\/","logo":{"@type":"ImageObject","inLanguage":"pt-PT","@id":"https:\/\/pcstock.es\/pt-pt\/#\/schema\/logo\/image\/","url":"https:\/\/pcstock.es\/wp-content\/uploads\/2020\/11\/logo-pckstock-ordenadores-reacondicionados.png","contentUrl":"https:\/\/pcstock.es\/wp-content\/uploads\/2020\/11\/logo-pckstock-ordenadores-reacondicionados.png","width":268,"height":93,"caption":"Pc Stock"},"image":{"@id":"https:\/\/pcstock.es\/pt-pt\/#\/schema\/logo\/image\/"}}]}},"_links":{"self":[{"href":"https:\/\/pcstock.es\/pt-pt\/wp-json\/wp\/v2\/product\/1656"}],"collection":[{"href":"https:\/\/pcstock.es\/pt-pt\/wp-json\/wp\/v2\/product"}],"about":[{"href":"https:\/\/pcstock.es\/pt-pt\/wp-json\/wp\/v2\/types\/product"}],"replies":[{"embeddable":true,"href":"https:\/\/pcstock.es\/pt-pt\/wp-json\/wp\/v2\/comments?post=1656"}],"wp:featuredmedia":[{"embeddable":true,"href":"https:\/\/pcstock.es\/pt-pt\/wp-json\/wp\/v2\/media\/1659"}],"wp:attachment":[{"href":"https:\/\/pcstock.es\/pt-pt\/wp-json\/wp\/v2\/media?parent=1656"}],"wp:term":[{"taxonomy":"product_cat","embeddable":true,"href":"https:\/\/pcstock.es\/pt-pt\/wp-json\/wp\/v2\/product_cat?post=1656"},{"taxonomy":"product_tag","embeddable":true,"href":"https:\/\/pcstock.es\/pt-pt\/wp-json\/wp\/v2\/product_tag?post=1656"}],"curies":[{"name":"wp","href":"https:\/\/api.w.org\/{rel}","templated":true}]}}