
{"id":1653,"date":"2021-04-30T14:26:11","date_gmt":"2021-09-21T09:37:16","guid":{"rendered":"https:\/\/pcstock.es\/producto\/estojo-para-notebook-hp\/"},"modified":"2021-11-24T21:17:55","modified_gmt":"2021-11-24T21:17:55","slug":"maletin-portatil-hp-15-6","status":"publish","type":"product","link":"https:\/\/pcstock.es\/pt-pt\/producto\/maletin-portatil-hp-15-6\/","title":{"rendered":"Estojo para notebook HP"},"content":{"rendered":"<p>\u00d3ptima mala para levar o seu port\u00e1til. N\u00e3o perca a oportunidade de ter esta pasta com \u00f3ptimo aspecto e estilo a um pre\u00e7o imbat\u00edvel!<br \/>\nAdequado para cadernos at\u00e9 15,6&#8243;.<\/p>\n","protected":false},"excerpt":{"rendered":"<p>Com este fant\u00e1stico estojo voc\u00ea pode facilmente levar o seu laptop com voc\u00ea, onde quer que voc\u00ea v\u00e1.<br \/>\nDesfrute deste estojo elegantemente acabado para port\u00e1til a um pre\u00e7o imbat\u00edvel. Despacha-te, eles est\u00e3o a acabar!<\/p>\n","protected":false},"featured_media":1654,"comment_status":"open","ping_status":"closed","template":"","meta":[],"product_cat":[202],"product_tag":[],"yoast_head":"<!-- This site is optimized with the Yoast SEO plugin v20.6 - https:\/\/yoast.com\/wordpress\/plugins\/seo\/ -->\n<title>Estojo para notebook HP - PC STOCK<\/title>\n<meta name=\"description\" content=\"Estojo para port\u00e1til a um pre\u00e7o insano. Estilo de caixa para cadernos at\u00e9 15,6&quot;. Corram antes que eles se esgotem!\" \/>\n<meta name=\"robots\" content=\"index, follow, max-snippet:-1, max-image-preview:large, max-video-preview:-1\" \/>\n<link rel=\"canonical\" href=\"https:\/\/pcstock.es\/pt-pt\/producto\/maletin-portatil-hp-15-6\/\" \/>\n<meta property=\"og:locale\" content=\"pt_PT\" \/>\n<meta property=\"og:type\" content=\"article\" \/>\n<meta property=\"og:title\" content=\"Estojo para notebook HP - PC STOCK\" \/>\n<meta property=\"og:description\" content=\"Estojo para port\u00e1til a um pre\u00e7o insano. Estilo de caixa para cadernos at\u00e9 15,6&quot;. Corram antes que eles se esgotem!\" \/>\n<meta property=\"og:url\" content=\"https:\/\/pcstock.es\/pt-pt\/producto\/maletin-portatil-hp-15-6\/\" \/>\n<meta property=\"og:site_name\" content=\"PC STOCK\" \/>\n<meta property=\"article:modified_time\" content=\"2021-11-24T21:17:55+00:00\" \/>\n<meta property=\"og:image\" content=\"https:\/\/pcstock.es\/wp-content\/uploads\/2021\/04\/maletin-portatil-hp-1.jpg\" \/>\n\t<meta property=\"og:image:width\" content=\"800\" \/>\n\t<meta property=\"og:image:height\" content=\"800\" \/>\n\t<meta property=\"og:image:type\" content=\"image\/jpeg\" \/>\n<meta name=\"twitter:card\" content=\"summary_large_image\" \/>\n<script type=\"application\/ld+json\" class=\"yoast-schema-graph\">{\"@context\":\"https:\/\/schema.org\",\"@graph\":[{\"@type\":\"WebPage\",\"@id\":\"https:\/\/pcstock.es\/pt-pt\/producto\/maletin-portatil-hp-15-6\/\",\"url\":\"https:\/\/pcstock.es\/pt-pt\/producto\/maletin-portatil-hp-15-6\/\",\"name\":\"Estojo para notebook HP - PC STOCK\",\"isPartOf\":{\"@id\":\"https:\/\/pcstock.es\/pt-pt\/#website\"},\"datePublished\":\"2021-09-21T09:37:16+00:00\",\"dateModified\":\"2021-11-24T21:17:55+00:00\",\"description\":\"Estojo para port\u00e1til a um pre\u00e7o insano. Estilo de caixa para cadernos at\u00e9 15,6\\\". Corram antes que eles se esgotem!\",\"breadcrumb\":{\"@id\":\"https:\/\/pcstock.es\/pt-pt\/producto\/maletin-portatil-hp-15-6\/#breadcrumb\"},\"inLanguage\":\"pt-PT\",\"potentialAction\":[{\"@type\":\"ReadAction\",\"target\":[\"https:\/\/pcstock.es\/pt-pt\/producto\/maletin-portatil-hp-15-6\/\"]}]},{\"@type\":\"BreadcrumbList\",\"@id\":\"https:\/\/pcstock.es\/pt-pt\/producto\/maletin-portatil-hp-15-6\/#breadcrumb\",\"itemListElement\":[{\"@type\":\"ListItem\",\"position\":1,\"name\":\"Portada\",\"item\":\"https:\/\/pcstock.es\/pt-pt\/\"},{\"@type\":\"ListItem\",\"position\":2,\"name\":\"Loja\",\"item\":\"https:\/\/pcstock.es\/pt-pt\/loja\/\"},{\"@type\":\"ListItem\",\"position\":3,\"name\":\"Estojo para notebook HP\"}]},{\"@type\":\"WebSite\",\"@id\":\"https:\/\/pcstock.es\/pt-pt\/#website\",\"url\":\"https:\/\/pcstock.es\/pt-pt\/\",\"name\":\"PC STOCK\",\"description\":\"Ordenadores reacondicionados y accesorios tecnol\u00f3gicos\",\"publisher\":{\"@id\":\"https:\/\/pcstock.es\/pt-pt\/#organization\"},\"potentialAction\":[{\"@type\":\"SearchAction\",\"target\":{\"@type\":\"EntryPoint\",\"urlTemplate\":\"https:\/\/pcstock.es\/pt-pt\/?s={search_term_string}\"},\"query-input\":\"required name=search_term_string\"}],\"inLanguage\":\"pt-PT\"},{\"@type\":\"Organization\",\"@id\":\"https:\/\/pcstock.es\/pt-pt\/#organization\",\"name\":\"Pc Stock\",\"url\":\"https:\/\/pcstock.es\/pt-pt\/\",\"logo\":{\"@type\":\"ImageObject\",\"inLanguage\":\"pt-PT\",\"@id\":\"https:\/\/pcstock.es\/pt-pt\/#\/schema\/logo\/image\/\",\"url\":\"https:\/\/pcstock.es\/wp-content\/uploads\/2020\/11\/logo-pckstock-ordenadores-reacondicionados.png\",\"contentUrl\":\"https:\/\/pcstock.es\/wp-content\/uploads\/2020\/11\/logo-pckstock-ordenadores-reacondicionados.png\",\"width\":268,\"height\":93,\"caption\":\"Pc Stock\"},\"image\":{\"@id\":\"https:\/\/pcstock.es\/pt-pt\/#\/schema\/logo\/image\/\"}}]}<\/script>\n<!-- \/ Yoast SEO plugin. -->","yoast_head_json":{"title":"Estojo para notebook HP - PC STOCK","description":"Estojo para port\u00e1til a um pre\u00e7o insano. Estilo de caixa para cadernos at\u00e9 15,6\". Corram antes que eles se esgotem!","robots":{"index":"index","follow":"follow","max-snippet":"max-snippet:-1","max-image-preview":"max-image-preview:large","max-video-preview":"max-video-preview:-1"},"canonical":"https:\/\/pcstock.es\/pt-pt\/producto\/maletin-portatil-hp-15-6\/","og_locale":"pt_PT","og_type":"article","og_title":"Estojo para notebook HP - PC STOCK","og_description":"Estojo para port\u00e1til a um pre\u00e7o insano. Estilo de caixa para cadernos at\u00e9 15,6\". Corram antes que eles se esgotem!","og_url":"https:\/\/pcstock.es\/pt-pt\/producto\/maletin-portatil-hp-15-6\/","og_site_name":"PC STOCK","article_modified_time":"2021-11-24T21:17:55+00:00","og_image":[{"width":800,"height":800,"url":"https:\/\/pcstock.es\/wp-content\/uploads\/2021\/04\/maletin-portatil-hp-1.jpg","type":"image\/jpeg"}],"twitter_card":"summary_large_image","schema":{"@context":"https:\/\/schema.org","@graph":[{"@type":"WebPage","@id":"https:\/\/pcstock.es\/pt-pt\/producto\/maletin-portatil-hp-15-6\/","url":"https:\/\/pcstock.es\/pt-pt\/producto\/maletin-portatil-hp-15-6\/","name":"Estojo para notebook HP - PC STOCK","isPartOf":{"@id":"https:\/\/pcstock.es\/pt-pt\/#website"},"datePublished":"2021-09-21T09:37:16+00:00","dateModified":"2021-11-24T21:17:55+00:00","description":"Estojo para port\u00e1til a um pre\u00e7o insano. Estilo de caixa para cadernos at\u00e9 15,6\". Corram antes que eles se esgotem!","breadcrumb":{"@id":"https:\/\/pcstock.es\/pt-pt\/producto\/maletin-portatil-hp-15-6\/#breadcrumb"},"inLanguage":"pt-PT","potentialAction":[{"@type":"ReadAction","target":["https:\/\/pcstock.es\/pt-pt\/producto\/maletin-portatil-hp-15-6\/"]}]},{"@type":"BreadcrumbList","@id":"https:\/\/pcstock.es\/pt-pt\/producto\/maletin-portatil-hp-15-6\/#breadcrumb","itemListElement":[{"@type":"ListItem","position":1,"name":"Portada","item":"https:\/\/pcstock.es\/pt-pt\/"},{"@type":"ListItem","position":2,"name":"Loja","item":"https:\/\/pcstock.es\/pt-pt\/loja\/"},{"@type":"ListItem","position":3,"name":"Estojo para notebook HP"}]},{"@type":"WebSite","@id":"https:\/\/pcstock.es\/pt-pt\/#website","url":"https:\/\/pcstock.es\/pt-pt\/","name":"PC STOCK","description":"Ordenadores reacondicionados y accesorios tecnol\u00f3gicos","publisher":{"@id":"https:\/\/pcstock.es\/pt-pt\/#organization"},"potentialAction":[{"@type":"SearchAction","target":{"@type":"EntryPoint","urlTemplate":"https:\/\/pcstock.es\/pt-pt\/?s={search_term_string}"},"query-input":"required name=search_term_string"}],"inLanguage":"pt-PT"},{"@type":"Organization","@id":"https:\/\/pcstock.es\/pt-pt\/#organization","name":"Pc Stock","url":"https:\/\/pcstock.es\/pt-pt\/","logo":{"@type":"ImageObject","inLanguage":"pt-PT","@id":"https:\/\/pcstock.es\/pt-pt\/#\/schema\/logo\/image\/","url":"https:\/\/pcstock.es\/wp-content\/uploads\/2020\/11\/logo-pckstock-ordenadores-reacondicionados.png","contentUrl":"https:\/\/pcstock.es\/wp-content\/uploads\/2020\/11\/logo-pckstock-ordenadores-reacondicionados.png","width":268,"height":93,"caption":"Pc Stock"},"image":{"@id":"https:\/\/pcstock.es\/pt-pt\/#\/schema\/logo\/image\/"}}]}},"_links":{"self":[{"href":"https:\/\/pcstock.es\/pt-pt\/wp-json\/wp\/v2\/product\/1653"}],"collection":[{"href":"https:\/\/pcstock.es\/pt-pt\/wp-json\/wp\/v2\/product"}],"about":[{"href":"https:\/\/pcstock.es\/pt-pt\/wp-json\/wp\/v2\/types\/product"}],"replies":[{"embeddable":true,"href":"https:\/\/pcstock.es\/pt-pt\/wp-json\/wp\/v2\/comments?post=1653"}],"wp:featuredmedia":[{"embeddable":true,"href":"https:\/\/pcstock.es\/pt-pt\/wp-json\/wp\/v2\/media\/1654"}],"wp:attachment":[{"href":"https:\/\/pcstock.es\/pt-pt\/wp-json\/wp\/v2\/media?parent=1653"}],"wp:term":[{"taxonomy":"product_cat","embeddable":true,"href":"https:\/\/pcstock.es\/pt-pt\/wp-json\/wp\/v2\/product_cat?post=1653"},{"taxonomy":"product_tag","embeddable":true,"href":"https:\/\/pcstock.es\/pt-pt\/wp-json\/wp\/v2\/product_tag?post=1653"}],"curies":[{"name":"wp","href":"https:\/\/api.w.org\/{rel}","templated":true}]}}