
{"id":1640,"date":"2020-12-03T10:01:00","date_gmt":"2021-09-21T09:37:01","guid":{"rendered":"https:\/\/pcstock.es\/producto\/samsung-galaxy-tab-s2-32gb-9-7-wifi-4g\/"},"modified":"2021-09-21T22:53:45","modified_gmt":"2021-09-21T22:53:45","slug":"samsung-galaxy-tab-s2-32gb-9-7","status":"publish","type":"product","link":"https:\/\/pcstock.es\/pt-pt\/producto\/samsung-galaxy-tab-s2-32gb-9-7\/","title":{"rendered":"Samsung Galaxy Tab S2 32GB 9.7 WIFI + 4G"},"content":{"rendered":"<p>Estamos conscientes de que a compra de um comprimido pode por vezes tornar-se um investimento, por isso lhe oferecemos esta super oferta, com a qual pode <strong>desfrutar de um comprimido barato e poderoso <\/strong>que pode ter <strong>em casa em poucos dias<\/strong>.<\/p>\n<p>Desfrute deste tablet Samsung Galaxy Tab S2 9.7 remodelado a um pre\u00e7o insano! Samsung Galaxy Tab S2 9.7 <strong>remodelado por profissionais, perfeitamente funcional e em \u00f3ptimas condi\u00e7\u00f5es<\/strong>.<\/p>\n<p>Sua <strong>RAM de 3GB<\/strong>, <strong>processador de 8 n\u00facleos de 1,8 GHz<\/strong> e <strong>tela de 9,7 polegadas<\/strong> fazem deste tablet uma ferramenta ideal para qualquer tarefa geral.<\/p>\n<p>Voc\u00ea pode usar este tablet para trabalhar, ler, organizar suas fotos, verificar seu correio, assistir filmes e at\u00e9 mesmo jogar!<\/p>\n<p>N\u00e3o encontrar\u00e1 outro comprimido<strong> com estas caracter\u00edsticas a este pre\u00e7o no mercado<\/strong>, nem sequer um comprimido de segunda m\u00e3o.<\/p>\n<p>De que est\u00e1s \u00e0 espera para o comprar? E se eu lhe dissesse que todos os nossos produtos <strong>v\u00eam com um ano de garantia<\/strong>? ?<\/p>\n<p>*carregador compat\u00edvel inclu\u00eddo<\/p>\n","protected":false},"excerpt":{"rendered":"<p>Aproveite este poderoso tablet Samsung Galaxy Tab S2 a um pre\u00e7o insano. Verifique o seu e-mail, navegue, organize as suas fotografias, fa\u00e7a os seus trabalhos de casa, ou simplesmente veja filmes ou jogue os seus jogos favoritos neste tablet a um pre\u00e7o muito baixo.  <strong>Voc\u00ea n\u00e3o vai encontrar um tablet Samsung Galaxy Tab s2 mais barato<\/strong> com estas especifica\u00e7\u00f5es em nenhuma outra loja.  <strong>Compre agora e dentro de alguns dias, ser\u00e1 entregue em sua casa!<\/strong><\/p>\n<p>De que est\u00e1s \u00e0 espera? E se ficarmos sem eles?<\/p>\n","protected":false},"featured_media":1643,"comment_status":"open","ping_status":"closed","template":"","meta":[],"product_cat":[180],"product_tag":[],"yoast_head":"<!-- This site is optimized with the Yoast SEO plugin v20.6 - https:\/\/yoast.com\/wordpress\/plugins\/seo\/ -->\n<title>Samsung Galaxy Tab S2 32GB 9.7 WIFI + 4G recondicionada - PC STOCK<\/title>\n<meta name=\"description\" content=\"Samsung Galaxy Tab S2 9.7 Tabuleta renovada. Um comprimido barato mas muito potente com um ano de garantia, o que est\u00e1 \u00e0 espera para o comprar?\" \/>\n<meta name=\"robots\" content=\"index, follow, max-snippet:-1, max-image-preview:large, max-video-preview:-1\" \/>\n<link rel=\"canonical\" href=\"https:\/\/pcstock.es\/pt-pt\/producto\/samsung-galaxy-tab-s2-32gb-9-7\/\" \/>\n<meta property=\"og:locale\" content=\"pt_PT\" \/>\n<meta property=\"og:type\" content=\"article\" \/>\n<meta property=\"og:title\" content=\"Samsung Galaxy Tab S2 32GB 9.7 WIFI + 4G recondicionada - PC STOCK\" \/>\n<meta property=\"og:description\" content=\"Samsung Galaxy Tab S2 9.7 Tabuleta renovada. Um comprimido barato mas muito potente com um ano de garantia, o que est\u00e1 \u00e0 espera para o comprar?\" \/>\n<meta property=\"og:url\" content=\"https:\/\/pcstock.es\/pt-pt\/producto\/samsung-galaxy-tab-s2-32gb-9-7\/\" \/>\n<meta property=\"og:site_name\" content=\"PC STOCK\" \/>\n<meta property=\"article:modified_time\" content=\"2021-09-21T22:53:45+00:00\" \/>\n<meta property=\"og:image\" content=\"https:\/\/pcstock.es\/wp-content\/uploads\/2020\/12\/tablet-Samsung-Galaxy-Tab-S2-32GB-9-tablet-barata-trabajar.jpg\" \/>\n\t<meta property=\"og:image:width\" content=\"600\" \/>\n\t<meta property=\"og:image:height\" content=\"600\" \/>\n\t<meta property=\"og:image:type\" content=\"image\/jpeg\" \/>\n<meta name=\"twitter:card\" content=\"summary_large_image\" \/>\n<meta name=\"twitter:label1\" content=\"Est. reading time\" \/>\n\t<meta name=\"twitter:data1\" content=\"1 minute\" \/>\n<script type=\"application\/ld+json\" class=\"yoast-schema-graph\">{\"@context\":\"https:\/\/schema.org\",\"@graph\":[{\"@type\":\"WebPage\",\"@id\":\"https:\/\/pcstock.es\/pt-pt\/producto\/samsung-galaxy-tab-s2-32gb-9-7\/\",\"url\":\"https:\/\/pcstock.es\/pt-pt\/producto\/samsung-galaxy-tab-s2-32gb-9-7\/\",\"name\":\"Samsung Galaxy Tab S2 32GB 9.7 WIFI + 4G recondicionada - PC STOCK\",\"isPartOf\":{\"@id\":\"https:\/\/pcstock.es\/pt-pt\/#website\"},\"datePublished\":\"2021-09-21T09:37:01+00:00\",\"dateModified\":\"2021-09-21T22:53:45+00:00\",\"description\":\"Samsung Galaxy Tab S2 9.7 Tabuleta renovada. Um comprimido barato mas muito potente com um ano de garantia, o que est\u00e1 \u00e0 espera para o comprar?\",\"breadcrumb\":{\"@id\":\"https:\/\/pcstock.es\/pt-pt\/producto\/samsung-galaxy-tab-s2-32gb-9-7\/#breadcrumb\"},\"inLanguage\":\"pt-PT\",\"potentialAction\":[{\"@type\":\"ReadAction\",\"target\":[\"https:\/\/pcstock.es\/pt-pt\/producto\/samsung-galaxy-tab-s2-32gb-9-7\/\"]}]},{\"@type\":\"BreadcrumbList\",\"@id\":\"https:\/\/pcstock.es\/pt-pt\/producto\/samsung-galaxy-tab-s2-32gb-9-7\/#breadcrumb\",\"itemListElement\":[{\"@type\":\"ListItem\",\"position\":1,\"name\":\"Portada\",\"item\":\"https:\/\/pcstock.es\/pt-pt\/\"},{\"@type\":\"ListItem\",\"position\":2,\"name\":\"Loja\",\"item\":\"https:\/\/pcstock.es\/pt-pt\/loja\/\"},{\"@type\":\"ListItem\",\"position\":3,\"name\":\"Samsung Galaxy Tab S2 32GB 9.7 WIFI + 4G\"}]},{\"@type\":\"WebSite\",\"@id\":\"https:\/\/pcstock.es\/pt-pt\/#website\",\"url\":\"https:\/\/pcstock.es\/pt-pt\/\",\"name\":\"PC STOCK\",\"description\":\"Ordenadores reacondicionados y accesorios tecnol\u00f3gicos\",\"publisher\":{\"@id\":\"https:\/\/pcstock.es\/pt-pt\/#organization\"},\"potentialAction\":[{\"@type\":\"SearchAction\",\"target\":{\"@type\":\"EntryPoint\",\"urlTemplate\":\"https:\/\/pcstock.es\/pt-pt\/?s={search_term_string}\"},\"query-input\":\"required name=search_term_string\"}],\"inLanguage\":\"pt-PT\"},{\"@type\":\"Organization\",\"@id\":\"https:\/\/pcstock.es\/pt-pt\/#organization\",\"name\":\"Pc Stock\",\"url\":\"https:\/\/pcstock.es\/pt-pt\/\",\"logo\":{\"@type\":\"ImageObject\",\"inLanguage\":\"pt-PT\",\"@id\":\"https:\/\/pcstock.es\/pt-pt\/#\/schema\/logo\/image\/\",\"url\":\"https:\/\/pcstock.es\/wp-content\/uploads\/2020\/11\/logo-pckstock-ordenadores-reacondicionados.png\",\"contentUrl\":\"https:\/\/pcstock.es\/wp-content\/uploads\/2020\/11\/logo-pckstock-ordenadores-reacondicionados.png\",\"width\":268,\"height\":93,\"caption\":\"Pc Stock\"},\"image\":{\"@id\":\"https:\/\/pcstock.es\/pt-pt\/#\/schema\/logo\/image\/\"}}]}<\/script>\n<!-- \/ Yoast SEO plugin. -->","yoast_head_json":{"title":"Samsung Galaxy Tab S2 32GB 9.7 WIFI + 4G recondicionada - PC STOCK","description":"Samsung Galaxy Tab S2 9.7 Tabuleta renovada. Um comprimido barato mas muito potente com um ano de garantia, o que est\u00e1 \u00e0 espera para o comprar?","robots":{"index":"index","follow":"follow","max-snippet":"max-snippet:-1","max-image-preview":"max-image-preview:large","max-video-preview":"max-video-preview:-1"},"canonical":"https:\/\/pcstock.es\/pt-pt\/producto\/samsung-galaxy-tab-s2-32gb-9-7\/","og_locale":"pt_PT","og_type":"article","og_title":"Samsung Galaxy Tab S2 32GB 9.7 WIFI + 4G recondicionada - PC STOCK","og_description":"Samsung Galaxy Tab S2 9.7 Tabuleta renovada. Um comprimido barato mas muito potente com um ano de garantia, o que est\u00e1 \u00e0 espera para o comprar?","og_url":"https:\/\/pcstock.es\/pt-pt\/producto\/samsung-galaxy-tab-s2-32gb-9-7\/","og_site_name":"PC STOCK","article_modified_time":"2021-09-21T22:53:45+00:00","og_image":[{"width":600,"height":600,"url":"https:\/\/pcstock.es\/wp-content\/uploads\/2020\/12\/tablet-Samsung-Galaxy-Tab-S2-32GB-9-tablet-barata-trabajar.jpg","type":"image\/jpeg"}],"twitter_card":"summary_large_image","twitter_misc":{"Est. reading time":"1 minute"},"schema":{"@context":"https:\/\/schema.org","@graph":[{"@type":"WebPage","@id":"https:\/\/pcstock.es\/pt-pt\/producto\/samsung-galaxy-tab-s2-32gb-9-7\/","url":"https:\/\/pcstock.es\/pt-pt\/producto\/samsung-galaxy-tab-s2-32gb-9-7\/","name":"Samsung Galaxy Tab S2 32GB 9.7 WIFI + 4G recondicionada - PC STOCK","isPartOf":{"@id":"https:\/\/pcstock.es\/pt-pt\/#website"},"datePublished":"2021-09-21T09:37:01+00:00","dateModified":"2021-09-21T22:53:45+00:00","description":"Samsung Galaxy Tab S2 9.7 Tabuleta renovada. Um comprimido barato mas muito potente com um ano de garantia, o que est\u00e1 \u00e0 espera para o comprar?","breadcrumb":{"@id":"https:\/\/pcstock.es\/pt-pt\/producto\/samsung-galaxy-tab-s2-32gb-9-7\/#breadcrumb"},"inLanguage":"pt-PT","potentialAction":[{"@type":"ReadAction","target":["https:\/\/pcstock.es\/pt-pt\/producto\/samsung-galaxy-tab-s2-32gb-9-7\/"]}]},{"@type":"BreadcrumbList","@id":"https:\/\/pcstock.es\/pt-pt\/producto\/samsung-galaxy-tab-s2-32gb-9-7\/#breadcrumb","itemListElement":[{"@type":"ListItem","position":1,"name":"Portada","item":"https:\/\/pcstock.es\/pt-pt\/"},{"@type":"ListItem","position":2,"name":"Loja","item":"https:\/\/pcstock.es\/pt-pt\/loja\/"},{"@type":"ListItem","position":3,"name":"Samsung Galaxy Tab S2 32GB 9.7 WIFI + 4G"}]},{"@type":"WebSite","@id":"https:\/\/pcstock.es\/pt-pt\/#website","url":"https:\/\/pcstock.es\/pt-pt\/","name":"PC STOCK","description":"Ordenadores reacondicionados y accesorios tecnol\u00f3gicos","publisher":{"@id":"https:\/\/pcstock.es\/pt-pt\/#organization"},"potentialAction":[{"@type":"SearchAction","target":{"@type":"EntryPoint","urlTemplate":"https:\/\/pcstock.es\/pt-pt\/?s={search_term_string}"},"query-input":"required name=search_term_string"}],"inLanguage":"pt-PT"},{"@type":"Organization","@id":"https:\/\/pcstock.es\/pt-pt\/#organization","name":"Pc Stock","url":"https:\/\/pcstock.es\/pt-pt\/","logo":{"@type":"ImageObject","inLanguage":"pt-PT","@id":"https:\/\/pcstock.es\/pt-pt\/#\/schema\/logo\/image\/","url":"https:\/\/pcstock.es\/wp-content\/uploads\/2020\/11\/logo-pckstock-ordenadores-reacondicionados.png","contentUrl":"https:\/\/pcstock.es\/wp-content\/uploads\/2020\/11\/logo-pckstock-ordenadores-reacondicionados.png","width":268,"height":93,"caption":"Pc Stock"},"image":{"@id":"https:\/\/pcstock.es\/pt-pt\/#\/schema\/logo\/image\/"}}]}},"_links":{"self":[{"href":"https:\/\/pcstock.es\/pt-pt\/wp-json\/wp\/v2\/product\/1640"}],"collection":[{"href":"https:\/\/pcstock.es\/pt-pt\/wp-json\/wp\/v2\/product"}],"about":[{"href":"https:\/\/pcstock.es\/pt-pt\/wp-json\/wp\/v2\/types\/product"}],"replies":[{"embeddable":true,"href":"https:\/\/pcstock.es\/pt-pt\/wp-json\/wp\/v2\/comments?post=1640"}],"wp:featuredmedia":[{"embeddable":true,"href":"https:\/\/pcstock.es\/pt-pt\/wp-json\/wp\/v2\/media\/1643"}],"wp:attachment":[{"href":"https:\/\/pcstock.es\/pt-pt\/wp-json\/wp\/v2\/media?parent=1640"}],"wp:term":[{"taxonomy":"product_cat","embeddable":true,"href":"https:\/\/pcstock.es\/pt-pt\/wp-json\/wp\/v2\/product_cat?post=1640"},{"taxonomy":"product_tag","embeddable":true,"href":"https:\/\/pcstock.es\/pt-pt\/wp-json\/wp\/v2\/product_tag?post=1640"}],"curies":[{"name":"wp","href":"https:\/\/api.w.org\/{rel}","templated":true}]}}