
{"id":1615,"date":"2020-12-16T17:51:20","date_gmt":"2021-09-21T09:36:09","guid":{"rendered":"https:\/\/pcstock.es\/producto\/lenovo-thinkcentre-m91p-i5-2400-3-10ghz-8gb-250gb-computador-de-jogos\/"},"modified":"2021-09-21T09:36:54","modified_gmt":"2021-09-21T09:36:54","slug":"ordenador-gaming-barato-lenovo-thinkcentre-m91p-i5-2400-3-10ghz-8gb-250gb","status":"publish","type":"product","link":"https:\/\/pcstock.es\/pt-pt\/producto\/ordenador-gaming-barato-lenovo-thinkcentre-m91p-i5-2400-3-10ghz-8gb-250gb\/","title":{"rendered":"Lenovo ThinkCentre M91p i5-2400 (3.10Ghz) 8GB 250GB Computador de jogos"},"content":{"rendered":"<p>Computador Lenovo Thinkcentre M91p com processador<strong> Intel Core i5<\/strong> 3.10 Ghz, 8GB de<strong>RAM<\/strong> e <strong>disco r\u00edgido de 250GB<\/strong>. Voc\u00ea pode pensar que construir seu pr\u00f3prio desktop \u00e9 um grande investimento, mas com este computador barato Lenovo Thinkcentre S500 Tower, voc\u00ea pode ter um computador<strong> desktop barato<\/strong> sem quebrar o banco.<\/p>\n<p>Crie o seu pr\u00f3prio PC de mesa acess\u00edvel com esta fant\u00e1stica torre de computadores. Com este computador, voc\u00ea pode teletrabalhar, estudar e instalar qualquer ferramenta de escrit\u00f3rio.<\/p>\n<p>Ele expande suas capacidades adicionando mais mem\u00f3ria, disco r\u00edgido e gr\u00e1ficos melhorados. Com as nossas actualiza\u00e7\u00f5es, <strong>pode ter at\u00e9 16 GB de ram e placa gr\u00e1fica Nvidia 1030 2G DDR5<\/strong> e criar o seu pr\u00f3prio <strong>computador de jogo barato<\/strong> para jogar os seus jogos preferidos. O que voc\u00ea est\u00e1 esperando para construir sua pr\u00f3pria<strong> torre de jogo barata<\/strong> para jogar rs, minecraft, fornite ou qualquer um de seus esportes eletr\u00f4nicos favoritos?<\/p>\n<p>E se eu lhe dissesse que todos os nossos produtos <strong>v\u00eam com um ano de garantia<\/strong>? De que est\u00e1s \u00e0 espera para o comprar? Para acabar?<\/p>\n<p>N\u00e3o perca a oportunidade de criar o seu <strong>pr\u00f3prio desktop acess\u00edvel<\/strong> com esta exclusiva torre remodelada.<\/p>\n<p>Monitor n\u00e3o inclu\u00eddo.<\/p>\n","protected":false},"excerpt":{"rendered":"<p>Aproveite esta poderosa torre Lenovo Thinkcentre M91p com <strong>processador i5 e 8GB de RAM<\/strong> a um pre\u00e7o insano. Verifique seu correio, navegue, organize suas fotos, fa\u00e7a sua li\u00e7\u00e3o de casa, ou simplesmente assista a filmes ou jogue seus jogos favoritos nesta torre de PC a um pre\u00e7o muito alto. <strong>Voc\u00ea n\u00e3o encontrar\u00e1 PCs torre a este pre\u00e7o e<\/strong> com estas especifica\u00e7\u00f5es em nenhuma outra loja.<\/p>\n<p>Gostaria de ter um <strong>computador barato para jogar gta roleplay ou qualquer um dos seus jogos favoritos<\/strong>? Com nossas atualiza\u00e7\u00f5es de mem\u00f3ria e gr\u00e1ficos, voc\u00ea pode construir um <strong>PC de jogo barato<\/strong>, <strong>compr\u00e1-lo agora e t\u00ea-lo em casa em alguns dias!<\/strong><\/p>\n<p>De que est\u00e1s \u00e0 espera? E se ficarmos sem eles?<\/p>\n","protected":false},"featured_media":1934,"comment_status":"open","ping_status":"closed","template":"","meta":[],"product_cat":[189],"product_tag":[],"yoast_head":"<!-- This site is optimized with the Yoast SEO plugin v20.6 - https:\/\/yoast.com\/wordpress\/plugins\/seo\/ -->\n<title>Lenovo ThinkCentre M91p i5-2400 (3.10Ghz) 8GB 250GB Computador de jogos - PC STOCK<\/title>\n<meta name=\"description\" content=\"Lenovo ThinkCentre M91p i5, computador de jogo barato em perfeitas condi\u00e7\u00f5es de funcionamento. Poderosa torre remodelada a um pre\u00e7o insano. Frete gr\u00e1tis!\" \/>\n<meta name=\"robots\" content=\"index, follow, max-snippet:-1, max-image-preview:large, max-video-preview:-1\" \/>\n<link rel=\"canonical\" href=\"https:\/\/pcstock.es\/pt-pt\/producto\/ordenador-gaming-barato-lenovo-thinkcentre-m91p-i5-2400-3-10ghz-8gb-250gb\/\" \/>\n<meta property=\"og:locale\" content=\"pt_PT\" \/>\n<meta property=\"og:type\" content=\"article\" \/>\n<meta property=\"og:title\" content=\"Lenovo ThinkCentre M91p i5-2400 (3.10Ghz) 8GB 250GB Computador de jogos - PC STOCK\" \/>\n<meta property=\"og:description\" content=\"Lenovo ThinkCentre M91p i5, computador de jogo barato em perfeitas condi\u00e7\u00f5es de funcionamento. Poderosa torre remodelada a um pre\u00e7o insano. Frete gr\u00e1tis!\" \/>\n<meta property=\"og:url\" content=\"https:\/\/pcstock.es\/pt-pt\/producto\/ordenador-gaming-barato-lenovo-thinkcentre-m91p-i5-2400-3-10ghz-8gb-250gb\/\" \/>\n<meta property=\"og:site_name\" content=\"PC STOCK\" \/>\n<meta property=\"article:modified_time\" content=\"2021-09-21T09:36:54+00:00\" \/>\n<meta property=\"og:image\" content=\"https:\/\/pcstock.es\/wp-content\/uploads\/2020\/12\/Ordenador-Gaming-Lenovo-i5-2400-3.10Ghz-8GB-250GB-1.webp\" \/>\n\t<meta property=\"og:image:width\" content=\"800\" \/>\n\t<meta property=\"og:image:height\" content=\"800\" \/>\n\t<meta property=\"og:image:type\" content=\"image\/webp\" \/>\n<meta name=\"twitter:card\" content=\"summary_large_image\" \/>\n<meta name=\"twitter:label1\" content=\"Est. reading time\" \/>\n\t<meta name=\"twitter:data1\" content=\"1 minute\" \/>\n<script type=\"application\/ld+json\" class=\"yoast-schema-graph\">{\"@context\":\"https:\/\/schema.org\",\"@graph\":[{\"@type\":\"WebPage\",\"@id\":\"https:\/\/pcstock.es\/pt-pt\/producto\/ordenador-gaming-barato-lenovo-thinkcentre-m91p-i5-2400-3-10ghz-8gb-250gb\/\",\"url\":\"https:\/\/pcstock.es\/pt-pt\/producto\/ordenador-gaming-barato-lenovo-thinkcentre-m91p-i5-2400-3-10ghz-8gb-250gb\/\",\"name\":\"Lenovo ThinkCentre M91p i5-2400 (3.10Ghz) 8GB 250GB Computador de jogos - PC STOCK\",\"isPartOf\":{\"@id\":\"https:\/\/pcstock.es\/pt-pt\/#website\"},\"datePublished\":\"2021-09-21T09:36:09+00:00\",\"dateModified\":\"2021-09-21T09:36:54+00:00\",\"description\":\"Lenovo ThinkCentre M91p i5, computador de jogo barato em perfeitas condi\u00e7\u00f5es de funcionamento. Poderosa torre remodelada a um pre\u00e7o insano. Frete gr\u00e1tis!\",\"breadcrumb\":{\"@id\":\"https:\/\/pcstock.es\/pt-pt\/producto\/ordenador-gaming-barato-lenovo-thinkcentre-m91p-i5-2400-3-10ghz-8gb-250gb\/#breadcrumb\"},\"inLanguage\":\"pt-PT\",\"potentialAction\":[{\"@type\":\"ReadAction\",\"target\":[\"https:\/\/pcstock.es\/pt-pt\/producto\/ordenador-gaming-barato-lenovo-thinkcentre-m91p-i5-2400-3-10ghz-8gb-250gb\/\"]}]},{\"@type\":\"BreadcrumbList\",\"@id\":\"https:\/\/pcstock.es\/pt-pt\/producto\/ordenador-gaming-barato-lenovo-thinkcentre-m91p-i5-2400-3-10ghz-8gb-250gb\/#breadcrumb\",\"itemListElement\":[{\"@type\":\"ListItem\",\"position\":1,\"name\":\"Portada\",\"item\":\"https:\/\/pcstock.es\/pt-pt\/\"},{\"@type\":\"ListItem\",\"position\":2,\"name\":\"Loja\",\"item\":\"https:\/\/pcstock.es\/pt-pt\/loja\/\"},{\"@type\":\"ListItem\",\"position\":3,\"name\":\"Lenovo ThinkCentre M91p i5-2400 (3.10Ghz) 8GB 250GB Computador de jogos\"}]},{\"@type\":\"WebSite\",\"@id\":\"https:\/\/pcstock.es\/pt-pt\/#website\",\"url\":\"https:\/\/pcstock.es\/pt-pt\/\",\"name\":\"PC STOCK\",\"description\":\"Ordenadores reacondicionados y accesorios tecnol\u00f3gicos\",\"publisher\":{\"@id\":\"https:\/\/pcstock.es\/pt-pt\/#organization\"},\"potentialAction\":[{\"@type\":\"SearchAction\",\"target\":{\"@type\":\"EntryPoint\",\"urlTemplate\":\"https:\/\/pcstock.es\/pt-pt\/?s={search_term_string}\"},\"query-input\":\"required name=search_term_string\"}],\"inLanguage\":\"pt-PT\"},{\"@type\":\"Organization\",\"@id\":\"https:\/\/pcstock.es\/pt-pt\/#organization\",\"name\":\"Pc Stock\",\"url\":\"https:\/\/pcstock.es\/pt-pt\/\",\"logo\":{\"@type\":\"ImageObject\",\"inLanguage\":\"pt-PT\",\"@id\":\"https:\/\/pcstock.es\/pt-pt\/#\/schema\/logo\/image\/\",\"url\":\"https:\/\/pcstock.es\/wp-content\/uploads\/2020\/11\/logo-pckstock-ordenadores-reacondicionados.png\",\"contentUrl\":\"https:\/\/pcstock.es\/wp-content\/uploads\/2020\/11\/logo-pckstock-ordenadores-reacondicionados.png\",\"width\":268,\"height\":93,\"caption\":\"Pc Stock\"},\"image\":{\"@id\":\"https:\/\/pcstock.es\/pt-pt\/#\/schema\/logo\/image\/\"}}]}<\/script>\n<!-- \/ Yoast SEO plugin. -->","yoast_head_json":{"title":"Lenovo ThinkCentre M91p i5-2400 (3.10Ghz) 8GB 250GB Computador de jogos - PC STOCK","description":"Lenovo ThinkCentre M91p i5, computador de jogo barato em perfeitas condi\u00e7\u00f5es de funcionamento. Poderosa torre remodelada a um pre\u00e7o insano. Frete gr\u00e1tis!","robots":{"index":"index","follow":"follow","max-snippet":"max-snippet:-1","max-image-preview":"max-image-preview:large","max-video-preview":"max-video-preview:-1"},"canonical":"https:\/\/pcstock.es\/pt-pt\/producto\/ordenador-gaming-barato-lenovo-thinkcentre-m91p-i5-2400-3-10ghz-8gb-250gb\/","og_locale":"pt_PT","og_type":"article","og_title":"Lenovo ThinkCentre M91p i5-2400 (3.10Ghz) 8GB 250GB Computador de jogos - PC STOCK","og_description":"Lenovo ThinkCentre M91p i5, computador de jogo barato em perfeitas condi\u00e7\u00f5es de funcionamento. Poderosa torre remodelada a um pre\u00e7o insano. Frete gr\u00e1tis!","og_url":"https:\/\/pcstock.es\/pt-pt\/producto\/ordenador-gaming-barato-lenovo-thinkcentre-m91p-i5-2400-3-10ghz-8gb-250gb\/","og_site_name":"PC STOCK","article_modified_time":"2021-09-21T09:36:54+00:00","og_image":[{"width":800,"height":800,"url":"https:\/\/pcstock.es\/wp-content\/uploads\/2020\/12\/Ordenador-Gaming-Lenovo-i5-2400-3.10Ghz-8GB-250GB-1.webp","type":"image\/webp"}],"twitter_card":"summary_large_image","twitter_misc":{"Est. reading time":"1 minute"},"schema":{"@context":"https:\/\/schema.org","@graph":[{"@type":"WebPage","@id":"https:\/\/pcstock.es\/pt-pt\/producto\/ordenador-gaming-barato-lenovo-thinkcentre-m91p-i5-2400-3-10ghz-8gb-250gb\/","url":"https:\/\/pcstock.es\/pt-pt\/producto\/ordenador-gaming-barato-lenovo-thinkcentre-m91p-i5-2400-3-10ghz-8gb-250gb\/","name":"Lenovo ThinkCentre M91p i5-2400 (3.10Ghz) 8GB 250GB Computador de jogos - PC STOCK","isPartOf":{"@id":"https:\/\/pcstock.es\/pt-pt\/#website"},"datePublished":"2021-09-21T09:36:09+00:00","dateModified":"2021-09-21T09:36:54+00:00","description":"Lenovo ThinkCentre M91p i5, computador de jogo barato em perfeitas condi\u00e7\u00f5es de funcionamento. Poderosa torre remodelada a um pre\u00e7o insano. Frete gr\u00e1tis!","breadcrumb":{"@id":"https:\/\/pcstock.es\/pt-pt\/producto\/ordenador-gaming-barato-lenovo-thinkcentre-m91p-i5-2400-3-10ghz-8gb-250gb\/#breadcrumb"},"inLanguage":"pt-PT","potentialAction":[{"@type":"ReadAction","target":["https:\/\/pcstock.es\/pt-pt\/producto\/ordenador-gaming-barato-lenovo-thinkcentre-m91p-i5-2400-3-10ghz-8gb-250gb\/"]}]},{"@type":"BreadcrumbList","@id":"https:\/\/pcstock.es\/pt-pt\/producto\/ordenador-gaming-barato-lenovo-thinkcentre-m91p-i5-2400-3-10ghz-8gb-250gb\/#breadcrumb","itemListElement":[{"@type":"ListItem","position":1,"name":"Portada","item":"https:\/\/pcstock.es\/pt-pt\/"},{"@type":"ListItem","position":2,"name":"Loja","item":"https:\/\/pcstock.es\/pt-pt\/loja\/"},{"@type":"ListItem","position":3,"name":"Lenovo ThinkCentre M91p i5-2400 (3.10Ghz) 8GB 250GB Computador de jogos"}]},{"@type":"WebSite","@id":"https:\/\/pcstock.es\/pt-pt\/#website","url":"https:\/\/pcstock.es\/pt-pt\/","name":"PC STOCK","description":"Ordenadores reacondicionados y accesorios tecnol\u00f3gicos","publisher":{"@id":"https:\/\/pcstock.es\/pt-pt\/#organization"},"potentialAction":[{"@type":"SearchAction","target":{"@type":"EntryPoint","urlTemplate":"https:\/\/pcstock.es\/pt-pt\/?s={search_term_string}"},"query-input":"required name=search_term_string"}],"inLanguage":"pt-PT"},{"@type":"Organization","@id":"https:\/\/pcstock.es\/pt-pt\/#organization","name":"Pc Stock","url":"https:\/\/pcstock.es\/pt-pt\/","logo":{"@type":"ImageObject","inLanguage":"pt-PT","@id":"https:\/\/pcstock.es\/pt-pt\/#\/schema\/logo\/image\/","url":"https:\/\/pcstock.es\/wp-content\/uploads\/2020\/11\/logo-pckstock-ordenadores-reacondicionados.png","contentUrl":"https:\/\/pcstock.es\/wp-content\/uploads\/2020\/11\/logo-pckstock-ordenadores-reacondicionados.png","width":268,"height":93,"caption":"Pc Stock"},"image":{"@id":"https:\/\/pcstock.es\/pt-pt\/#\/schema\/logo\/image\/"}}]}},"_links":{"self":[{"href":"https:\/\/pcstock.es\/pt-pt\/wp-json\/wp\/v2\/product\/1615"}],"collection":[{"href":"https:\/\/pcstock.es\/pt-pt\/wp-json\/wp\/v2\/product"}],"about":[{"href":"https:\/\/pcstock.es\/pt-pt\/wp-json\/wp\/v2\/types\/product"}],"replies":[{"embeddable":true,"href":"https:\/\/pcstock.es\/pt-pt\/wp-json\/wp\/v2\/comments?post=1615"}],"wp:featuredmedia":[{"embeddable":true,"href":"https:\/\/pcstock.es\/pt-pt\/wp-json\/wp\/v2\/media\/1934"}],"wp:attachment":[{"href":"https:\/\/pcstock.es\/pt-pt\/wp-json\/wp\/v2\/media?parent=1615"}],"wp:term":[{"taxonomy":"product_cat","embeddable":true,"href":"https:\/\/pcstock.es\/pt-pt\/wp-json\/wp\/v2\/product_cat?post=1615"},{"taxonomy":"product_tag","embeddable":true,"href":"https:\/\/pcstock.es\/pt-pt\/wp-json\/wp\/v2\/product_tag?post=1615"}],"curies":[{"name":"wp","href":"https:\/\/api.w.org\/{rel}","templated":true}]}}