
{"id":1609,"date":"2021-08-04T23:48:57","date_gmt":"2021-09-21T09:36:02","guid":{"rendered":"https:\/\/pcstock.es\/producto\/computador-de-jogos-completo-hp-8300-i7-16gb-nvidia-1650-4gb\/"},"modified":"2025-09-16T11:51:45","modified_gmt":"2025-09-16T11:51:45","slug":"ordenador-gaming-completo-hp-8300-i7-16gb","status":"publish","type":"product","link":"https:\/\/pcstock.es\/pt-pt\/producto\/ordenador-gaming-completo-hp-8300-i7-16gb\/","title":{"rendered":"Computador de jogos completo Hp 8300 i7 16GB Nvidia 1650 4GB"},"content":{"rendered":"<p>Aproveite este poderoso <strong>computador para jogos completo com i7 16GB de RAM, disco r\u00edgido SSD de 240GB e placa gr\u00e1fica Nvidia 1650 de 4GB <\/strong>. Voc\u00ea pode pensar que para comprar um PC de jogo voc\u00ea precisa de muito dinheiro &#8211; 1.500 euros, talvez 2.000 euros? Na Pc Stock damos-lhe a oportunidade de <b>comprar um computador de jogo barato <\/b>com um poder e especifica\u00e7\u00f5es que n\u00e3o encontrar\u00e1 em mais lado nenhum<b>.<\/b><\/p>\n<p>Com este PC de jogo renovado<strong> voc\u00ea pode jogar absolutamente todos os seus jogos favoritos <\/strong>e<strong> economizar mais de 1.000 euros!<\/strong><\/p>\n<p>Com a nossa promo\u00e7\u00e3o, inclu\u00edmos tamb\u00e9m <strong>um <a href=\"https:\/\/pcstock.es\/pt-pt\/producto\/monitor-dell-22-2\/\">monitor Dell de 22 polegadas<\/a><\/strong> e um <strong>fant\u00e1stico kit 4 em 1 para jogadores<\/strong> que inclui:<\/p>\n<ul>\n<li>Rato gaming de seis bot\u00f5es<\/li>\n<li>Tapete de rato<\/li>\n<li>Teclado retroiluminado<\/li>\n<li>Auscultadores<\/li>\n<\/ul>\n<p>Ningu\u00e9m, absolutamente ningu\u00e9m, lhe dar\u00e1 mais por este pre\u00e7o. De que est\u00e1s \u00e0 espera?<\/p>\n","protected":false},"excerpt":{"rendered":"<p><strong>Comprando um PC de jogo por menos de 600 euros<\/strong>? Isto pode ser real? Sim, \u00e9!<\/p>\n<p>Com o nosso potente computador HP 8300 remodelado com <strong>processador i7<\/strong>, <strong>16 GB de RAM<\/strong> e a poderosa placa gr\u00e1fica <strong>Nvidia 1650 de 4 GB <\/strong>, nenhum jogo ser\u00e1 capaz de resistir a voc\u00ea. N\u00e3o perca a oportunidade de ter um <strong>PC de jogo barato<\/strong> a um pre\u00e7o como voc\u00ea nunca viu antes! E com esta promo\u00e7\u00e3o voc\u00ea pode se sentar para jogar desde o primeiro minuto, j\u00e1 que <strong><a href=\"https:\/\/pcstock.es\/producto\/monitor-dell-22\/\">inclu\u00edmos um monitor<\/a><\/strong> e um kit de jogo.<\/p>\n<p>Precisas de algo ainda mais barato? voc\u00ea tamb\u00e9m pode <a href=\"https:\/\/pcstock.es\/producto\/ordenador-gaming-completo-lenovo-m83-i5-4agen-3-20ghz-16gb-480-ssd-nvidia-1030-2gb-ddr5\/\">comprar um computador de jogo por menos de 500 euros<\/a>.<\/p>\n<p><strong><span style=\"color: #ee0a89;\">PROMO\u00c7\u00c3O<\/span><\/strong><br \/>\nEsta promo\u00e7\u00e3o tamb\u00e9m inclui os seguintes itens:<\/p>\n<ul>\n<li><a href=\"https:\/\/pcstock.es\/producto\/monitor-dell-22\/\">Monitor Dell de 22 polegadas<\/a><\/li>\n<li>Rato gaming de seis bot\u00f5es<\/li>\n<li>Tapete de rato<\/li>\n<li>Teclado retroiluminado<\/li>\n<li>Auscultadores<\/li>\n<\/ul>\n","protected":false},"featured_media":1743,"comment_status":"open","ping_status":"closed","template":"","meta":[],"product_cat":[189],"product_tag":[194],"yoast_head":"<!-- This site is optimized with the Yoast SEO plugin v20.6 - https:\/\/yoast.com\/wordpress\/plugins\/seo\/ -->\n<title>Computador de jogos completo Hp 8300 i7 16GB Nvidia 1650 4GB - PC STOCK<\/title>\n<meta name=\"description\" content=\"Computador de jogo completo Hp 8300 i7 16GB. Com esta promo\u00e7\u00e3o voc\u00ea pode comprar um computador de jogo completo a baixo custo. \u2713 Envio gr\u00e1tis \u2713 1 ano de garantia\" \/>\n<meta name=\"robots\" content=\"index, follow, max-snippet:-1, max-image-preview:large, max-video-preview:-1\" \/>\n<link rel=\"canonical\" href=\"https:\/\/pcstock.es\/pt-pt\/producto\/ordenador-gaming-completo-hp-8300-i7-16gb\/\" \/>\n<meta property=\"og:locale\" content=\"pt_PT\" \/>\n<meta property=\"og:type\" content=\"article\" \/>\n<meta property=\"og:title\" content=\"Computador de jogos completo Hp 8300 i7 16GB Nvidia 1650 4GB - PC STOCK\" \/>\n<meta property=\"og:description\" content=\"Computador de jogo completo Hp 8300 i7 16GB. Com esta promo\u00e7\u00e3o voc\u00ea pode comprar um computador de jogo completo a baixo custo. \u2713 Envio gr\u00e1tis \u2713 1 ano de garantia\" \/>\n<meta property=\"og:url\" content=\"https:\/\/pcstock.es\/pt-pt\/producto\/ordenador-gaming-completo-hp-8300-i7-16gb\/\" \/>\n<meta property=\"og:site_name\" content=\"PC STOCK\" \/>\n<meta property=\"article:modified_time\" content=\"2025-09-16T11:51:45+00:00\" \/>\n<meta property=\"og:image\" content=\"https:\/\/pcstock.es\/wp-content\/uploads\/2021\/08\/promocion-Ordenador-gaming-completo-Hp-8300-i7-16GB.webp\" \/>\n\t<meta property=\"og:image:width\" content=\"800\" \/>\n\t<meta property=\"og:image:height\" content=\"800\" \/>\n\t<meta property=\"og:image:type\" content=\"image\/webp\" \/>\n<meta name=\"twitter:card\" content=\"summary_large_image\" \/>\n<meta name=\"twitter:label1\" content=\"Est. reading time\" \/>\n\t<meta name=\"twitter:data1\" content=\"1 minute\" \/>\n<script type=\"application\/ld+json\" class=\"yoast-schema-graph\">{\"@context\":\"https:\/\/schema.org\",\"@graph\":[{\"@type\":\"WebPage\",\"@id\":\"https:\/\/pcstock.es\/pt-pt\/producto\/ordenador-gaming-completo-hp-8300-i7-16gb\/\",\"url\":\"https:\/\/pcstock.es\/pt-pt\/producto\/ordenador-gaming-completo-hp-8300-i7-16gb\/\",\"name\":\"Computador de jogos completo Hp 8300 i7 16GB Nvidia 1650 4GB - PC STOCK\",\"isPartOf\":{\"@id\":\"https:\/\/pcstock.es\/pt-pt\/#website\"},\"datePublished\":\"2021-09-21T09:36:02+00:00\",\"dateModified\":\"2025-09-16T11:51:45+00:00\",\"description\":\"Computador de jogo completo Hp 8300 i7 16GB. Com esta promo\u00e7\u00e3o voc\u00ea pode comprar um computador de jogo completo a baixo custo. \u2713 Envio gr\u00e1tis \u2713 1 ano de garantia\",\"breadcrumb\":{\"@id\":\"https:\/\/pcstock.es\/pt-pt\/producto\/ordenador-gaming-completo-hp-8300-i7-16gb\/#breadcrumb\"},\"inLanguage\":\"pt-PT\",\"potentialAction\":[{\"@type\":\"ReadAction\",\"target\":[\"https:\/\/pcstock.es\/pt-pt\/producto\/ordenador-gaming-completo-hp-8300-i7-16gb\/\"]}]},{\"@type\":\"BreadcrumbList\",\"@id\":\"https:\/\/pcstock.es\/pt-pt\/producto\/ordenador-gaming-completo-hp-8300-i7-16gb\/#breadcrumb\",\"itemListElement\":[{\"@type\":\"ListItem\",\"position\":1,\"name\":\"Portada\",\"item\":\"https:\/\/pcstock.es\/pt-pt\/\"},{\"@type\":\"ListItem\",\"position\":2,\"name\":\"Loja\",\"item\":\"https:\/\/pcstock.es\/pt-pt\/loja\/\"},{\"@type\":\"ListItem\",\"position\":3,\"name\":\"Computador de jogos completo Hp 8300 i7 16GB Nvidia 1650 4GB\"}]},{\"@type\":\"WebSite\",\"@id\":\"https:\/\/pcstock.es\/pt-pt\/#website\",\"url\":\"https:\/\/pcstock.es\/pt-pt\/\",\"name\":\"PC STOCK\",\"description\":\"Ordenadores reacondicionados y accesorios tecnol\u00f3gicos\",\"publisher\":{\"@id\":\"https:\/\/pcstock.es\/pt-pt\/#organization\"},\"potentialAction\":[{\"@type\":\"SearchAction\",\"target\":{\"@type\":\"EntryPoint\",\"urlTemplate\":\"https:\/\/pcstock.es\/pt-pt\/?s={search_term_string}\"},\"query-input\":\"required name=search_term_string\"}],\"inLanguage\":\"pt-PT\"},{\"@type\":\"Organization\",\"@id\":\"https:\/\/pcstock.es\/pt-pt\/#organization\",\"name\":\"Pc Stock\",\"url\":\"https:\/\/pcstock.es\/pt-pt\/\",\"logo\":{\"@type\":\"ImageObject\",\"inLanguage\":\"pt-PT\",\"@id\":\"https:\/\/pcstock.es\/pt-pt\/#\/schema\/logo\/image\/\",\"url\":\"https:\/\/pcstock.es\/wp-content\/uploads\/2020\/11\/logo-pckstock-ordenadores-reacondicionados.png\",\"contentUrl\":\"https:\/\/pcstock.es\/wp-content\/uploads\/2020\/11\/logo-pckstock-ordenadores-reacondicionados.png\",\"width\":268,\"height\":93,\"caption\":\"Pc Stock\"},\"image\":{\"@id\":\"https:\/\/pcstock.es\/pt-pt\/#\/schema\/logo\/image\/\"}}]}<\/script>\n<!-- \/ Yoast SEO plugin. -->","yoast_head_json":{"title":"Computador de jogos completo Hp 8300 i7 16GB Nvidia 1650 4GB - PC STOCK","description":"Computador de jogo completo Hp 8300 i7 16GB. Com esta promo\u00e7\u00e3o voc\u00ea pode comprar um computador de jogo completo a baixo custo. \u2713 Envio gr\u00e1tis \u2713 1 ano de garantia","robots":{"index":"index","follow":"follow","max-snippet":"max-snippet:-1","max-image-preview":"max-image-preview:large","max-video-preview":"max-video-preview:-1"},"canonical":"https:\/\/pcstock.es\/pt-pt\/producto\/ordenador-gaming-completo-hp-8300-i7-16gb\/","og_locale":"pt_PT","og_type":"article","og_title":"Computador de jogos completo Hp 8300 i7 16GB Nvidia 1650 4GB - PC STOCK","og_description":"Computador de jogo completo Hp 8300 i7 16GB. Com esta promo\u00e7\u00e3o voc\u00ea pode comprar um computador de jogo completo a baixo custo. \u2713 Envio gr\u00e1tis \u2713 1 ano de garantia","og_url":"https:\/\/pcstock.es\/pt-pt\/producto\/ordenador-gaming-completo-hp-8300-i7-16gb\/","og_site_name":"PC STOCK","article_modified_time":"2025-09-16T11:51:45+00:00","og_image":[{"width":800,"height":800,"url":"https:\/\/pcstock.es\/wp-content\/uploads\/2021\/08\/promocion-Ordenador-gaming-completo-Hp-8300-i7-16GB.webp","type":"image\/webp"}],"twitter_card":"summary_large_image","twitter_misc":{"Est. reading time":"1 minute"},"schema":{"@context":"https:\/\/schema.org","@graph":[{"@type":"WebPage","@id":"https:\/\/pcstock.es\/pt-pt\/producto\/ordenador-gaming-completo-hp-8300-i7-16gb\/","url":"https:\/\/pcstock.es\/pt-pt\/producto\/ordenador-gaming-completo-hp-8300-i7-16gb\/","name":"Computador de jogos completo Hp 8300 i7 16GB Nvidia 1650 4GB - PC STOCK","isPartOf":{"@id":"https:\/\/pcstock.es\/pt-pt\/#website"},"datePublished":"2021-09-21T09:36:02+00:00","dateModified":"2025-09-16T11:51:45+00:00","description":"Computador de jogo completo Hp 8300 i7 16GB. Com esta promo\u00e7\u00e3o voc\u00ea pode comprar um computador de jogo completo a baixo custo. \u2713 Envio gr\u00e1tis \u2713 1 ano de garantia","breadcrumb":{"@id":"https:\/\/pcstock.es\/pt-pt\/producto\/ordenador-gaming-completo-hp-8300-i7-16gb\/#breadcrumb"},"inLanguage":"pt-PT","potentialAction":[{"@type":"ReadAction","target":["https:\/\/pcstock.es\/pt-pt\/producto\/ordenador-gaming-completo-hp-8300-i7-16gb\/"]}]},{"@type":"BreadcrumbList","@id":"https:\/\/pcstock.es\/pt-pt\/producto\/ordenador-gaming-completo-hp-8300-i7-16gb\/#breadcrumb","itemListElement":[{"@type":"ListItem","position":1,"name":"Portada","item":"https:\/\/pcstock.es\/pt-pt\/"},{"@type":"ListItem","position":2,"name":"Loja","item":"https:\/\/pcstock.es\/pt-pt\/loja\/"},{"@type":"ListItem","position":3,"name":"Computador de jogos completo Hp 8300 i7 16GB Nvidia 1650 4GB"}]},{"@type":"WebSite","@id":"https:\/\/pcstock.es\/pt-pt\/#website","url":"https:\/\/pcstock.es\/pt-pt\/","name":"PC STOCK","description":"Ordenadores reacondicionados y accesorios tecnol\u00f3gicos","publisher":{"@id":"https:\/\/pcstock.es\/pt-pt\/#organization"},"potentialAction":[{"@type":"SearchAction","target":{"@type":"EntryPoint","urlTemplate":"https:\/\/pcstock.es\/pt-pt\/?s={search_term_string}"},"query-input":"required name=search_term_string"}],"inLanguage":"pt-PT"},{"@type":"Organization","@id":"https:\/\/pcstock.es\/pt-pt\/#organization","name":"Pc Stock","url":"https:\/\/pcstock.es\/pt-pt\/","logo":{"@type":"ImageObject","inLanguage":"pt-PT","@id":"https:\/\/pcstock.es\/pt-pt\/#\/schema\/logo\/image\/","url":"https:\/\/pcstock.es\/wp-content\/uploads\/2020\/11\/logo-pckstock-ordenadores-reacondicionados.png","contentUrl":"https:\/\/pcstock.es\/wp-content\/uploads\/2020\/11\/logo-pckstock-ordenadores-reacondicionados.png","width":268,"height":93,"caption":"Pc Stock"},"image":{"@id":"https:\/\/pcstock.es\/pt-pt\/#\/schema\/logo\/image\/"}}]}},"_links":{"self":[{"href":"https:\/\/pcstock.es\/pt-pt\/wp-json\/wp\/v2\/product\/1609"}],"collection":[{"href":"https:\/\/pcstock.es\/pt-pt\/wp-json\/wp\/v2\/product"}],"about":[{"href":"https:\/\/pcstock.es\/pt-pt\/wp-json\/wp\/v2\/types\/product"}],"replies":[{"embeddable":true,"href":"https:\/\/pcstock.es\/pt-pt\/wp-json\/wp\/v2\/comments?post=1609"}],"wp:featuredmedia":[{"embeddable":true,"href":"https:\/\/pcstock.es\/pt-pt\/wp-json\/wp\/v2\/media\/1743"}],"wp:attachment":[{"href":"https:\/\/pcstock.es\/pt-pt\/wp-json\/wp\/v2\/media?parent=1609"}],"wp:term":[{"taxonomy":"product_cat","embeddable":true,"href":"https:\/\/pcstock.es\/pt-pt\/wp-json\/wp\/v2\/product_cat?post=1609"},{"taxonomy":"product_tag","embeddable":true,"href":"https:\/\/pcstock.es\/pt-pt\/wp-json\/wp\/v2\/product_tag?post=1609"}],"curies":[{"name":"wp","href":"https:\/\/api.w.org\/{rel}","templated":true}]}}