
{"id":1588,"date":"2021-08-04T17:39:06","date_gmt":"2021-09-21T09:35:55","guid":{"rendered":"https:\/\/pcstock.es\/producto\/lenovo-thinkcentre-m83-i5-4thgen-320ghz-8gb-500gb\/"},"modified":"2021-11-27T16:28:52","modified_gmt":"2021-11-27T16:28:52","slug":"lenovo-thinkcentre-m83-i5-4-gen-3-20ghz-8gb-500gb","status":"publish","type":"product","link":"https:\/\/pcstock.es\/pt-pt\/producto\/lenovo-thinkcentre-m83-i5-4-gen-3-20ghz-8gb-500gb\/","title":{"rendered":"Lenovo thinkcentre M83 i5 4thGEN (3,20Ghz) 8GB 500GB"},"content":{"rendered":"<p>Computador de torre de pensamento Lenovo remodelado com processador<strong> i5<\/strong> de 3,50 Ghz, 8 GB de<strong>RAM<\/strong> e <strong>disco r\u00edgido de 500 GB<\/strong>. Voc\u00ea pode pensar que para ter seu pr\u00f3prio computador desktop voc\u00ea precisa de um grande investimento, no entanto, com esta torre de computador de or\u00e7amento, voc\u00ea pode ter um computador<strong> desktop barato<\/strong> sem fazer um grande desembolso financeiro.<\/p>\n<p>Com esta fant\u00e1stica torre de computador, voc\u00ea poder\u00e1 teletrabalhar, estudar e instalar qualquer ferramenta de escrit\u00f3rio.<\/p>\n<p>Ele expande suas capacidades adicionando mais mem\u00f3ria, disco r\u00edgido e gr\u00e1ficos melhorados. Com nossos upgrades, <strong>voc\u00ea pode ter at\u00e9 16 GB de RAM e placa gr\u00e1fica Nvidia 1030 2G DDR5<\/strong> e criar seu pr\u00f3prio <strong>computador de jogo barato<\/strong> para jogar seus jogos favoritos. O que voc\u00ea est\u00e1 esperando para construir sua pr\u00f3pria<strong> torre de jogo barata<\/strong> para jogar fortnite, lol, minecraft ou qualquer um de seus esportes eletr\u00f4nicos favoritos?<\/p>\n<p>E se eu lhe dissesse que todos os nossos produtos <strong>v\u00eam com um ano de garantia<\/strong>? De que est\u00e1s \u00e0 espera para o comprar? Para acabar?<\/p>\n<p>N\u00e3o perca a oportunidade de criar o seu <strong>pr\u00f3prio desktop acess\u00edvel<\/strong> com esta exclusiva torre remodelada.<\/p>\n<p>Monitor n\u00e3o inclu\u00eddo.<\/p>\n","protected":false},"excerpt":{"rendered":"<p>N\u00e3o perca esta incr\u00edvel oportunidade de comprar um computador desktop acess\u00edvel.<\/p>\n<p>Desfrute desta poderosa torre Lenovo Thinkcentre com<strong> processador i5<\/strong> a um <strong>pre\u00e7o imbat\u00edvel<\/strong>. Verifique seu correio, navegue, organize suas fotos, fa\u00e7a sua li\u00e7\u00e3o de casa, ou simplesmente assista a filmes ou <strong>jogue seus jogos favoritos<\/strong> nesta torre de PC a um pre\u00e7o muito alto. <strong>Voc\u00ea n\u00e3o encontrar\u00e1 PCs torre a este pre\u00e7o e<\/strong> com estas especifica\u00e7\u00f5es em nenhuma outra loja.<\/p>\n<p>Voc\u00ea gostaria de <strong>comprar um<\/strong> <strong>pc barato para jogar LoL<\/strong>? Com nossas atualiza\u00e7\u00f5es de mem\u00f3ria e gr\u00e1ficos, voc\u00ea pode construir um <strong>PC de jogo acess\u00edvel<\/strong>, <strong>compr\u00e1-lo agora<\/strong>e <strong>t\u00ea-lo entregue em sua casa em alguns dias!<\/strong><\/p>\n<p>Precisa ainda de mais energia? Experimente o nosso <a href=\"\/ordenador-gaming-completo-hp-8300-i7-16gb\"><br \/>\n  <strong>PC de jogo completo com processador i7<\/strong><br \/>\n<\/a> e come\u00e7ar a jogar desde o primeiro minuto<\/p>\n<p>De que est\u00e1s \u00e0 espera? E se ficarmos sem eles?<\/p>\n","protected":false},"featured_media":1587,"comment_status":"open","ping_status":"closed","template":"","meta":[],"product_cat":[189,187],"product_tag":[],"yoast_head":"<!-- This site is optimized with the Yoast SEO plugin v20.6 - https:\/\/yoast.com\/wordpress\/plugins\/seo\/ -->\n<title>Lenovo thinkcentre M83 i5 4thGEN (3,20Ghz) 8GB 500GB - PC STOCK<\/title>\n<meta name=\"description\" content=\"Torre M83 da Lenovo ThinkCentre barata. Torre remodelada ideal para o trabalho.\" \/>\n<meta name=\"robots\" content=\"index, follow, max-snippet:-1, max-image-preview:large, max-video-preview:-1\" \/>\n<link rel=\"canonical\" href=\"https:\/\/pcstock.es\/pt-pt\/producto\/lenovo-thinkcentre-m83-i5-4-gen-3-20ghz-8gb-500gb\/\" \/>\n<meta property=\"og:locale\" content=\"pt_PT\" \/>\n<meta property=\"og:type\" content=\"article\" \/>\n<meta property=\"og:title\" content=\"Lenovo thinkcentre M83 i5 4thGEN (3,20Ghz) 8GB 500GB - PC STOCK\" \/>\n<meta property=\"og:description\" content=\"Torre M83 da Lenovo ThinkCentre barata. Torre remodelada ideal para o trabalho.\" \/>\n<meta property=\"og:url\" content=\"https:\/\/pcstock.es\/pt-pt\/producto\/lenovo-thinkcentre-m83-i5-4-gen-3-20ghz-8gb-500gb\/\" \/>\n<meta property=\"og:site_name\" content=\"PC STOCK\" \/>\n<meta property=\"article:modified_time\" content=\"2021-11-27T16:28:52+00:00\" \/>\n<meta property=\"og:image\" content=\"https:\/\/pcstock.es\/wp-content\/uploads\/2021\/08\/LENOVO-M83.webp\" \/>\n\t<meta property=\"og:image:width\" content=\"800\" \/>\n\t<meta property=\"og:image:height\" content=\"800\" \/>\n\t<meta property=\"og:image:type\" content=\"image\/webp\" \/>\n<meta name=\"twitter:card\" content=\"summary_large_image\" \/>\n<meta name=\"twitter:label1\" content=\"Est. reading time\" \/>\n\t<meta name=\"twitter:data1\" content=\"1 minute\" \/>\n<script type=\"application\/ld+json\" class=\"yoast-schema-graph\">{\"@context\":\"https:\/\/schema.org\",\"@graph\":[{\"@type\":\"WebPage\",\"@id\":\"https:\/\/pcstock.es\/pt-pt\/producto\/lenovo-thinkcentre-m83-i5-4-gen-3-20ghz-8gb-500gb\/\",\"url\":\"https:\/\/pcstock.es\/pt-pt\/producto\/lenovo-thinkcentre-m83-i5-4-gen-3-20ghz-8gb-500gb\/\",\"name\":\"Lenovo thinkcentre M83 i5 4thGEN (3,20Ghz) 8GB 500GB - PC STOCK\",\"isPartOf\":{\"@id\":\"https:\/\/pcstock.es\/pt-pt\/#website\"},\"datePublished\":\"2021-09-21T09:35:55+00:00\",\"dateModified\":\"2021-11-27T16:28:52+00:00\",\"description\":\"Torre M83 da Lenovo ThinkCentre barata. Torre remodelada ideal para o trabalho.\",\"breadcrumb\":{\"@id\":\"https:\/\/pcstock.es\/pt-pt\/producto\/lenovo-thinkcentre-m83-i5-4-gen-3-20ghz-8gb-500gb\/#breadcrumb\"},\"inLanguage\":\"pt-PT\",\"potentialAction\":[{\"@type\":\"ReadAction\",\"target\":[\"https:\/\/pcstock.es\/pt-pt\/producto\/lenovo-thinkcentre-m83-i5-4-gen-3-20ghz-8gb-500gb\/\"]}]},{\"@type\":\"BreadcrumbList\",\"@id\":\"https:\/\/pcstock.es\/pt-pt\/producto\/lenovo-thinkcentre-m83-i5-4-gen-3-20ghz-8gb-500gb\/#breadcrumb\",\"itemListElement\":[{\"@type\":\"ListItem\",\"position\":1,\"name\":\"Portada\",\"item\":\"https:\/\/pcstock.es\/pt-pt\/\"},{\"@type\":\"ListItem\",\"position\":2,\"name\":\"Loja\",\"item\":\"https:\/\/pcstock.es\/pt-pt\/loja\/\"},{\"@type\":\"ListItem\",\"position\":3,\"name\":\"Lenovo thinkcentre M83 i5 4thGEN (3,20Ghz) 8GB 500GB\"}]},{\"@type\":\"WebSite\",\"@id\":\"https:\/\/pcstock.es\/pt-pt\/#website\",\"url\":\"https:\/\/pcstock.es\/pt-pt\/\",\"name\":\"PC STOCK\",\"description\":\"Ordenadores reacondicionados y accesorios tecnol\u00f3gicos\",\"publisher\":{\"@id\":\"https:\/\/pcstock.es\/pt-pt\/#organization\"},\"potentialAction\":[{\"@type\":\"SearchAction\",\"target\":{\"@type\":\"EntryPoint\",\"urlTemplate\":\"https:\/\/pcstock.es\/pt-pt\/?s={search_term_string}\"},\"query-input\":\"required name=search_term_string\"}],\"inLanguage\":\"pt-PT\"},{\"@type\":\"Organization\",\"@id\":\"https:\/\/pcstock.es\/pt-pt\/#organization\",\"name\":\"Pc Stock\",\"url\":\"https:\/\/pcstock.es\/pt-pt\/\",\"logo\":{\"@type\":\"ImageObject\",\"inLanguage\":\"pt-PT\",\"@id\":\"https:\/\/pcstock.es\/pt-pt\/#\/schema\/logo\/image\/\",\"url\":\"https:\/\/pcstock.es\/wp-content\/uploads\/2020\/11\/logo-pckstock-ordenadores-reacondicionados.png\",\"contentUrl\":\"https:\/\/pcstock.es\/wp-content\/uploads\/2020\/11\/logo-pckstock-ordenadores-reacondicionados.png\",\"width\":268,\"height\":93,\"caption\":\"Pc Stock\"},\"image\":{\"@id\":\"https:\/\/pcstock.es\/pt-pt\/#\/schema\/logo\/image\/\"}}]}<\/script>\n<!-- \/ Yoast SEO plugin. -->","yoast_head_json":{"title":"Lenovo thinkcentre M83 i5 4thGEN (3,20Ghz) 8GB 500GB - PC STOCK","description":"Torre M83 da Lenovo ThinkCentre barata. Torre remodelada ideal para o trabalho.","robots":{"index":"index","follow":"follow","max-snippet":"max-snippet:-1","max-image-preview":"max-image-preview:large","max-video-preview":"max-video-preview:-1"},"canonical":"https:\/\/pcstock.es\/pt-pt\/producto\/lenovo-thinkcentre-m83-i5-4-gen-3-20ghz-8gb-500gb\/","og_locale":"pt_PT","og_type":"article","og_title":"Lenovo thinkcentre M83 i5 4thGEN (3,20Ghz) 8GB 500GB - PC STOCK","og_description":"Torre M83 da Lenovo ThinkCentre barata. Torre remodelada ideal para o trabalho.","og_url":"https:\/\/pcstock.es\/pt-pt\/producto\/lenovo-thinkcentre-m83-i5-4-gen-3-20ghz-8gb-500gb\/","og_site_name":"PC STOCK","article_modified_time":"2021-11-27T16:28:52+00:00","og_image":[{"width":800,"height":800,"url":"https:\/\/pcstock.es\/wp-content\/uploads\/2021\/08\/LENOVO-M83.webp","type":"image\/webp"}],"twitter_card":"summary_large_image","twitter_misc":{"Est. reading time":"1 minute"},"schema":{"@context":"https:\/\/schema.org","@graph":[{"@type":"WebPage","@id":"https:\/\/pcstock.es\/pt-pt\/producto\/lenovo-thinkcentre-m83-i5-4-gen-3-20ghz-8gb-500gb\/","url":"https:\/\/pcstock.es\/pt-pt\/producto\/lenovo-thinkcentre-m83-i5-4-gen-3-20ghz-8gb-500gb\/","name":"Lenovo thinkcentre M83 i5 4thGEN (3,20Ghz) 8GB 500GB - PC STOCK","isPartOf":{"@id":"https:\/\/pcstock.es\/pt-pt\/#website"},"datePublished":"2021-09-21T09:35:55+00:00","dateModified":"2021-11-27T16:28:52+00:00","description":"Torre M83 da Lenovo ThinkCentre barata. Torre remodelada ideal para o trabalho.","breadcrumb":{"@id":"https:\/\/pcstock.es\/pt-pt\/producto\/lenovo-thinkcentre-m83-i5-4-gen-3-20ghz-8gb-500gb\/#breadcrumb"},"inLanguage":"pt-PT","potentialAction":[{"@type":"ReadAction","target":["https:\/\/pcstock.es\/pt-pt\/producto\/lenovo-thinkcentre-m83-i5-4-gen-3-20ghz-8gb-500gb\/"]}]},{"@type":"BreadcrumbList","@id":"https:\/\/pcstock.es\/pt-pt\/producto\/lenovo-thinkcentre-m83-i5-4-gen-3-20ghz-8gb-500gb\/#breadcrumb","itemListElement":[{"@type":"ListItem","position":1,"name":"Portada","item":"https:\/\/pcstock.es\/pt-pt\/"},{"@type":"ListItem","position":2,"name":"Loja","item":"https:\/\/pcstock.es\/pt-pt\/loja\/"},{"@type":"ListItem","position":3,"name":"Lenovo thinkcentre M83 i5 4thGEN (3,20Ghz) 8GB 500GB"}]},{"@type":"WebSite","@id":"https:\/\/pcstock.es\/pt-pt\/#website","url":"https:\/\/pcstock.es\/pt-pt\/","name":"PC STOCK","description":"Ordenadores reacondicionados y accesorios tecnol\u00f3gicos","publisher":{"@id":"https:\/\/pcstock.es\/pt-pt\/#organization"},"potentialAction":[{"@type":"SearchAction","target":{"@type":"EntryPoint","urlTemplate":"https:\/\/pcstock.es\/pt-pt\/?s={search_term_string}"},"query-input":"required name=search_term_string"}],"inLanguage":"pt-PT"},{"@type":"Organization","@id":"https:\/\/pcstock.es\/pt-pt\/#organization","name":"Pc Stock","url":"https:\/\/pcstock.es\/pt-pt\/","logo":{"@type":"ImageObject","inLanguage":"pt-PT","@id":"https:\/\/pcstock.es\/pt-pt\/#\/schema\/logo\/image\/","url":"https:\/\/pcstock.es\/wp-content\/uploads\/2020\/11\/logo-pckstock-ordenadores-reacondicionados.png","contentUrl":"https:\/\/pcstock.es\/wp-content\/uploads\/2020\/11\/logo-pckstock-ordenadores-reacondicionados.png","width":268,"height":93,"caption":"Pc Stock"},"image":{"@id":"https:\/\/pcstock.es\/pt-pt\/#\/schema\/logo\/image\/"}}]}},"_links":{"self":[{"href":"https:\/\/pcstock.es\/pt-pt\/wp-json\/wp\/v2\/product\/1588"}],"collection":[{"href":"https:\/\/pcstock.es\/pt-pt\/wp-json\/wp\/v2\/product"}],"about":[{"href":"https:\/\/pcstock.es\/pt-pt\/wp-json\/wp\/v2\/types\/product"}],"replies":[{"embeddable":true,"href":"https:\/\/pcstock.es\/pt-pt\/wp-json\/wp\/v2\/comments?post=1588"}],"wp:featuredmedia":[{"embeddable":true,"href":"https:\/\/pcstock.es\/pt-pt\/wp-json\/wp\/v2\/media\/1587"}],"wp:attachment":[{"href":"https:\/\/pcstock.es\/pt-pt\/wp-json\/wp\/v2\/media?parent=1588"}],"wp:term":[{"taxonomy":"product_cat","embeddable":true,"href":"https:\/\/pcstock.es\/pt-pt\/wp-json\/wp\/v2\/product_cat?post=1588"},{"taxonomy":"product_tag","embeddable":true,"href":"https:\/\/pcstock.es\/pt-pt\/wp-json\/wp\/v2\/product_tag?post=1588"}],"curies":[{"name":"wp","href":"https:\/\/api.w.org\/{rel}","templated":true}]}}