
{"id":1580,"date":"2020-12-03T08:07:07","date_gmt":"2021-09-21T09:35:46","guid":{"rendered":"https:\/\/pcstock.es\/producto\/hp-folio-1020-g1-notebook-core-m-5y711-20ghz-8gb\/"},"modified":"2021-09-21T09:35:46","modified_gmt":"2021-09-21T09:35:46","slug":"hp-folio-1020-g1-notebook-core-m-5y711-20ghz-8gb-2","status":"publish","type":"product","link":"https:\/\/pcstock.es\/pt-pt\/producto\/hp-folio-1020-g1-notebook-core-m-5y711-20ghz-8gb-2\/","title":{"rendered":"HP Folio 1020 G1 Notebook Core M-5Y71(1.20GHz) 8GB"},"content":{"rendered":"<p>Apresentamos-lhe este fabuloso port\u00e1til HP Folio 1020G1 a um <strong>pre\u00e7o imbat\u00edvel<\/strong>. Se precisar de <strong>comprar um port\u00e1til barato mas potente,<\/strong> n\u00e3o perca a oportunidade de o ter remodelado por especialistas e em perfeitas condi\u00e7\u00f5es de funcionamento. Este notebook HP possui uma tela de 12 polegadas, um processador M-5Y71 Core 1,20GHz, 8GB de RAM e disco r\u00edgido SSD de 256GB. Com esta oferta poder\u00e1 ter um port\u00e1til barato, mas ideal para trabalhar, verificar o seu correio, ver as suas s\u00e9ries favoritas e um longo etc&#8230;<\/p>\n","protected":false},"excerpt":{"rendered":"<p>Aproveite este fabuloso port\u00e1til da HP. Se voc\u00ea est\u00e1 procurando um <strong>laptop barato para trabalhar, assistir s\u00e9ries de TV, surfar ou checar seu correio<\/strong>, o que voc\u00ea est\u00e1 esperando? Voc\u00ea n\u00e3o encontrar\u00e1 um laptop <strong>com estas caracter\u00edsticas e a este pre\u00e7o em qualquer outro lugar<\/strong>.<\/p>\n","protected":false},"featured_media":1581,"comment_status":"open","ping_status":"closed","template":"","meta":[],"product_cat":[165],"product_tag":[244,243],"yoast_head":"<!-- This site is optimized with the Yoast SEO plugin v20.6 - https:\/\/yoast.com\/wordpress\/plugins\/seo\/ -->\n<title>HP Folio 1020 G1 Notebook Core M-5Y71(1.20GHz) 8GB - PC STOCK<\/title>\n<meta name=\"description\" content=\"HP Folio 1020 G1, um port\u00e1til barato mas poderoso. Obtenha este port\u00e1til HP remodelado a um \u00f3ptimo pre\u00e7o. Corre, eles est\u00e3o a acabar!\" \/>\n<meta name=\"robots\" content=\"index, follow, max-snippet:-1, max-image-preview:large, max-video-preview:-1\" \/>\n<link rel=\"canonical\" href=\"https:\/\/pcstock.es\/pt-pt\/producto\/hp-folio-1020-g1-notebook-core-m-5y711-20ghz-8gb-2\/\" \/>\n<meta property=\"og:locale\" content=\"pt_PT\" \/>\n<meta property=\"og:type\" content=\"article\" \/>\n<meta property=\"og:title\" content=\"HP Folio 1020 G1 Notebook Core M-5Y71(1.20GHz) 8GB - PC STOCK\" \/>\n<meta property=\"og:description\" content=\"HP Folio 1020 G1, um port\u00e1til barato mas poderoso. Obtenha este port\u00e1til HP remodelado a um \u00f3ptimo pre\u00e7o. Corre, eles est\u00e3o a acabar!\" \/>\n<meta property=\"og:url\" content=\"https:\/\/pcstock.es\/pt-pt\/producto\/hp-folio-1020-g1-notebook-core-m-5y711-20ghz-8gb-2\/\" \/>\n<meta property=\"og:site_name\" content=\"PC STOCK\" \/>\n<meta property=\"og:image\" content=\"https:\/\/pcstock.es\/wp-content\/uploads\/2020\/12\/HP-Folio-1020G1-Notebook-Core-M-5Y711.20GHz-8GB.jpg\" \/>\n\t<meta property=\"og:image:width\" content=\"170\" \/>\n\t<meta property=\"og:image:height\" content=\"190\" \/>\n\t<meta property=\"og:image:type\" content=\"image\/jpeg\" \/>\n<meta name=\"twitter:card\" content=\"summary_large_image\" \/>\n<script type=\"application\/ld+json\" class=\"yoast-schema-graph\">{\"@context\":\"https:\/\/schema.org\",\"@graph\":[{\"@type\":\"WebPage\",\"@id\":\"https:\/\/pcstock.es\/pt-pt\/producto\/hp-folio-1020-g1-notebook-core-m-5y711-20ghz-8gb-2\/\",\"url\":\"https:\/\/pcstock.es\/pt-pt\/producto\/hp-folio-1020-g1-notebook-core-m-5y711-20ghz-8gb-2\/\",\"name\":\"HP Folio 1020 G1 Notebook Core M-5Y71(1.20GHz) 8GB - PC STOCK\",\"isPartOf\":{\"@id\":\"https:\/\/pcstock.es\/pt-pt\/#website\"},\"datePublished\":\"2021-09-21T09:35:46+00:00\",\"dateModified\":\"2021-09-21T09:35:46+00:00\",\"description\":\"HP Folio 1020 G1, um port\u00e1til barato mas poderoso. Obtenha este port\u00e1til HP remodelado a um \u00f3ptimo pre\u00e7o. Corre, eles est\u00e3o a acabar!\",\"breadcrumb\":{\"@id\":\"https:\/\/pcstock.es\/pt-pt\/producto\/hp-folio-1020-g1-notebook-core-m-5y711-20ghz-8gb-2\/#breadcrumb\"},\"inLanguage\":\"pt-PT\",\"potentialAction\":[{\"@type\":\"ReadAction\",\"target\":[\"https:\/\/pcstock.es\/pt-pt\/producto\/hp-folio-1020-g1-notebook-core-m-5y711-20ghz-8gb-2\/\"]}]},{\"@type\":\"BreadcrumbList\",\"@id\":\"https:\/\/pcstock.es\/pt-pt\/producto\/hp-folio-1020-g1-notebook-core-m-5y711-20ghz-8gb-2\/#breadcrumb\",\"itemListElement\":[{\"@type\":\"ListItem\",\"position\":1,\"name\":\"Portada\",\"item\":\"https:\/\/pcstock.es\/pt-pt\/\"},{\"@type\":\"ListItem\",\"position\":2,\"name\":\"Loja\",\"item\":\"https:\/\/pcstock.es\/pt-pt\/loja\/\"},{\"@type\":\"ListItem\",\"position\":3,\"name\":\"HP Folio 1020 G1 Notebook Core M-5Y71(1.20GHz) 8GB\"}]},{\"@type\":\"WebSite\",\"@id\":\"https:\/\/pcstock.es\/pt-pt\/#website\",\"url\":\"https:\/\/pcstock.es\/pt-pt\/\",\"name\":\"PC STOCK\",\"description\":\"Ordenadores reacondicionados y accesorios tecnol\u00f3gicos\",\"publisher\":{\"@id\":\"https:\/\/pcstock.es\/pt-pt\/#organization\"},\"potentialAction\":[{\"@type\":\"SearchAction\",\"target\":{\"@type\":\"EntryPoint\",\"urlTemplate\":\"https:\/\/pcstock.es\/pt-pt\/?s={search_term_string}\"},\"query-input\":\"required name=search_term_string\"}],\"inLanguage\":\"pt-PT\"},{\"@type\":\"Organization\",\"@id\":\"https:\/\/pcstock.es\/pt-pt\/#organization\",\"name\":\"Pc Stock\",\"url\":\"https:\/\/pcstock.es\/pt-pt\/\",\"logo\":{\"@type\":\"ImageObject\",\"inLanguage\":\"pt-PT\",\"@id\":\"https:\/\/pcstock.es\/pt-pt\/#\/schema\/logo\/image\/\",\"url\":\"https:\/\/pcstock.es\/wp-content\/uploads\/2020\/11\/logo-pckstock-ordenadores-reacondicionados.png\",\"contentUrl\":\"https:\/\/pcstock.es\/wp-content\/uploads\/2020\/11\/logo-pckstock-ordenadores-reacondicionados.png\",\"width\":268,\"height\":93,\"caption\":\"Pc Stock\"},\"image\":{\"@id\":\"https:\/\/pcstock.es\/pt-pt\/#\/schema\/logo\/image\/\"}}]}<\/script>\n<!-- \/ Yoast SEO plugin. -->","yoast_head_json":{"title":"HP Folio 1020 G1 Notebook Core M-5Y71(1.20GHz) 8GB - PC STOCK","description":"HP Folio 1020 G1, um port\u00e1til barato mas poderoso. Obtenha este port\u00e1til HP remodelado a um \u00f3ptimo pre\u00e7o. Corre, eles est\u00e3o a acabar!","robots":{"index":"index","follow":"follow","max-snippet":"max-snippet:-1","max-image-preview":"max-image-preview:large","max-video-preview":"max-video-preview:-1"},"canonical":"https:\/\/pcstock.es\/pt-pt\/producto\/hp-folio-1020-g1-notebook-core-m-5y711-20ghz-8gb-2\/","og_locale":"pt_PT","og_type":"article","og_title":"HP Folio 1020 G1 Notebook Core M-5Y71(1.20GHz) 8GB - PC STOCK","og_description":"HP Folio 1020 G1, um port\u00e1til barato mas poderoso. Obtenha este port\u00e1til HP remodelado a um \u00f3ptimo pre\u00e7o. Corre, eles est\u00e3o a acabar!","og_url":"https:\/\/pcstock.es\/pt-pt\/producto\/hp-folio-1020-g1-notebook-core-m-5y711-20ghz-8gb-2\/","og_site_name":"PC STOCK","og_image":[{"width":170,"height":190,"url":"https:\/\/pcstock.es\/wp-content\/uploads\/2020\/12\/HP-Folio-1020G1-Notebook-Core-M-5Y711.20GHz-8GB.jpg","type":"image\/jpeg"}],"twitter_card":"summary_large_image","schema":{"@context":"https:\/\/schema.org","@graph":[{"@type":"WebPage","@id":"https:\/\/pcstock.es\/pt-pt\/producto\/hp-folio-1020-g1-notebook-core-m-5y711-20ghz-8gb-2\/","url":"https:\/\/pcstock.es\/pt-pt\/producto\/hp-folio-1020-g1-notebook-core-m-5y711-20ghz-8gb-2\/","name":"HP Folio 1020 G1 Notebook Core M-5Y71(1.20GHz) 8GB - PC STOCK","isPartOf":{"@id":"https:\/\/pcstock.es\/pt-pt\/#website"},"datePublished":"2021-09-21T09:35:46+00:00","dateModified":"2021-09-21T09:35:46+00:00","description":"HP Folio 1020 G1, um port\u00e1til barato mas poderoso. Obtenha este port\u00e1til HP remodelado a um \u00f3ptimo pre\u00e7o. Corre, eles est\u00e3o a acabar!","breadcrumb":{"@id":"https:\/\/pcstock.es\/pt-pt\/producto\/hp-folio-1020-g1-notebook-core-m-5y711-20ghz-8gb-2\/#breadcrumb"},"inLanguage":"pt-PT","potentialAction":[{"@type":"ReadAction","target":["https:\/\/pcstock.es\/pt-pt\/producto\/hp-folio-1020-g1-notebook-core-m-5y711-20ghz-8gb-2\/"]}]},{"@type":"BreadcrumbList","@id":"https:\/\/pcstock.es\/pt-pt\/producto\/hp-folio-1020-g1-notebook-core-m-5y711-20ghz-8gb-2\/#breadcrumb","itemListElement":[{"@type":"ListItem","position":1,"name":"Portada","item":"https:\/\/pcstock.es\/pt-pt\/"},{"@type":"ListItem","position":2,"name":"Loja","item":"https:\/\/pcstock.es\/pt-pt\/loja\/"},{"@type":"ListItem","position":3,"name":"HP Folio 1020 G1 Notebook Core M-5Y71(1.20GHz) 8GB"}]},{"@type":"WebSite","@id":"https:\/\/pcstock.es\/pt-pt\/#website","url":"https:\/\/pcstock.es\/pt-pt\/","name":"PC STOCK","description":"Ordenadores reacondicionados y accesorios tecnol\u00f3gicos","publisher":{"@id":"https:\/\/pcstock.es\/pt-pt\/#organization"},"potentialAction":[{"@type":"SearchAction","target":{"@type":"EntryPoint","urlTemplate":"https:\/\/pcstock.es\/pt-pt\/?s={search_term_string}"},"query-input":"required name=search_term_string"}],"inLanguage":"pt-PT"},{"@type":"Organization","@id":"https:\/\/pcstock.es\/pt-pt\/#organization","name":"Pc Stock","url":"https:\/\/pcstock.es\/pt-pt\/","logo":{"@type":"ImageObject","inLanguage":"pt-PT","@id":"https:\/\/pcstock.es\/pt-pt\/#\/schema\/logo\/image\/","url":"https:\/\/pcstock.es\/wp-content\/uploads\/2020\/11\/logo-pckstock-ordenadores-reacondicionados.png","contentUrl":"https:\/\/pcstock.es\/wp-content\/uploads\/2020\/11\/logo-pckstock-ordenadores-reacondicionados.png","width":268,"height":93,"caption":"Pc Stock"},"image":{"@id":"https:\/\/pcstock.es\/pt-pt\/#\/schema\/logo\/image\/"}}]}},"_links":{"self":[{"href":"https:\/\/pcstock.es\/pt-pt\/wp-json\/wp\/v2\/product\/1580"}],"collection":[{"href":"https:\/\/pcstock.es\/pt-pt\/wp-json\/wp\/v2\/product"}],"about":[{"href":"https:\/\/pcstock.es\/pt-pt\/wp-json\/wp\/v2\/types\/product"}],"replies":[{"embeddable":true,"href":"https:\/\/pcstock.es\/pt-pt\/wp-json\/wp\/v2\/comments?post=1580"}],"wp:featuredmedia":[{"embeddable":true,"href":"https:\/\/pcstock.es\/pt-pt\/wp-json\/wp\/v2\/media\/1581"}],"wp:attachment":[{"href":"https:\/\/pcstock.es\/pt-pt\/wp-json\/wp\/v2\/media?parent=1580"}],"wp:term":[{"taxonomy":"product_cat","embeddable":true,"href":"https:\/\/pcstock.es\/pt-pt\/wp-json\/wp\/v2\/product_cat?post=1580"},{"taxonomy":"product_tag","embeddable":true,"href":"https:\/\/pcstock.es\/pt-pt\/wp-json\/wp\/v2\/product_tag?post=1580"}],"curies":[{"name":"wp","href":"https:\/\/api.w.org\/{rel}","templated":true}]}}