
{"id":1541,"date":"2021-08-17T17:34:35","date_gmt":"2021-09-21T09:35:24","guid":{"rendered":"https:\/\/pcstock.es\/producto\/monitor-dell-22-monitor\/"},"modified":"2021-09-21T09:35:24","modified_gmt":"2021-09-21T09:35:24","slug":"monitor-dell-22-2","status":"publish","type":"product","link":"https:\/\/pcstock.es\/pt-pt\/producto\/monitor-dell-22-2\/","title":{"rendered":"Monitor Dell 22&#8243; Monitor"},"content":{"rendered":"<p>Desfrute deste Monitor Dell de 22 polegadas em <strong>perfeitas condi\u00e7\u00f5es de trabalho<\/strong> e <strong>renovado profissionalmente<\/strong>. Voc\u00ea n\u00e3o encontrar\u00e1 em nenhum outro lugar para comprar um monitor barato com estas caracter\u00edsticas.<\/p>\n<p>De que est\u00e1s \u00e0 espera?<\/p>\n","protected":false},"excerpt":{"rendered":"<p>De que est\u00e1s \u00e0 espera para deitar as m\u00e3os a este <strong>monitor barato de 22 polegadas<\/strong>?<\/p>\n<p>Voc\u00ea n\u00e3o encontrar\u00e1 um monitor oferecendo qualidade de exibi\u00e7\u00e3o a este pre\u00e7o em nenhum outro lugar.<\/p>\n<p>Este monitor Dell foi <strong>recondicionado profissionalmente<\/strong> e vem com um<strong> ano de garantia<\/strong>. O que mais voc\u00ea precisa?<\/p>\n<p>Talvez voc\u00ea precise de algo um pouco maior, ent\u00e3o tamb\u00e9m oferecemos esta vers\u00e3o de um <a href=\"https:\/\/pcstock.es\/producto\/monitor-dell-23\/\">monitor barato de 23 polegadas<\/a> que temos dispon\u00edvel em nossa incr\u00edvel loja.<\/p>\n","protected":false},"featured_media":1543,"comment_status":"open","ping_status":"closed","template":"","meta":[],"product_cat":[178],"product_tag":[],"yoast_head":"<!-- This site is optimized with the Yoast SEO plugin v20.6 - https:\/\/yoast.com\/wordpress\/plugins\/seo\/ -->\n<title>Monitor Dell 22&quot; Monitor - PC STOCK<\/title>\n<meta name=\"description\" content=\"Monitor Dell de 22 polegadas, Compre agora este monitor de computador barato e n\u00e3o perca esta oportunidade! \u2713 Unidades limitadas, \u2713 1 ano de garantia.\" \/>\n<meta name=\"robots\" content=\"index, follow, max-snippet:-1, max-image-preview:large, max-video-preview:-1\" \/>\n<link rel=\"canonical\" href=\"https:\/\/pcstock.es\/pt-pt\/producto\/monitor-dell-22-2\/\" \/>\n<meta property=\"og:locale\" content=\"pt_PT\" \/>\n<meta property=\"og:type\" content=\"article\" \/>\n<meta property=\"og:title\" content=\"Monitor Dell 22&quot; Monitor - PC STOCK\" \/>\n<meta property=\"og:description\" content=\"Monitor Dell de 22 polegadas, Compre agora este monitor de computador barato e n\u00e3o perca esta oportunidade! \u2713 Unidades limitadas, \u2713 1 ano de garantia.\" \/>\n<meta property=\"og:url\" content=\"https:\/\/pcstock.es\/pt-pt\/producto\/monitor-dell-22-2\/\" \/>\n<meta property=\"og:site_name\" content=\"PC STOCK\" \/>\n<meta property=\"og:image\" content=\"https:\/\/pcstock.es\/wp-content\/uploads\/2021\/08\/monitor-dell-22-1.webp\" \/>\n\t<meta property=\"og:image:width\" content=\"800\" \/>\n\t<meta property=\"og:image:height\" content=\"800\" \/>\n\t<meta property=\"og:image:type\" content=\"image\/webp\" \/>\n<meta name=\"twitter:card\" content=\"summary_large_image\" \/>\n<script type=\"application\/ld+json\" class=\"yoast-schema-graph\">{\"@context\":\"https:\/\/schema.org\",\"@graph\":[{\"@type\":\"WebPage\",\"@id\":\"https:\/\/pcstock.es\/pt-pt\/producto\/monitor-dell-22-2\/\",\"url\":\"https:\/\/pcstock.es\/pt-pt\/producto\/monitor-dell-22-2\/\",\"name\":\"Monitor Dell 22\\\" Monitor - PC STOCK\",\"isPartOf\":{\"@id\":\"https:\/\/pcstock.es\/pt-pt\/#website\"},\"datePublished\":\"2021-09-21T09:35:24+00:00\",\"dateModified\":\"2021-09-21T09:35:24+00:00\",\"description\":\"Monitor Dell de 22 polegadas, Compre agora este monitor de computador barato e n\u00e3o perca esta oportunidade! \u2713 Unidades limitadas, \u2713 1 ano de garantia.\",\"breadcrumb\":{\"@id\":\"https:\/\/pcstock.es\/pt-pt\/producto\/monitor-dell-22-2\/#breadcrumb\"},\"inLanguage\":\"pt-PT\",\"potentialAction\":[{\"@type\":\"ReadAction\",\"target\":[\"https:\/\/pcstock.es\/pt-pt\/producto\/monitor-dell-22-2\/\"]}]},{\"@type\":\"BreadcrumbList\",\"@id\":\"https:\/\/pcstock.es\/pt-pt\/producto\/monitor-dell-22-2\/#breadcrumb\",\"itemListElement\":[{\"@type\":\"ListItem\",\"position\":1,\"name\":\"Portada\",\"item\":\"https:\/\/pcstock.es\/pt-pt\/\"},{\"@type\":\"ListItem\",\"position\":2,\"name\":\"Loja\",\"item\":\"https:\/\/pcstock.es\/pt-pt\/loja\/\"},{\"@type\":\"ListItem\",\"position\":3,\"name\":\"Monitor Dell 22&#8243; Monitor\"}]},{\"@type\":\"WebSite\",\"@id\":\"https:\/\/pcstock.es\/pt-pt\/#website\",\"url\":\"https:\/\/pcstock.es\/pt-pt\/\",\"name\":\"PC STOCK\",\"description\":\"Ordenadores reacondicionados y accesorios tecnol\u00f3gicos\",\"publisher\":{\"@id\":\"https:\/\/pcstock.es\/pt-pt\/#organization\"},\"potentialAction\":[{\"@type\":\"SearchAction\",\"target\":{\"@type\":\"EntryPoint\",\"urlTemplate\":\"https:\/\/pcstock.es\/pt-pt\/?s={search_term_string}\"},\"query-input\":\"required name=search_term_string\"}],\"inLanguage\":\"pt-PT\"},{\"@type\":\"Organization\",\"@id\":\"https:\/\/pcstock.es\/pt-pt\/#organization\",\"name\":\"Pc Stock\",\"url\":\"https:\/\/pcstock.es\/pt-pt\/\",\"logo\":{\"@type\":\"ImageObject\",\"inLanguage\":\"pt-PT\",\"@id\":\"https:\/\/pcstock.es\/pt-pt\/#\/schema\/logo\/image\/\",\"url\":\"https:\/\/pcstock.es\/wp-content\/uploads\/2020\/11\/logo-pckstock-ordenadores-reacondicionados.png\",\"contentUrl\":\"https:\/\/pcstock.es\/wp-content\/uploads\/2020\/11\/logo-pckstock-ordenadores-reacondicionados.png\",\"width\":268,\"height\":93,\"caption\":\"Pc Stock\"},\"image\":{\"@id\":\"https:\/\/pcstock.es\/pt-pt\/#\/schema\/logo\/image\/\"}}]}<\/script>\n<!-- \/ Yoast SEO plugin. -->","yoast_head_json":{"title":"Monitor Dell 22\" Monitor - PC STOCK","description":"Monitor Dell de 22 polegadas, Compre agora este monitor de computador barato e n\u00e3o perca esta oportunidade! \u2713 Unidades limitadas, \u2713 1 ano de garantia.","robots":{"index":"index","follow":"follow","max-snippet":"max-snippet:-1","max-image-preview":"max-image-preview:large","max-video-preview":"max-video-preview:-1"},"canonical":"https:\/\/pcstock.es\/pt-pt\/producto\/monitor-dell-22-2\/","og_locale":"pt_PT","og_type":"article","og_title":"Monitor Dell 22\" Monitor - PC STOCK","og_description":"Monitor Dell de 22 polegadas, Compre agora este monitor de computador barato e n\u00e3o perca esta oportunidade! \u2713 Unidades limitadas, \u2713 1 ano de garantia.","og_url":"https:\/\/pcstock.es\/pt-pt\/producto\/monitor-dell-22-2\/","og_site_name":"PC STOCK","og_image":[{"width":800,"height":800,"url":"https:\/\/pcstock.es\/wp-content\/uploads\/2021\/08\/monitor-dell-22-1.webp","type":"image\/webp"}],"twitter_card":"summary_large_image","schema":{"@context":"https:\/\/schema.org","@graph":[{"@type":"WebPage","@id":"https:\/\/pcstock.es\/pt-pt\/producto\/monitor-dell-22-2\/","url":"https:\/\/pcstock.es\/pt-pt\/producto\/monitor-dell-22-2\/","name":"Monitor Dell 22\" Monitor - PC STOCK","isPartOf":{"@id":"https:\/\/pcstock.es\/pt-pt\/#website"},"datePublished":"2021-09-21T09:35:24+00:00","dateModified":"2021-09-21T09:35:24+00:00","description":"Monitor Dell de 22 polegadas, Compre agora este monitor de computador barato e n\u00e3o perca esta oportunidade! \u2713 Unidades limitadas, \u2713 1 ano de garantia.","breadcrumb":{"@id":"https:\/\/pcstock.es\/pt-pt\/producto\/monitor-dell-22-2\/#breadcrumb"},"inLanguage":"pt-PT","potentialAction":[{"@type":"ReadAction","target":["https:\/\/pcstock.es\/pt-pt\/producto\/monitor-dell-22-2\/"]}]},{"@type":"BreadcrumbList","@id":"https:\/\/pcstock.es\/pt-pt\/producto\/monitor-dell-22-2\/#breadcrumb","itemListElement":[{"@type":"ListItem","position":1,"name":"Portada","item":"https:\/\/pcstock.es\/pt-pt\/"},{"@type":"ListItem","position":2,"name":"Loja","item":"https:\/\/pcstock.es\/pt-pt\/loja\/"},{"@type":"ListItem","position":3,"name":"Monitor Dell 22&#8243; Monitor"}]},{"@type":"WebSite","@id":"https:\/\/pcstock.es\/pt-pt\/#website","url":"https:\/\/pcstock.es\/pt-pt\/","name":"PC STOCK","description":"Ordenadores reacondicionados y accesorios tecnol\u00f3gicos","publisher":{"@id":"https:\/\/pcstock.es\/pt-pt\/#organization"},"potentialAction":[{"@type":"SearchAction","target":{"@type":"EntryPoint","urlTemplate":"https:\/\/pcstock.es\/pt-pt\/?s={search_term_string}"},"query-input":"required name=search_term_string"}],"inLanguage":"pt-PT"},{"@type":"Organization","@id":"https:\/\/pcstock.es\/pt-pt\/#organization","name":"Pc Stock","url":"https:\/\/pcstock.es\/pt-pt\/","logo":{"@type":"ImageObject","inLanguage":"pt-PT","@id":"https:\/\/pcstock.es\/pt-pt\/#\/schema\/logo\/image\/","url":"https:\/\/pcstock.es\/wp-content\/uploads\/2020\/11\/logo-pckstock-ordenadores-reacondicionados.png","contentUrl":"https:\/\/pcstock.es\/wp-content\/uploads\/2020\/11\/logo-pckstock-ordenadores-reacondicionados.png","width":268,"height":93,"caption":"Pc Stock"},"image":{"@id":"https:\/\/pcstock.es\/pt-pt\/#\/schema\/logo\/image\/"}}]}},"_links":{"self":[{"href":"https:\/\/pcstock.es\/pt-pt\/wp-json\/wp\/v2\/product\/1541"}],"collection":[{"href":"https:\/\/pcstock.es\/pt-pt\/wp-json\/wp\/v2\/product"}],"about":[{"href":"https:\/\/pcstock.es\/pt-pt\/wp-json\/wp\/v2\/types\/product"}],"replies":[{"embeddable":true,"href":"https:\/\/pcstock.es\/pt-pt\/wp-json\/wp\/v2\/comments?post=1541"}],"wp:featuredmedia":[{"embeddable":true,"href":"https:\/\/pcstock.es\/pt-pt\/wp-json\/wp\/v2\/media\/1543"}],"wp:attachment":[{"href":"https:\/\/pcstock.es\/pt-pt\/wp-json\/wp\/v2\/media?parent=1541"}],"wp:term":[{"taxonomy":"product_cat","embeddable":true,"href":"https:\/\/pcstock.es\/pt-pt\/wp-json\/wp\/v2\/product_cat?post=1541"},{"taxonomy":"product_tag","embeddable":true,"href":"https:\/\/pcstock.es\/pt-pt\/wp-json\/wp\/v2\/product_tag?post=1541"}],"curies":[{"name":"wp","href":"https:\/\/api.w.org\/{rel}","templated":true}]}}