
{"id":1536,"date":"2020-12-03T08:07:08","date_gmt":"2021-09-21T09:35:05","guid":{"rendered":"https:\/\/pcstock.es\/producto\/hp-x360-1030g2-conversivel-i7-7600u280ghz-16gb\/"},"modified":"2026-04-29T02:47:20","modified_gmt":"2026-04-29T02:47:20","slug":"hp-x360-1030g2-convertible-i7-7600u2-80ghz-16gb","status":"publish","type":"product","link":"https:\/\/pcstock.es\/pt-pt\/producto\/hp-x360-1030g2-convertible-i7-7600u2-80ghz-16gb\/","title":{"rendered":"HP x360 1030G2 Convers\u00edvel i7-7600U(2,80GHz) 16GB"},"content":{"rendered":"<p>HP x360-1030G2, desfrute deste fant\u00e1stico port\u00e1til Hewlett Packard <strong>remodelado por profissionais, perfeitamente funcional e em \u00f3ptimas condi\u00e7\u00f5es<\/strong>.<br \/>\nPossui um <strong>poderoso processador i7 a 2,80GHz<\/strong>, um <strong>disco r\u00edgido de estado s\u00f3lido de 256GB<\/strong> e <strong>16GB de RAM<\/strong>, tornando-o um port\u00e1til ideal para trabalhar, estudar ou realizar qualquer tipo de tarefa.<\/p>\n<p>Com esta super oferta voc\u00ea pode desfrutar de um port\u00e1til muito poderoso a um pre\u00e7o imbat\u00edvel. n\u00e3o deixe passar esta oportunidade!<\/p>\n","protected":false},"excerpt":{"rendered":"<p>Fant\u00e1stico computador port\u00e1til convert\u00edvel da HP a um \u00f3ptimo pre\u00e7o.<\/p>\n<p>processador <strong>i7, 16GB RAM e 256GB SSD e tudo por menos de 500 euros!<\/strong><\/p>\n<p>Se n\u00e3o o conseguir agora, <strong>em breve ficaremos sem eles!<\/strong><\/p>\n<p>&nbsp;<\/p>\n","protected":false},"featured_media":1538,"comment_status":"open","ping_status":"closed","template":"","meta":[],"product_cat":[165],"product_tag":[244,243],"yoast_head":"<!-- This site is optimized with the Yoast SEO plugin v20.6 - https:\/\/yoast.com\/wordpress\/plugins\/seo\/ -->\n<title>HP x360 1030G2 Convers\u00edvel i7-7600U(2,80GHz) 16GB - PC STOCK<\/title>\n<meta name=\"description\" content=\"Laptop HP x360-1030G2 reformado, i7 16Gb. Computador port\u00e1til convert\u00edvel HP x360 barato. Envio gr\u00e1tis. Compre-o antes que eles se vendam!\" \/>\n<meta name=\"robots\" content=\"index, follow, max-snippet:-1, max-image-preview:large, max-video-preview:-1\" \/>\n<link rel=\"canonical\" href=\"https:\/\/pcstock.es\/pt-pt\/producto\/hp-x360-1030g2-convertible-i7-7600u2-80ghz-16gb\/\" \/>\n<meta property=\"og:locale\" content=\"pt_PT\" \/>\n<meta property=\"og:type\" content=\"article\" \/>\n<meta property=\"og:title\" content=\"HP x360 1030G2 Convers\u00edvel i7-7600U(2,80GHz) 16GB - PC STOCK\" \/>\n<meta property=\"og:description\" content=\"Laptop HP x360-1030G2 reformado, i7 16Gb. Computador port\u00e1til convert\u00edvel HP x360 barato. Envio gr\u00e1tis. Compre-o antes que eles se vendam!\" \/>\n<meta property=\"og:url\" content=\"https:\/\/pcstock.es\/pt-pt\/producto\/hp-x360-1030g2-convertible-i7-7600u2-80ghz-16gb\/\" \/>\n<meta property=\"og:site_name\" content=\"PC STOCK\" \/>\n<meta property=\"article:modified_time\" content=\"2026-04-29T02:47:20+00:00\" \/>\n<meta property=\"og:image\" content=\"https:\/\/pcstock.es\/wp-content\/uploads\/2020\/12\/HP-x360-1030G2-Convertible-i7-7600U2.80GHz-16GB-450x356-1.jpg\" \/>\n\t<meta property=\"og:image:width\" content=\"450\" \/>\n\t<meta property=\"og:image:height\" content=\"356\" \/>\n\t<meta property=\"og:image:type\" content=\"image\/jpeg\" \/>\n<meta name=\"twitter:card\" content=\"summary_large_image\" \/>\n<script type=\"application\/ld+json\" class=\"yoast-schema-graph\">{\"@context\":\"https:\/\/schema.org\",\"@graph\":[{\"@type\":\"WebPage\",\"@id\":\"https:\/\/pcstock.es\/pt-pt\/producto\/hp-x360-1030g2-convertible-i7-7600u2-80ghz-16gb\/\",\"url\":\"https:\/\/pcstock.es\/pt-pt\/producto\/hp-x360-1030g2-convertible-i7-7600u2-80ghz-16gb\/\",\"name\":\"HP x360 1030G2 Convers\u00edvel i7-7600U(2,80GHz) 16GB - PC STOCK\",\"isPartOf\":{\"@id\":\"https:\/\/pcstock.es\/pt-pt\/#website\"},\"datePublished\":\"2021-09-21T09:35:05+00:00\",\"dateModified\":\"2026-04-29T02:47:20+00:00\",\"description\":\"Laptop HP x360-1030G2 reformado, i7 16Gb. Computador port\u00e1til convert\u00edvel HP x360 barato. Envio gr\u00e1tis. Compre-o antes que eles se vendam!\",\"breadcrumb\":{\"@id\":\"https:\/\/pcstock.es\/pt-pt\/producto\/hp-x360-1030g2-convertible-i7-7600u2-80ghz-16gb\/#breadcrumb\"},\"inLanguage\":\"pt-PT\",\"potentialAction\":[{\"@type\":\"ReadAction\",\"target\":[\"https:\/\/pcstock.es\/pt-pt\/producto\/hp-x360-1030g2-convertible-i7-7600u2-80ghz-16gb\/\"]}]},{\"@type\":\"BreadcrumbList\",\"@id\":\"https:\/\/pcstock.es\/pt-pt\/producto\/hp-x360-1030g2-convertible-i7-7600u2-80ghz-16gb\/#breadcrumb\",\"itemListElement\":[{\"@type\":\"ListItem\",\"position\":1,\"name\":\"Portada\",\"item\":\"https:\/\/pcstock.es\/pt-pt\/\"},{\"@type\":\"ListItem\",\"position\":2,\"name\":\"Loja\",\"item\":\"https:\/\/pcstock.es\/pt-pt\/loja\/\"},{\"@type\":\"ListItem\",\"position\":3,\"name\":\"HP x360 1030G2 Convers\u00edvel i7-7600U(2,80GHz) 16GB\"}]},{\"@type\":\"WebSite\",\"@id\":\"https:\/\/pcstock.es\/pt-pt\/#website\",\"url\":\"https:\/\/pcstock.es\/pt-pt\/\",\"name\":\"PC STOCK\",\"description\":\"Ordenadores reacondicionados y accesorios tecnol\u00f3gicos\",\"publisher\":{\"@id\":\"https:\/\/pcstock.es\/pt-pt\/#organization\"},\"potentialAction\":[{\"@type\":\"SearchAction\",\"target\":{\"@type\":\"EntryPoint\",\"urlTemplate\":\"https:\/\/pcstock.es\/pt-pt\/?s={search_term_string}\"},\"query-input\":\"required name=search_term_string\"}],\"inLanguage\":\"pt-PT\"},{\"@type\":\"Organization\",\"@id\":\"https:\/\/pcstock.es\/pt-pt\/#organization\",\"name\":\"Pc Stock\",\"url\":\"https:\/\/pcstock.es\/pt-pt\/\",\"logo\":{\"@type\":\"ImageObject\",\"inLanguage\":\"pt-PT\",\"@id\":\"https:\/\/pcstock.es\/pt-pt\/#\/schema\/logo\/image\/\",\"url\":\"https:\/\/pcstock.es\/wp-content\/uploads\/2020\/11\/logo-pckstock-ordenadores-reacondicionados.png\",\"contentUrl\":\"https:\/\/pcstock.es\/wp-content\/uploads\/2020\/11\/logo-pckstock-ordenadores-reacondicionados.png\",\"width\":268,\"height\":93,\"caption\":\"Pc Stock\"},\"image\":{\"@id\":\"https:\/\/pcstock.es\/pt-pt\/#\/schema\/logo\/image\/\"}}]}<\/script>\n<!-- \/ Yoast SEO plugin. -->","yoast_head_json":{"title":"HP x360 1030G2 Convers\u00edvel i7-7600U(2,80GHz) 16GB - PC STOCK","description":"Laptop HP x360-1030G2 reformado, i7 16Gb. Computador port\u00e1til convert\u00edvel HP x360 barato. Envio gr\u00e1tis. Compre-o antes que eles se vendam!","robots":{"index":"index","follow":"follow","max-snippet":"max-snippet:-1","max-image-preview":"max-image-preview:large","max-video-preview":"max-video-preview:-1"},"canonical":"https:\/\/pcstock.es\/pt-pt\/producto\/hp-x360-1030g2-convertible-i7-7600u2-80ghz-16gb\/","og_locale":"pt_PT","og_type":"article","og_title":"HP x360 1030G2 Convers\u00edvel i7-7600U(2,80GHz) 16GB - PC STOCK","og_description":"Laptop HP x360-1030G2 reformado, i7 16Gb. Computador port\u00e1til convert\u00edvel HP x360 barato. Envio gr\u00e1tis. Compre-o antes que eles se vendam!","og_url":"https:\/\/pcstock.es\/pt-pt\/producto\/hp-x360-1030g2-convertible-i7-7600u2-80ghz-16gb\/","og_site_name":"PC STOCK","article_modified_time":"2026-04-29T02:47:20+00:00","og_image":[{"width":450,"height":356,"url":"https:\/\/pcstock.es\/wp-content\/uploads\/2020\/12\/HP-x360-1030G2-Convertible-i7-7600U2.80GHz-16GB-450x356-1.jpg","type":"image\/jpeg"}],"twitter_card":"summary_large_image","schema":{"@context":"https:\/\/schema.org","@graph":[{"@type":"WebPage","@id":"https:\/\/pcstock.es\/pt-pt\/producto\/hp-x360-1030g2-convertible-i7-7600u2-80ghz-16gb\/","url":"https:\/\/pcstock.es\/pt-pt\/producto\/hp-x360-1030g2-convertible-i7-7600u2-80ghz-16gb\/","name":"HP x360 1030G2 Convers\u00edvel i7-7600U(2,80GHz) 16GB - PC STOCK","isPartOf":{"@id":"https:\/\/pcstock.es\/pt-pt\/#website"},"datePublished":"2021-09-21T09:35:05+00:00","dateModified":"2026-04-29T02:47:20+00:00","description":"Laptop HP x360-1030G2 reformado, i7 16Gb. Computador port\u00e1til convert\u00edvel HP x360 barato. Envio gr\u00e1tis. Compre-o antes que eles se vendam!","breadcrumb":{"@id":"https:\/\/pcstock.es\/pt-pt\/producto\/hp-x360-1030g2-convertible-i7-7600u2-80ghz-16gb\/#breadcrumb"},"inLanguage":"pt-PT","potentialAction":[{"@type":"ReadAction","target":["https:\/\/pcstock.es\/pt-pt\/producto\/hp-x360-1030g2-convertible-i7-7600u2-80ghz-16gb\/"]}]},{"@type":"BreadcrumbList","@id":"https:\/\/pcstock.es\/pt-pt\/producto\/hp-x360-1030g2-convertible-i7-7600u2-80ghz-16gb\/#breadcrumb","itemListElement":[{"@type":"ListItem","position":1,"name":"Portada","item":"https:\/\/pcstock.es\/pt-pt\/"},{"@type":"ListItem","position":2,"name":"Loja","item":"https:\/\/pcstock.es\/pt-pt\/loja\/"},{"@type":"ListItem","position":3,"name":"HP x360 1030G2 Convers\u00edvel i7-7600U(2,80GHz) 16GB"}]},{"@type":"WebSite","@id":"https:\/\/pcstock.es\/pt-pt\/#website","url":"https:\/\/pcstock.es\/pt-pt\/","name":"PC STOCK","description":"Ordenadores reacondicionados y accesorios tecnol\u00f3gicos","publisher":{"@id":"https:\/\/pcstock.es\/pt-pt\/#organization"},"potentialAction":[{"@type":"SearchAction","target":{"@type":"EntryPoint","urlTemplate":"https:\/\/pcstock.es\/pt-pt\/?s={search_term_string}"},"query-input":"required name=search_term_string"}],"inLanguage":"pt-PT"},{"@type":"Organization","@id":"https:\/\/pcstock.es\/pt-pt\/#organization","name":"Pc Stock","url":"https:\/\/pcstock.es\/pt-pt\/","logo":{"@type":"ImageObject","inLanguage":"pt-PT","@id":"https:\/\/pcstock.es\/pt-pt\/#\/schema\/logo\/image\/","url":"https:\/\/pcstock.es\/wp-content\/uploads\/2020\/11\/logo-pckstock-ordenadores-reacondicionados.png","contentUrl":"https:\/\/pcstock.es\/wp-content\/uploads\/2020\/11\/logo-pckstock-ordenadores-reacondicionados.png","width":268,"height":93,"caption":"Pc Stock"},"image":{"@id":"https:\/\/pcstock.es\/pt-pt\/#\/schema\/logo\/image\/"}}]}},"_links":{"self":[{"href":"https:\/\/pcstock.es\/pt-pt\/wp-json\/wp\/v2\/product\/1536"}],"collection":[{"href":"https:\/\/pcstock.es\/pt-pt\/wp-json\/wp\/v2\/product"}],"about":[{"href":"https:\/\/pcstock.es\/pt-pt\/wp-json\/wp\/v2\/types\/product"}],"replies":[{"embeddable":true,"href":"https:\/\/pcstock.es\/pt-pt\/wp-json\/wp\/v2\/comments?post=1536"}],"wp:featuredmedia":[{"embeddable":true,"href":"https:\/\/pcstock.es\/pt-pt\/wp-json\/wp\/v2\/media\/1538"}],"wp:attachment":[{"href":"https:\/\/pcstock.es\/pt-pt\/wp-json\/wp\/v2\/media?parent=1536"}],"wp:term":[{"taxonomy":"product_cat","embeddable":true,"href":"https:\/\/pcstock.es\/pt-pt\/wp-json\/wp\/v2\/product_cat?post=1536"},{"taxonomy":"product_tag","embeddable":true,"href":"https:\/\/pcstock.es\/pt-pt\/wp-json\/wp\/v2\/product_tag?post=1536"}],"curies":[{"name":"wp","href":"https:\/\/api.w.org\/{rel}","templated":true}]}}