
{"id":1535,"date":"2020-12-03T08:07:07","date_gmt":"2021-09-21T09:35:03","guid":{"rendered":"https:\/\/pcstock.es\/producto\/hp-probook-645g1-notebook-amd-a8-5550m-apu-4gb\/"},"modified":"2021-11-24T21:40:51","modified_gmt":"2021-11-24T21:40:51","slug":"hp-probook-645g1-notebook-amd-a8-5550m-apu-4gb","status":"publish","type":"product","link":"https:\/\/pcstock.es\/pt-pt\/producto\/hp-probook-645g1-notebook-amd-a8-5550m-apu-4gb\/","title":{"rendered":"HP ProBook 645G1 Notebook AMD A8-5550M APU 4GB"},"content":{"rendered":"<p>HP ProBook 645G1 Notebook , desfrute deste fant\u00e1stico computador port\u00e1til Hewlett Packard <strong>, remodelado profissionalmente, perfeitamente funcional e em \u00f3ptimas condi\u00e7\u00f5es<\/strong>.<br \/>\nGra\u00e7as aos seus <strong>4GB de RAM<\/strong>, <strong>processador AMD <\/strong> e<strong> disco r\u00edgido SSD de 240GB<\/strong>, este <strong>notebook \u00e9 ideal para qualquer tipo de tarefa<\/strong>, um laptop para teletrabalho, ideal para estudantes, verificar emails ou fazer todo tipo de trabalho. Este port\u00e1til HP incorpora um processador AMD A8-5550M que lhe permitir\u00e1 ter um port\u00e1til barato mas com<strong> pot\u00eancia suficiente para realizar o seu trabalho<\/strong>.<\/p>\n<p>Com esta excelente oferta pode desfrutar de um pre\u00e7o imbat\u00edvel para o seu HP ProBook 645G1 Notebook 4GB, um port\u00e1til acess\u00edvel mas incrivelmente potente.  <strong>n\u00e3o deixe passar esta oportunidade!<\/strong><\/p>\n","protected":false},"excerpt":{"rendered":"<p>Se voc\u00ea est\u00e1 procurando um <strong>laptop barato para trabalhar em casa<\/strong>, este laptop reformado \u00e9 um dos nossos favoritos. Voc\u00ea pode instalar todas as suas ferramentas favoritas, equipes, escrit\u00f3rio, cromo ou zoom sem qualquer problema.  <strong>N\u00e3o vai encontrar outro port\u00e1til barato para trabalhar \u00e0 dist\u00e2ncia com estas funcionalidades.<\/strong>  n\u00f3s garantimos-lhe!<\/p>\n","protected":false},"featured_media":1537,"comment_status":"open","ping_status":"closed","template":"","meta":[],"product_cat":[165],"product_tag":[243],"yoast_head":"<!-- This site is optimized with the Yoast SEO plugin v20.6 - https:\/\/yoast.com\/wordpress\/plugins\/seo\/ -->\n<title>HP ProBook 645G1 laptop - PC STOCK - Computadores recondicionados<\/title>\n<meta name=\"description\" content=\"Caderno HP ProBook 645G1 4Gb remodelado. HP ProBook 645G1 Notebook barato. Envio gr\u00e1tis. Compre-o antes que eles se vendam!\" \/>\n<meta name=\"robots\" content=\"index, follow, max-snippet:-1, max-image-preview:large, max-video-preview:-1\" \/>\n<link rel=\"canonical\" href=\"https:\/\/pcstock.es\/pt-pt\/producto\/hp-probook-645g1-notebook-amd-a8-5550m-apu-4gb\/\" \/>\n<meta property=\"og:locale\" content=\"pt_PT\" \/>\n<meta property=\"og:type\" content=\"article\" \/>\n<meta property=\"og:title\" content=\"HP ProBook 645G1 laptop - PC STOCK - Computadores recondicionados\" \/>\n<meta property=\"og:description\" content=\"Caderno HP ProBook 645G1 4Gb remodelado. HP ProBook 645G1 Notebook barato. Envio gr\u00e1tis. Compre-o antes que eles se vendam!\" \/>\n<meta property=\"og:url\" content=\"https:\/\/pcstock.es\/pt-pt\/producto\/hp-probook-645g1-notebook-amd-a8-5550m-apu-4gb\/\" \/>\n<meta property=\"og:site_name\" content=\"PC STOCK\" \/>\n<meta property=\"article:modified_time\" content=\"2021-11-24T21:40:51+00:00\" \/>\n<meta property=\"og:image\" content=\"https:\/\/pcstock.es\/wp-content\/uploads\/2020\/12\/HP-ProBook-645G1-Notebook-AMD-A8-5550M-APU-4GB-450x356-1.jpg\" \/>\n\t<meta property=\"og:image:width\" content=\"450\" \/>\n\t<meta property=\"og:image:height\" content=\"356\" \/>\n\t<meta property=\"og:image:type\" content=\"image\/jpeg\" \/>\n<meta name=\"twitter:card\" content=\"summary_large_image\" \/>\n<meta name=\"twitter:label1\" content=\"Est. reading time\" \/>\n\t<meta name=\"twitter:data1\" content=\"1 minute\" \/>\n<script type=\"application\/ld+json\" class=\"yoast-schema-graph\">{\"@context\":\"https:\/\/schema.org\",\"@graph\":[{\"@type\":\"WebPage\",\"@id\":\"https:\/\/pcstock.es\/pt-pt\/producto\/hp-probook-645g1-notebook-amd-a8-5550m-apu-4gb\/\",\"url\":\"https:\/\/pcstock.es\/pt-pt\/producto\/hp-probook-645g1-notebook-amd-a8-5550m-apu-4gb\/\",\"name\":\"HP ProBook 645G1 laptop - PC STOCK - Computadores recondicionados\",\"isPartOf\":{\"@id\":\"https:\/\/pcstock.es\/pt-pt\/#website\"},\"datePublished\":\"2021-09-21T09:35:03+00:00\",\"dateModified\":\"2021-11-24T21:40:51+00:00\",\"description\":\"Caderno HP ProBook 645G1 4Gb remodelado. HP ProBook 645G1 Notebook barato. Envio gr\u00e1tis. Compre-o antes que eles se vendam!\",\"breadcrumb\":{\"@id\":\"https:\/\/pcstock.es\/pt-pt\/producto\/hp-probook-645g1-notebook-amd-a8-5550m-apu-4gb\/#breadcrumb\"},\"inLanguage\":\"pt-PT\",\"potentialAction\":[{\"@type\":\"ReadAction\",\"target\":[\"https:\/\/pcstock.es\/pt-pt\/producto\/hp-probook-645g1-notebook-amd-a8-5550m-apu-4gb\/\"]}]},{\"@type\":\"BreadcrumbList\",\"@id\":\"https:\/\/pcstock.es\/pt-pt\/producto\/hp-probook-645g1-notebook-amd-a8-5550m-apu-4gb\/#breadcrumb\",\"itemListElement\":[{\"@type\":\"ListItem\",\"position\":1,\"name\":\"Portada\",\"item\":\"https:\/\/pcstock.es\/pt-pt\/\"},{\"@type\":\"ListItem\",\"position\":2,\"name\":\"Loja\",\"item\":\"https:\/\/pcstock.es\/pt-pt\/loja\/\"},{\"@type\":\"ListItem\",\"position\":3,\"name\":\"HP ProBook 645G1 Notebook AMD A8-5550M APU 4GB\"}]},{\"@type\":\"WebSite\",\"@id\":\"https:\/\/pcstock.es\/pt-pt\/#website\",\"url\":\"https:\/\/pcstock.es\/pt-pt\/\",\"name\":\"PC STOCK\",\"description\":\"Ordenadores reacondicionados y accesorios tecnol\u00f3gicos\",\"publisher\":{\"@id\":\"https:\/\/pcstock.es\/pt-pt\/#organization\"},\"potentialAction\":[{\"@type\":\"SearchAction\",\"target\":{\"@type\":\"EntryPoint\",\"urlTemplate\":\"https:\/\/pcstock.es\/pt-pt\/?s={search_term_string}\"},\"query-input\":\"required name=search_term_string\"}],\"inLanguage\":\"pt-PT\"},{\"@type\":\"Organization\",\"@id\":\"https:\/\/pcstock.es\/pt-pt\/#organization\",\"name\":\"Pc Stock\",\"url\":\"https:\/\/pcstock.es\/pt-pt\/\",\"logo\":{\"@type\":\"ImageObject\",\"inLanguage\":\"pt-PT\",\"@id\":\"https:\/\/pcstock.es\/pt-pt\/#\/schema\/logo\/image\/\",\"url\":\"https:\/\/pcstock.es\/wp-content\/uploads\/2020\/11\/logo-pckstock-ordenadores-reacondicionados.png\",\"contentUrl\":\"https:\/\/pcstock.es\/wp-content\/uploads\/2020\/11\/logo-pckstock-ordenadores-reacondicionados.png\",\"width\":268,\"height\":93,\"caption\":\"Pc Stock\"},\"image\":{\"@id\":\"https:\/\/pcstock.es\/pt-pt\/#\/schema\/logo\/image\/\"}}]}<\/script>\n<!-- \/ Yoast SEO plugin. -->","yoast_head_json":{"title":"HP ProBook 645G1 laptop - PC STOCK - Computadores recondicionados","description":"Caderno HP ProBook 645G1 4Gb remodelado. HP ProBook 645G1 Notebook barato. Envio gr\u00e1tis. Compre-o antes que eles se vendam!","robots":{"index":"index","follow":"follow","max-snippet":"max-snippet:-1","max-image-preview":"max-image-preview:large","max-video-preview":"max-video-preview:-1"},"canonical":"https:\/\/pcstock.es\/pt-pt\/producto\/hp-probook-645g1-notebook-amd-a8-5550m-apu-4gb\/","og_locale":"pt_PT","og_type":"article","og_title":"HP ProBook 645G1 laptop - PC STOCK - Computadores recondicionados","og_description":"Caderno HP ProBook 645G1 4Gb remodelado. HP ProBook 645G1 Notebook barato. Envio gr\u00e1tis. Compre-o antes que eles se vendam!","og_url":"https:\/\/pcstock.es\/pt-pt\/producto\/hp-probook-645g1-notebook-amd-a8-5550m-apu-4gb\/","og_site_name":"PC STOCK","article_modified_time":"2021-11-24T21:40:51+00:00","og_image":[{"width":450,"height":356,"url":"https:\/\/pcstock.es\/wp-content\/uploads\/2020\/12\/HP-ProBook-645G1-Notebook-AMD-A8-5550M-APU-4GB-450x356-1.jpg","type":"image\/jpeg"}],"twitter_card":"summary_large_image","twitter_misc":{"Est. reading time":"1 minute"},"schema":{"@context":"https:\/\/schema.org","@graph":[{"@type":"WebPage","@id":"https:\/\/pcstock.es\/pt-pt\/producto\/hp-probook-645g1-notebook-amd-a8-5550m-apu-4gb\/","url":"https:\/\/pcstock.es\/pt-pt\/producto\/hp-probook-645g1-notebook-amd-a8-5550m-apu-4gb\/","name":"HP ProBook 645G1 laptop - PC STOCK - Computadores recondicionados","isPartOf":{"@id":"https:\/\/pcstock.es\/pt-pt\/#website"},"datePublished":"2021-09-21T09:35:03+00:00","dateModified":"2021-11-24T21:40:51+00:00","description":"Caderno HP ProBook 645G1 4Gb remodelado. HP ProBook 645G1 Notebook barato. Envio gr\u00e1tis. Compre-o antes que eles se vendam!","breadcrumb":{"@id":"https:\/\/pcstock.es\/pt-pt\/producto\/hp-probook-645g1-notebook-amd-a8-5550m-apu-4gb\/#breadcrumb"},"inLanguage":"pt-PT","potentialAction":[{"@type":"ReadAction","target":["https:\/\/pcstock.es\/pt-pt\/producto\/hp-probook-645g1-notebook-amd-a8-5550m-apu-4gb\/"]}]},{"@type":"BreadcrumbList","@id":"https:\/\/pcstock.es\/pt-pt\/producto\/hp-probook-645g1-notebook-amd-a8-5550m-apu-4gb\/#breadcrumb","itemListElement":[{"@type":"ListItem","position":1,"name":"Portada","item":"https:\/\/pcstock.es\/pt-pt\/"},{"@type":"ListItem","position":2,"name":"Loja","item":"https:\/\/pcstock.es\/pt-pt\/loja\/"},{"@type":"ListItem","position":3,"name":"HP ProBook 645G1 Notebook AMD A8-5550M APU 4GB"}]},{"@type":"WebSite","@id":"https:\/\/pcstock.es\/pt-pt\/#website","url":"https:\/\/pcstock.es\/pt-pt\/","name":"PC STOCK","description":"Ordenadores reacondicionados y accesorios tecnol\u00f3gicos","publisher":{"@id":"https:\/\/pcstock.es\/pt-pt\/#organization"},"potentialAction":[{"@type":"SearchAction","target":{"@type":"EntryPoint","urlTemplate":"https:\/\/pcstock.es\/pt-pt\/?s={search_term_string}"},"query-input":"required name=search_term_string"}],"inLanguage":"pt-PT"},{"@type":"Organization","@id":"https:\/\/pcstock.es\/pt-pt\/#organization","name":"Pc Stock","url":"https:\/\/pcstock.es\/pt-pt\/","logo":{"@type":"ImageObject","inLanguage":"pt-PT","@id":"https:\/\/pcstock.es\/pt-pt\/#\/schema\/logo\/image\/","url":"https:\/\/pcstock.es\/wp-content\/uploads\/2020\/11\/logo-pckstock-ordenadores-reacondicionados.png","contentUrl":"https:\/\/pcstock.es\/wp-content\/uploads\/2020\/11\/logo-pckstock-ordenadores-reacondicionados.png","width":268,"height":93,"caption":"Pc Stock"},"image":{"@id":"https:\/\/pcstock.es\/pt-pt\/#\/schema\/logo\/image\/"}}]}},"_links":{"self":[{"href":"https:\/\/pcstock.es\/pt-pt\/wp-json\/wp\/v2\/product\/1535"}],"collection":[{"href":"https:\/\/pcstock.es\/pt-pt\/wp-json\/wp\/v2\/product"}],"about":[{"href":"https:\/\/pcstock.es\/pt-pt\/wp-json\/wp\/v2\/types\/product"}],"replies":[{"embeddable":true,"href":"https:\/\/pcstock.es\/pt-pt\/wp-json\/wp\/v2\/comments?post=1535"}],"wp:featuredmedia":[{"embeddable":true,"href":"https:\/\/pcstock.es\/pt-pt\/wp-json\/wp\/v2\/media\/1537"}],"wp:attachment":[{"href":"https:\/\/pcstock.es\/pt-pt\/wp-json\/wp\/v2\/media?parent=1535"}],"wp:term":[{"taxonomy":"product_cat","embeddable":true,"href":"https:\/\/pcstock.es\/pt-pt\/wp-json\/wp\/v2\/product_cat?post=1535"},{"taxonomy":"product_tag","embeddable":true,"href":"https:\/\/pcstock.es\/pt-pt\/wp-json\/wp\/v2\/product_tag?post=1535"}],"curies":[{"name":"wp","href":"https:\/\/api.w.org\/{rel}","templated":true}]}}