
{"id":1533,"date":"2020-12-03T08:07:07","date_gmt":"2021-09-21T09:34:53","guid":{"rendered":"https:\/\/pcstock.es\/producto\/hp-640g1-notebook-i5-4300m2-60ghz-8gb\/"},"modified":"2022-10-15T09:23:48","modified_gmt":"2022-10-15T09:23:48","slug":"hp-640g1-notebook-i5-4300m2-60ghz-8gb","status":"publish","type":"product","link":"https:\/\/pcstock.es\/pt-pt\/producto\/hp-640g1-notebook-i5-4300m2-60ghz-8gb\/","title":{"rendered":"Caderno HP 640G1 i5 4300M(2.60GHz) 8GB"},"content":{"rendered":"<p>Caderno HP 640G1 com processador<strong> Intel Core i5<\/strong> a 2,60 Ghz, 8GB de<strong>RAM<\/strong> e <strong>disco r\u00edgido SSD de 128 GB<\/strong>. Com este incr\u00edvel port\u00e1til barato da HP poder\u00e1 desfrutar de um <strong>port\u00e1til barato para trabalhar <\/strong>sem renunciar \u00e0s caracter\u00edsticas de um port\u00e1til potente.<\/p>\n<p>Com este port\u00e1til, pode teletrabalhar, estudar e instalar qualquer ferramenta de escrit\u00f3rio.<\/p>\n<p>E se eu lhe dissesse que todos os nossos produtos <strong>v\u00eam com um ano de garantia<\/strong>? De que est\u00e1s \u00e0 espera para o comprar? Para acabar?<\/p>\n<p>N\u00e3o perca a oportunidade de ter um computador port\u00e1til ideal para teletrabalho ou estudo sem ter de gastar muito dinheiro.<\/p>\n","protected":false},"excerpt":{"rendered":"<p>Precisa de um <strong>computador barato para trabalhar<\/strong>?<\/p>\n<p>N\u00e3o perca a oportunidade de deitar as m\u00e3os a este <strong>port\u00e1til barato, ideal para o trabalho<\/strong>. Este port\u00e1til HP tem um processador i5 e 8Gb de ram que o tornam o companheiro ideal para qualquer tarefa.<\/p>\n<p>&nbsp;<\/p>\n","protected":false},"featured_media":1534,"comment_status":"open","ping_status":"closed","template":"","meta":[],"product_cat":[165],"product_tag":[243],"yoast_head":"<!-- This site is optimized with the Yoast SEO plugin v20.6 - https:\/\/yoast.com\/wordpress\/plugins\/seo\/ -->\n<title>Caderno HP 640G1 i5 4300M(2.60GHz) 8GB - PC STOCK<\/title>\n<meta name=\"description\" content=\"Notebook HP i5 8GB . Adquira j\u00e1 este incr\u00edvel computador port\u00e1til barato para o trabalho. \u2713 Stock limitado \u2713 Envio gr\u00e1tis \u2713 1 ano de garantia\" \/>\n<meta name=\"robots\" content=\"index, follow, max-snippet:-1, max-image-preview:large, max-video-preview:-1\" \/>\n<link rel=\"canonical\" href=\"https:\/\/pcstock.es\/pt-pt\/producto\/hp-640g1-notebook-i5-4300m2-60ghz-8gb\/\" \/>\n<meta property=\"og:locale\" content=\"pt_PT\" \/>\n<meta property=\"og:type\" content=\"article\" \/>\n<meta property=\"og:title\" content=\"Caderno HP 640G1 i5 4300M(2.60GHz) 8GB - PC STOCK\" \/>\n<meta property=\"og:description\" content=\"Notebook HP i5 8GB . Adquira j\u00e1 este incr\u00edvel computador port\u00e1til barato para o trabalho. \u2713 Stock limitado \u2713 Envio gr\u00e1tis \u2713 1 ano de garantia\" \/>\n<meta property=\"og:url\" content=\"https:\/\/pcstock.es\/pt-pt\/producto\/hp-640g1-notebook-i5-4300m2-60ghz-8gb\/\" \/>\n<meta property=\"og:site_name\" content=\"PC STOCK\" \/>\n<meta property=\"article:modified_time\" content=\"2022-10-15T09:23:48+00:00\" \/>\n<meta property=\"og:image\" content=\"https:\/\/pcstock.es\/wp-content\/uploads\/2020\/12\/HP-640G1-Notebook-i5-4300M-2.60GHz-8GB.jpg\" \/>\n\t<meta property=\"og:image:width\" content=\"476\" \/>\n\t<meta property=\"og:image:height\" content=\"351\" \/>\n\t<meta property=\"og:image:type\" content=\"image\/jpeg\" \/>\n<meta name=\"twitter:card\" content=\"summary_large_image\" \/>\n<meta name=\"twitter:label1\" content=\"Est. reading time\" \/>\n\t<meta name=\"twitter:data1\" content=\"1 minute\" \/>\n<script type=\"application\/ld+json\" class=\"yoast-schema-graph\">{\"@context\":\"https:\/\/schema.org\",\"@graph\":[{\"@type\":\"WebPage\",\"@id\":\"https:\/\/pcstock.es\/pt-pt\/producto\/hp-640g1-notebook-i5-4300m2-60ghz-8gb\/\",\"url\":\"https:\/\/pcstock.es\/pt-pt\/producto\/hp-640g1-notebook-i5-4300m2-60ghz-8gb\/\",\"name\":\"Caderno HP 640G1 i5 4300M(2.60GHz) 8GB - PC STOCK\",\"isPartOf\":{\"@id\":\"https:\/\/pcstock.es\/pt-pt\/#website\"},\"datePublished\":\"2021-09-21T09:34:53+00:00\",\"dateModified\":\"2022-10-15T09:23:48+00:00\",\"description\":\"Notebook HP i5 8GB . Adquira j\u00e1 este incr\u00edvel computador port\u00e1til barato para o trabalho. \u2713 Stock limitado \u2713 Envio gr\u00e1tis \u2713 1 ano de garantia\",\"breadcrumb\":{\"@id\":\"https:\/\/pcstock.es\/pt-pt\/producto\/hp-640g1-notebook-i5-4300m2-60ghz-8gb\/#breadcrumb\"},\"inLanguage\":\"pt-PT\",\"potentialAction\":[{\"@type\":\"ReadAction\",\"target\":[\"https:\/\/pcstock.es\/pt-pt\/producto\/hp-640g1-notebook-i5-4300m2-60ghz-8gb\/\"]}]},{\"@type\":\"BreadcrumbList\",\"@id\":\"https:\/\/pcstock.es\/pt-pt\/producto\/hp-640g1-notebook-i5-4300m2-60ghz-8gb\/#breadcrumb\",\"itemListElement\":[{\"@type\":\"ListItem\",\"position\":1,\"name\":\"Portada\",\"item\":\"https:\/\/pcstock.es\/pt-pt\/\"},{\"@type\":\"ListItem\",\"position\":2,\"name\":\"Loja\",\"item\":\"https:\/\/pcstock.es\/pt-pt\/loja\/\"},{\"@type\":\"ListItem\",\"position\":3,\"name\":\"Caderno HP 640G1 i5 4300M(2.60GHz) 8GB\"}]},{\"@type\":\"WebSite\",\"@id\":\"https:\/\/pcstock.es\/pt-pt\/#website\",\"url\":\"https:\/\/pcstock.es\/pt-pt\/\",\"name\":\"PC STOCK\",\"description\":\"Ordenadores reacondicionados y accesorios tecnol\u00f3gicos\",\"publisher\":{\"@id\":\"https:\/\/pcstock.es\/pt-pt\/#organization\"},\"potentialAction\":[{\"@type\":\"SearchAction\",\"target\":{\"@type\":\"EntryPoint\",\"urlTemplate\":\"https:\/\/pcstock.es\/pt-pt\/?s={search_term_string}\"},\"query-input\":\"required name=search_term_string\"}],\"inLanguage\":\"pt-PT\"},{\"@type\":\"Organization\",\"@id\":\"https:\/\/pcstock.es\/pt-pt\/#organization\",\"name\":\"Pc Stock\",\"url\":\"https:\/\/pcstock.es\/pt-pt\/\",\"logo\":{\"@type\":\"ImageObject\",\"inLanguage\":\"pt-PT\",\"@id\":\"https:\/\/pcstock.es\/pt-pt\/#\/schema\/logo\/image\/\",\"url\":\"https:\/\/pcstock.es\/wp-content\/uploads\/2020\/11\/logo-pckstock-ordenadores-reacondicionados.png\",\"contentUrl\":\"https:\/\/pcstock.es\/wp-content\/uploads\/2020\/11\/logo-pckstock-ordenadores-reacondicionados.png\",\"width\":268,\"height\":93,\"caption\":\"Pc Stock\"},\"image\":{\"@id\":\"https:\/\/pcstock.es\/pt-pt\/#\/schema\/logo\/image\/\"}}]}<\/script>\n<!-- \/ Yoast SEO plugin. -->","yoast_head_json":{"title":"Caderno HP 640G1 i5 4300M(2.60GHz) 8GB - PC STOCK","description":"Notebook HP i5 8GB . Adquira j\u00e1 este incr\u00edvel computador port\u00e1til barato para o trabalho. \u2713 Stock limitado \u2713 Envio gr\u00e1tis \u2713 1 ano de garantia","robots":{"index":"index","follow":"follow","max-snippet":"max-snippet:-1","max-image-preview":"max-image-preview:large","max-video-preview":"max-video-preview:-1"},"canonical":"https:\/\/pcstock.es\/pt-pt\/producto\/hp-640g1-notebook-i5-4300m2-60ghz-8gb\/","og_locale":"pt_PT","og_type":"article","og_title":"Caderno HP 640G1 i5 4300M(2.60GHz) 8GB - PC STOCK","og_description":"Notebook HP i5 8GB . Adquira j\u00e1 este incr\u00edvel computador port\u00e1til barato para o trabalho. \u2713 Stock limitado \u2713 Envio gr\u00e1tis \u2713 1 ano de garantia","og_url":"https:\/\/pcstock.es\/pt-pt\/producto\/hp-640g1-notebook-i5-4300m2-60ghz-8gb\/","og_site_name":"PC STOCK","article_modified_time":"2022-10-15T09:23:48+00:00","og_image":[{"width":476,"height":351,"url":"https:\/\/pcstock.es\/wp-content\/uploads\/2020\/12\/HP-640G1-Notebook-i5-4300M-2.60GHz-8GB.jpg","type":"image\/jpeg"}],"twitter_card":"summary_large_image","twitter_misc":{"Est. reading time":"1 minute"},"schema":{"@context":"https:\/\/schema.org","@graph":[{"@type":"WebPage","@id":"https:\/\/pcstock.es\/pt-pt\/producto\/hp-640g1-notebook-i5-4300m2-60ghz-8gb\/","url":"https:\/\/pcstock.es\/pt-pt\/producto\/hp-640g1-notebook-i5-4300m2-60ghz-8gb\/","name":"Caderno HP 640G1 i5 4300M(2.60GHz) 8GB - PC STOCK","isPartOf":{"@id":"https:\/\/pcstock.es\/pt-pt\/#website"},"datePublished":"2021-09-21T09:34:53+00:00","dateModified":"2022-10-15T09:23:48+00:00","description":"Notebook HP i5 8GB . Adquira j\u00e1 este incr\u00edvel computador port\u00e1til barato para o trabalho. \u2713 Stock limitado \u2713 Envio gr\u00e1tis \u2713 1 ano de garantia","breadcrumb":{"@id":"https:\/\/pcstock.es\/pt-pt\/producto\/hp-640g1-notebook-i5-4300m2-60ghz-8gb\/#breadcrumb"},"inLanguage":"pt-PT","potentialAction":[{"@type":"ReadAction","target":["https:\/\/pcstock.es\/pt-pt\/producto\/hp-640g1-notebook-i5-4300m2-60ghz-8gb\/"]}]},{"@type":"BreadcrumbList","@id":"https:\/\/pcstock.es\/pt-pt\/producto\/hp-640g1-notebook-i5-4300m2-60ghz-8gb\/#breadcrumb","itemListElement":[{"@type":"ListItem","position":1,"name":"Portada","item":"https:\/\/pcstock.es\/pt-pt\/"},{"@type":"ListItem","position":2,"name":"Loja","item":"https:\/\/pcstock.es\/pt-pt\/loja\/"},{"@type":"ListItem","position":3,"name":"Caderno HP 640G1 i5 4300M(2.60GHz) 8GB"}]},{"@type":"WebSite","@id":"https:\/\/pcstock.es\/pt-pt\/#website","url":"https:\/\/pcstock.es\/pt-pt\/","name":"PC STOCK","description":"Ordenadores reacondicionados y accesorios tecnol\u00f3gicos","publisher":{"@id":"https:\/\/pcstock.es\/pt-pt\/#organization"},"potentialAction":[{"@type":"SearchAction","target":{"@type":"EntryPoint","urlTemplate":"https:\/\/pcstock.es\/pt-pt\/?s={search_term_string}"},"query-input":"required name=search_term_string"}],"inLanguage":"pt-PT"},{"@type":"Organization","@id":"https:\/\/pcstock.es\/pt-pt\/#organization","name":"Pc Stock","url":"https:\/\/pcstock.es\/pt-pt\/","logo":{"@type":"ImageObject","inLanguage":"pt-PT","@id":"https:\/\/pcstock.es\/pt-pt\/#\/schema\/logo\/image\/","url":"https:\/\/pcstock.es\/wp-content\/uploads\/2020\/11\/logo-pckstock-ordenadores-reacondicionados.png","contentUrl":"https:\/\/pcstock.es\/wp-content\/uploads\/2020\/11\/logo-pckstock-ordenadores-reacondicionados.png","width":268,"height":93,"caption":"Pc Stock"},"image":{"@id":"https:\/\/pcstock.es\/pt-pt\/#\/schema\/logo\/image\/"}}]}},"_links":{"self":[{"href":"https:\/\/pcstock.es\/pt-pt\/wp-json\/wp\/v2\/product\/1533"}],"collection":[{"href":"https:\/\/pcstock.es\/pt-pt\/wp-json\/wp\/v2\/product"}],"about":[{"href":"https:\/\/pcstock.es\/pt-pt\/wp-json\/wp\/v2\/types\/product"}],"replies":[{"embeddable":true,"href":"https:\/\/pcstock.es\/pt-pt\/wp-json\/wp\/v2\/comments?post=1533"}],"wp:featuredmedia":[{"embeddable":true,"href":"https:\/\/pcstock.es\/pt-pt\/wp-json\/wp\/v2\/media\/1534"}],"wp:attachment":[{"href":"https:\/\/pcstock.es\/pt-pt\/wp-json\/wp\/v2\/media?parent=1533"}],"wp:term":[{"taxonomy":"product_cat","embeddable":true,"href":"https:\/\/pcstock.es\/pt-pt\/wp-json\/wp\/v2\/product_cat?post=1533"},{"taxonomy":"product_tag","embeddable":true,"href":"https:\/\/pcstock.es\/pt-pt\/wp-json\/wp\/v2\/product_tag?post=1533"}],"curies":[{"name":"wp","href":"https:\/\/api.w.org\/{rel}","templated":true}]}}