
{"id":1941,"date":"2021-11-06T17:04:10","date_gmt":"2021-11-06T17:04:10","guid":{"rendered":"https:\/\/pcstock.es\/computador-portatil-teletrabalho\/"},"modified":"2021-11-06T17:07:35","modified_gmt":"2021-11-06T17:07:35","slug":"computador-portatil-teletrabalho","status":"publish","type":"page","link":"https:\/\/pcstock.es\/pt-pt\/computador-portatil-teletrabalho\/","title":{"rendered":"Computador port\u00e1til Teletrabalho"},"content":{"rendered":"<div class=\"woocommerce columns-4 \"><ul class=\"products columns-4\">\n<li class=\"post-item product type-product post-2357 status-publish first instock product_cat-portateis-baratos product_tag-computador-portatil-escolar-e-universitario product_tag-computador-portatil-teletrabalho product_tag-loja has-post-thumbnail shipping-taxable purchasable product-type-simple\">\n\t<div class=\"shop-product-box\">\t\t<div class=\"ft_image \">\n\t\t\t<a href=\"https:\/\/pcstock.es\/pt-pt\/producto\/dell-latitude-i5-2-5ghz-4gb-ssd-240gb\/\">\n\t\t\t\t<img width=\"450\" height=\"450\" src=\"https:\/\/pcstock.es\/wp-content\/uploads\/2022\/09\/dell-latitude-i5-4gb-ssd-240gb-450x450.webp\" class=\"attachment-woocommerce_thumbnail size-woocommerce_thumbnail\" alt=\"laptop barato dell latitude i5 4g ssd 240gb\" loading=\"lazy\" srcset=\"https:\/\/pcstock.es\/wp-content\/uploads\/2022\/09\/dell-latitude-i5-4gb-ssd-240gb-450x450.webp 450w, https:\/\/pcstock.es\/wp-content\/uploads\/2022\/09\/dell-latitude-i5-4gb-ssd-240gb-300x300.webp 300w, https:\/\/pcstock.es\/wp-content\/uploads\/2022\/09\/dell-latitude-i5-4gb-ssd-240gb-150x150.webp 150w, https:\/\/pcstock.es\/wp-content\/uploads\/2022\/09\/dell-latitude-i5-4gb-ssd-240gb-100x100.webp 100w, https:\/\/pcstock.es\/wp-content\/uploads\/2022\/09\/dell-latitude-i5-4gb-ssd-240gb.webp 500w\" sizes=\"(max-width: 450px) 100vw, 450px\" \/>\t\t\t\t\t\t\t<\/a>\n\t\t<\/div>\n\t\t<div class=\"product_badges\"><\/div><div class=\"product-info\"><a class=\"button add_to_cart_button\" href=\"https:\/\/pcstock.es\/pt-pt\/producto\/dell-latitude-i5-2-5ghz-4gb-ssd-240gb\/\">Mais informa\u00e7\u00e3o<\/a><\/div><\/div><\/li>\n<li class=\"post-item product type-product post-1530 status-publish instock product_cat-portateis-baratos product_tag-computador-portatil-escolar-e-universitario product_tag-computador-portatil-teletrabalho has-post-thumbnail sale shipping-taxable purchasable product-type-simple\">\n\t<div class=\"shop-product-box\">\t\t<div class=\"ft_image \">\n\t\t\t<a href=\"https:\/\/pcstock.es\/pt-pt\/producto\/hp-1030g1-notebook-m7-6y751-20ghz-16gb\/\">\n\t\t\t\t<img width=\"450\" height=\"356\" src=\"https:\/\/pcstock.es\/wp-content\/uploads\/2020\/12\/HP-1030G1-Notebook-m7-6Y751.20GHz-16GB-portatil-reacondicionado-gijon-asturias-450x356-1.jpg\" class=\"attachment-woocommerce_thumbnail size-woocommerce_thumbnail\" alt=\"port\u00e1til HP 1030G1 HP 1030G1 notebook m7-6Y75(1.20GHz) 16GB-portable-reconditioned gijon asturias\" loading=\"lazy\" srcset=\"https:\/\/pcstock.es\/wp-content\/uploads\/2020\/12\/HP-1030G1-Notebook-m7-6Y751.20GHz-16GB-portatil-reacondicionado-gijon-asturias-450x356-1.jpg 450w, https:\/\/pcstock.es\/wp-content\/uploads\/2020\/12\/HP-1030G1-Notebook-m7-6Y751.20GHz-16GB-portatil-reacondicionado-gijon-asturias-450x356-1-300x237.jpg 300w\" sizes=\"(max-width: 450px) 100vw, 450px\" \/>\t\t\t\t\t\t\t<\/a>\n\t\t<\/div>\n\t\t<div class=\"product_badges\"><span class=\"onsale\">Pre\u00e7o Prom.<\/span><\/div><div class=\"product-info\"><a class=\"button add_to_cart_button\" href=\"https:\/\/pcstock.es\/pt-pt\/producto\/hp-1030g1-notebook-m7-6y751-20ghz-16gb\/\">Mais informa\u00e7\u00e3o<\/a><\/div><\/div><\/li>\n<li class=\"post-item product type-product post-1641 status-publish instock product_cat-portateis-baratos product_cat-tablets-recondicionadas product_tag-computador-portatil-escolar-e-universitario product_tag-computador-portatil-teletrabalho has-post-thumbnail sale featured shipping-taxable purchasable product-type-simple\">\n\t<div class=\"shop-product-box\">\t\t<div class=\"ft_image \">\n\t\t\t<a href=\"https:\/\/pcstock.es\/pt-pt\/producto\/hp-elite-x2-1012g1-notebook-m5-6y571-10ghz-8gb\/\">\n\t\t\t\t<img width=\"450\" height=\"356\" src=\"https:\/\/pcstock.es\/wp-content\/uploads\/2020\/12\/HP-Elite-x2-1012G1-Notebook-m5-6Y571.10GHz-8GB-450x356-1.jpg\" class=\"attachment-woocommerce_thumbnail size-woocommerce_thumbnail\" alt=\"Notebook HP Elite x2 1012G1 reformado m5-6Y57(1.10GHz) 8GB, Tablet, Laptop, em Gij\u00f3n, Ast\u00farias\" loading=\"lazy\" srcset=\"https:\/\/pcstock.es\/wp-content\/uploads\/2020\/12\/HP-Elite-x2-1012G1-Notebook-m5-6Y571.10GHz-8GB-450x356-1.jpg 450w, https:\/\/pcstock.es\/wp-content\/uploads\/2020\/12\/HP-Elite-x2-1012G1-Notebook-m5-6Y571.10GHz-8GB-450x356-1-300x237.jpg 300w\" sizes=\"(max-width: 450px) 100vw, 450px\" \/>\t\t\t\t\t\t\t<\/a>\n\t\t<\/div>\n\t\t<div class=\"product_badges\"><span class=\"onsale\">Pre\u00e7o Prom.<\/span><\/div><div class=\"product-info\"><a class=\"button add_to_cart_button\" href=\"https:\/\/pcstock.es\/pt-pt\/producto\/hp-elite-x2-1012g1-notebook-m5-6y571-10ghz-8gb\/\">Mais informa\u00e7\u00e3o<\/a><\/div><\/div><\/li>\n<li class=\"post-item product type-product post-1580 status-publish last instock product_cat-portateis-baratos product_tag-computador-portatil-escolar-e-universitario product_tag-computador-portatil-teletrabalho has-post-thumbnail sale featured shipping-taxable purchasable product-type-simple\">\n\t<div class=\"shop-product-box\">\t\t<div class=\"ft_image \">\n\t\t\t<a href=\"https:\/\/pcstock.es\/pt-pt\/producto\/hp-folio-1020-g1-notebook-core-m-5y711-20ghz-8gb-2\/\">\n\t\t\t\t<img width=\"170\" height=\"190\" src=\"https:\/\/pcstock.es\/wp-content\/uploads\/2020\/12\/HP-Folio-1020G1-Notebook-Core-M-5Y711.20GHz-8GB.jpg\" class=\"attachment-woocommerce_thumbnail size-woocommerce_thumbnail\" alt=\"\" loading=\"lazy\" \/>\t\t\t\t\t\t\t<\/a>\n\t\t<\/div>\n\t\t<div class=\"product_badges\"><span class=\"onsale\">Pre\u00e7o Prom.<\/span><\/div><div class=\"product-info\"><a class=\"button add_to_cart_button\" href=\"https:\/\/pcstock.es\/pt-pt\/producto\/hp-folio-1020-g1-notebook-core-m-5y711-20ghz-8gb-2\/\">Mais informa\u00e7\u00e3o<\/a><\/div><\/div><\/li>\n<\/ul>\n<\/div>\n","protected":false},"excerpt":{"rendered":"","protected":false},"author":1,"featured_media":0,"parent":0,"menu_order":0,"comment_status":"closed","ping_status":"closed","template":"","meta":[],"yoast_head":"<!-- This site is optimized with the Yoast SEO plugin v20.6 - https:\/\/yoast.com\/wordpress\/plugins\/seo\/ -->\n<title>Computador port\u00e1til teletrabalho - PC STOCK<\/title>\n<meta name=\"description\" content=\"Computadores ideais para teletrabalho. N\u00e3o perca a oportunidade de adquirir um port\u00e1til para teletrabalho a um pre\u00e7o imbat\u00edvel.\" \/>\n<meta name=\"robots\" content=\"index, follow, max-snippet:-1, max-image-preview:large, max-video-preview:-1\" \/>\n<link rel=\"canonical\" href=\"https:\/\/pcstock.es\/pt-pt\/computador-portatil-teletrabalho\/\" \/>\n<meta property=\"og:locale\" content=\"pt_PT\" \/>\n<meta property=\"og:type\" content=\"article\" \/>\n<meta property=\"og:title\" content=\"Computador port\u00e1til teletrabalho - PC STOCK\" \/>\n<meta property=\"og:description\" content=\"Computadores ideais para teletrabalho. N\u00e3o perca a oportunidade de adquirir um port\u00e1til para teletrabalho a um pre\u00e7o imbat\u00edvel.\" \/>\n<meta property=\"og:url\" content=\"https:\/\/pcstock.es\/pt-pt\/computador-portatil-teletrabalho\/\" \/>\n<meta property=\"og:site_name\" content=\"PC STOCK\" \/>\n<meta property=\"article:modified_time\" content=\"2021-11-06T17:07:35+00:00\" \/>\n<meta name=\"twitter:card\" content=\"summary_large_image\" \/>\n<meta name=\"twitter:label1\" content=\"Est. reading time\" \/>\n\t<meta name=\"twitter:data1\" content=\"1 minute\" \/>\n<script type=\"application\/ld+json\" class=\"yoast-schema-graph\">{\"@context\":\"https:\/\/schema.org\",\"@graph\":[{\"@type\":\"WebPage\",\"@id\":\"https:\/\/pcstock.es\/pt-pt\/computador-portatil-teletrabalho\/\",\"url\":\"https:\/\/pcstock.es\/pt-pt\/computador-portatil-teletrabalho\/\",\"name\":\"Computador port\u00e1til teletrabalho - PC STOCK\",\"isPartOf\":{\"@id\":\"https:\/\/pcstock.es\/pt-pt\/#website\"},\"datePublished\":\"2021-11-06T17:04:10+00:00\",\"dateModified\":\"2021-11-06T17:07:35+00:00\",\"description\":\"Computadores ideais para teletrabalho. N\u00e3o perca a oportunidade de adquirir um port\u00e1til para teletrabalho a um pre\u00e7o imbat\u00edvel.\",\"breadcrumb\":{\"@id\":\"https:\/\/pcstock.es\/pt-pt\/computador-portatil-teletrabalho\/#breadcrumb\"},\"inLanguage\":\"pt-PT\",\"potentialAction\":[{\"@type\":\"ReadAction\",\"target\":[\"https:\/\/pcstock.es\/pt-pt\/computador-portatil-teletrabalho\/\"]}]},{\"@type\":\"BreadcrumbList\",\"@id\":\"https:\/\/pcstock.es\/pt-pt\/computador-portatil-teletrabalho\/#breadcrumb\",\"itemListElement\":[{\"@type\":\"ListItem\",\"position\":1,\"name\":\"Portada\",\"item\":\"https:\/\/pcstock.es\/pt-pt\/\"},{\"@type\":\"ListItem\",\"position\":2,\"name\":\"Computador port\u00e1til Teletrabalho\"}]},{\"@type\":\"WebSite\",\"@id\":\"https:\/\/pcstock.es\/pt-pt\/#website\",\"url\":\"https:\/\/pcstock.es\/pt-pt\/\",\"name\":\"PC STOCK\",\"description\":\"Ordenadores reacondicionados y accesorios tecnol\u00f3gicos\",\"publisher\":{\"@id\":\"https:\/\/pcstock.es\/pt-pt\/#organization\"},\"potentialAction\":[{\"@type\":\"SearchAction\",\"target\":{\"@type\":\"EntryPoint\",\"urlTemplate\":\"https:\/\/pcstock.es\/pt-pt\/?s={search_term_string}\"},\"query-input\":\"required name=search_term_string\"}],\"inLanguage\":\"pt-PT\"},{\"@type\":\"Organization\",\"@id\":\"https:\/\/pcstock.es\/pt-pt\/#organization\",\"name\":\"Pc Stock\",\"url\":\"https:\/\/pcstock.es\/pt-pt\/\",\"logo\":{\"@type\":\"ImageObject\",\"inLanguage\":\"pt-PT\",\"@id\":\"https:\/\/pcstock.es\/pt-pt\/#\/schema\/logo\/image\/\",\"url\":\"https:\/\/pcstock.es\/wp-content\/uploads\/2020\/11\/logo-pckstock-ordenadores-reacondicionados.png\",\"contentUrl\":\"https:\/\/pcstock.es\/wp-content\/uploads\/2020\/11\/logo-pckstock-ordenadores-reacondicionados.png\",\"width\":268,\"height\":93,\"caption\":\"Pc Stock\"},\"image\":{\"@id\":\"https:\/\/pcstock.es\/pt-pt\/#\/schema\/logo\/image\/\"}}]}<\/script>\n<!-- \/ Yoast SEO plugin. -->","yoast_head_json":{"title":"Computador port\u00e1til teletrabalho - PC STOCK","description":"Computadores ideais para teletrabalho. N\u00e3o perca a oportunidade de adquirir um port\u00e1til para teletrabalho a um pre\u00e7o imbat\u00edvel.","robots":{"index":"index","follow":"follow","max-snippet":"max-snippet:-1","max-image-preview":"max-image-preview:large","max-video-preview":"max-video-preview:-1"},"canonical":"https:\/\/pcstock.es\/pt-pt\/computador-portatil-teletrabalho\/","og_locale":"pt_PT","og_type":"article","og_title":"Computador port\u00e1til teletrabalho - PC STOCK","og_description":"Computadores ideais para teletrabalho. N\u00e3o perca a oportunidade de adquirir um port\u00e1til para teletrabalho a um pre\u00e7o imbat\u00edvel.","og_url":"https:\/\/pcstock.es\/pt-pt\/computador-portatil-teletrabalho\/","og_site_name":"PC STOCK","article_modified_time":"2021-11-06T17:07:35+00:00","twitter_card":"summary_large_image","twitter_misc":{"Est. reading time":"1 minute"},"schema":{"@context":"https:\/\/schema.org","@graph":[{"@type":"WebPage","@id":"https:\/\/pcstock.es\/pt-pt\/computador-portatil-teletrabalho\/","url":"https:\/\/pcstock.es\/pt-pt\/computador-portatil-teletrabalho\/","name":"Computador port\u00e1til teletrabalho - PC STOCK","isPartOf":{"@id":"https:\/\/pcstock.es\/pt-pt\/#website"},"datePublished":"2021-11-06T17:04:10+00:00","dateModified":"2021-11-06T17:07:35+00:00","description":"Computadores ideais para teletrabalho. N\u00e3o perca a oportunidade de adquirir um port\u00e1til para teletrabalho a um pre\u00e7o imbat\u00edvel.","breadcrumb":{"@id":"https:\/\/pcstock.es\/pt-pt\/computador-portatil-teletrabalho\/#breadcrumb"},"inLanguage":"pt-PT","potentialAction":[{"@type":"ReadAction","target":["https:\/\/pcstock.es\/pt-pt\/computador-portatil-teletrabalho\/"]}]},{"@type":"BreadcrumbList","@id":"https:\/\/pcstock.es\/pt-pt\/computador-portatil-teletrabalho\/#breadcrumb","itemListElement":[{"@type":"ListItem","position":1,"name":"Portada","item":"https:\/\/pcstock.es\/pt-pt\/"},{"@type":"ListItem","position":2,"name":"Computador port\u00e1til Teletrabalho"}]},{"@type":"WebSite","@id":"https:\/\/pcstock.es\/pt-pt\/#website","url":"https:\/\/pcstock.es\/pt-pt\/","name":"PC STOCK","description":"Ordenadores reacondicionados y accesorios tecnol\u00f3gicos","publisher":{"@id":"https:\/\/pcstock.es\/pt-pt\/#organization"},"potentialAction":[{"@type":"SearchAction","target":{"@type":"EntryPoint","urlTemplate":"https:\/\/pcstock.es\/pt-pt\/?s={search_term_string}"},"query-input":"required name=search_term_string"}],"inLanguage":"pt-PT"},{"@type":"Organization","@id":"https:\/\/pcstock.es\/pt-pt\/#organization","name":"Pc Stock","url":"https:\/\/pcstock.es\/pt-pt\/","logo":{"@type":"ImageObject","inLanguage":"pt-PT","@id":"https:\/\/pcstock.es\/pt-pt\/#\/schema\/logo\/image\/","url":"https:\/\/pcstock.es\/wp-content\/uploads\/2020\/11\/logo-pckstock-ordenadores-reacondicionados.png","contentUrl":"https:\/\/pcstock.es\/wp-content\/uploads\/2020\/11\/logo-pckstock-ordenadores-reacondicionados.png","width":268,"height":93,"caption":"Pc Stock"},"image":{"@id":"https:\/\/pcstock.es\/pt-pt\/#\/schema\/logo\/image\/"}}]}},"_links":{"self":[{"href":"https:\/\/pcstock.es\/pt-pt\/wp-json\/wp\/v2\/pages\/1941"}],"collection":[{"href":"https:\/\/pcstock.es\/pt-pt\/wp-json\/wp\/v2\/pages"}],"about":[{"href":"https:\/\/pcstock.es\/pt-pt\/wp-json\/wp\/v2\/types\/page"}],"author":[{"embeddable":true,"href":"https:\/\/pcstock.es\/pt-pt\/wp-json\/wp\/v2\/users\/1"}],"replies":[{"embeddable":true,"href":"https:\/\/pcstock.es\/pt-pt\/wp-json\/wp\/v2\/comments?post=1941"}],"version-history":[{"count":1,"href":"https:\/\/pcstock.es\/pt-pt\/wp-json\/wp\/v2\/pages\/1941\/revisions"}],"predecessor-version":[{"id":1942,"href":"https:\/\/pcstock.es\/pt-pt\/wp-json\/wp\/v2\/pages\/1941\/revisions\/1942"}],"wp:attachment":[{"href":"https:\/\/pcstock.es\/pt-pt\/wp-json\/wp\/v2\/media?parent=1941"}],"curies":[{"name":"wp","href":"https:\/\/api.w.org\/{rel}","templated":true}]}}