
{"id":1498,"date":"2021-09-21T09:29:38","date_gmt":"2021-09-21T09:29:38","guid":{"rendered":"https:\/\/pcstock.es\/aviso-legal\/"},"modified":"2021-09-21T09:30:10","modified_gmt":"2021-09-21T09:30:10","slug":"aviso-legal","status":"publish","type":"page","link":"https:\/\/pcstock.es\/pt-pt\/aviso-legal\/","title":{"rendered":"Aviso legal"},"content":{"rendered":"\n<p><strong>IDENTIDADE DO PROPRIET\u00c1RIO DO SITE<\/strong><\/p>\n\n<p>O presente Aviso Legal estabelece a informa\u00e7\u00e3o geral que os prestadores de servi\u00e7os da sociedade da informa\u00e7\u00e3o s\u00e3o obrigados a colocar \u00e0 disposi\u00e7\u00e3o dos utilizadores, como exigido pelo artigo 10\u00ba da Lei 34\/2002, de 11 de Julho, sobre Servi\u00e7os da Sociedade da Informa\u00e7\u00e3o e Com\u00e9rcio Electr\u00f3nico.<\/p>\n\n<p>Por conseguinte, informamos que o propriet\u00e1rio e propriet\u00e1rio da p\u00e1gina com a URL www.pcstock.es, \u00e9 a empresa  <strong>INVERSIONES TECNOL\u00d3GICAS ASTURIAS SL com CIF B52553021 e<\/strong> sede social na Calle FRAY CEFERINO 13 BAJO 33208 Gij\u00f3n (Ast\u00farias), Telefone: 985 144 511, Endere\u00e7o de correio electr\u00f3nico: correo@pcstock.com.es.<\/p>\n\n<p>A empresa INVERSIONES TECNOL\u00d3GICAS ASTURIAS SL, (adiante designada por &#8220;a empresa&#8221;) est\u00e1 inscrita no Registo Mercantil das Ast\u00farias, Tomo 4262, Livro 0, F\u00f3lio 35, P\u00e1gina AS-51477, Inscri\u00e7\u00e3o 1. Volume 4262, Livro 0, Folio 35, P\u00e1gina AS-51477, Entrada 1. Datado 12JUL2017.<\/p>\n\n<p><strong>ACEITA\u00c7\u00c3O DOS TERMOS DE UTILIZA\u00c7\u00c3O<\/strong><\/p>\n\n<p>O objectivo destes Termos e Condi\u00e7\u00f5es (doravante referidos como Aviso Legal) \u00e9 regular o uso deste website, que a empresa coloca \u00e0 disposi\u00e7\u00e3o do p\u00fablico neste URL.<\/p>\n\n<p>A utiliza\u00e7\u00e3o do Website por um terceiro confere o estatuto de Utilizador e implica a aceita\u00e7\u00e3o total por parte desse Utilizador de todas e cada uma das condi\u00e7\u00f5es inclu\u00eddas no presente Aviso Legal.<\/p>\n\n<p>A empresa pode oferecer servi\u00e7os ou produtos atrav\u00e9s do Website que podem estar sujeitos \u00e0s suas pr\u00f3prias condi\u00e7\u00f5es particulares que, dependendo do caso, substituem, completam e\/ou modificam estas condi\u00e7\u00f5es, e sobre as quais o Utilizador ser\u00e1 informado em cada caso espec\u00edfico.<\/p>\n\n<p><strong>USO CORRETO DO SITE<\/strong><\/p>\n\n<p>O Utilizador compromete-se a utilizar o Website, os seus conte\u00fados e servi\u00e7os de acordo com a Lei. Do mesmo modo, o Usu\u00e1rio compromete-se a n\u00e3o utilizar o Site ou os servi\u00e7os prestados atrav\u00e9s do mesmo para fins ou efeitos il\u00edcitos ou contr\u00e1rios ao conte\u00fado deste Aviso Legal, lesivos dos interesses ou direitos de terceiros, ou que de qualquer forma possam danificar, inutilizar ou deteriorar o Site ou os seus servi\u00e7os, ou impedir o seu normal usufruto por outros Usu\u00e1rios.<\/p>\n\n<p>Da mesma forma, o Utilizador compromete-se expressamente a n\u00e3o destruir, alterar, inutilizar ou, de qualquer outra forma, danificar os dados, programas ou documentos electr\u00f3nicos e outros que se encontrem na p\u00e1gina web da empresa.<\/p>\n\n<p>O Usu\u00e1rio compromete-se a n\u00e3o dificultar o acesso de outros usu\u00e1rios ao servi\u00e7o de acesso por meio do consumo massivo dos recursos inform\u00e1ticos atrav\u00e9s dos quais a empresa presta o servi\u00e7o, ou a realizar a\u00e7\u00f5es que danifiquem, interrompam ou gerem erros nestes sistemas.<\/p>\n\n<p>O Utilizador compromete-se a n\u00e3o introduzir v\u00edrus, macros ou qualquer outro dispositivo l\u00f3gico ou sequ\u00eancia de caracteres que causem ou sejam suscept\u00edveis de causar qualquer tipo de altera\u00e7\u00e3o nos sistemas inform\u00e1ticos da empresa ou de terceiros.<\/p>\n\n<p><strong>PUBLICIDADE<\/strong><\/p>\n\n<p>Partes do site podem conter publicidade ou conte\u00fado patrocinado. Os anunciantes e patrocinadores s\u00e3o os \u00fanicos respons\u00e1veis por assegurar que o material submetido para inclus\u00e3o no site est\u00e1 em conformidade com quaisquer leis aplic\u00e1veis. A sociedade n\u00e3o ser\u00e1 respons\u00e1vel por quaisquer erros, imprecis\u00f5es ou irregularidades que possam estar contidas na publicidade ou nos conte\u00fados dos patrocinadores.<\/p>\n\n<p>Em qualquer caso, a fim de apresentar qualquer reclama\u00e7\u00e3o relacionada com o conte\u00fado publicit\u00e1rio inserido neste website, por favor contacte o seguinte endere\u00e7o electr\u00f3nico: correo@pcstock.com.es.<\/p>\n\n<p><strong>PROPRIEDADE INTELECTUAL E INDUSTRIAL<\/strong><\/p>\n\n<p>Todos os conte\u00fados do site, salvo indica\u00e7\u00e3o em contr\u00e1rio, s\u00e3o propriedade exclusiva da empresa, incluindo mas n\u00e3o se limitando ao design gr\u00e1fico, c\u00f3digo fonte, logotipos, textos, gr\u00e1ficos, ilustra\u00e7\u00f5es, fotografias e outros elementos que aparecem no site.<\/p>\n\n<p>Da mesma forma, todos os nomes comerciais, marcas comerciais ou sinais distintivos de qualquer tipo contidos no site s\u00e3o protegidos por lei.<\/p>\n\n<p>A empresa n\u00e3o concede qualquer tipo de licen\u00e7a ou autoriza\u00e7\u00e3o de uso pessoal ao Usu\u00e1rio sobre seus direitos de propriedade intelectual e industrial ou sobre qualquer outro direito relacionado ao seu Site e aos servi\u00e7os nele oferecidos.<\/p>\n\n<p>Portanto, o Usu\u00e1rio reconhece que a reprodu\u00e7\u00e3o, distribui\u00e7\u00e3o, comercializa\u00e7\u00e3o, transforma\u00e7\u00e3o e, em geral, qualquer outra forma de explora\u00e7\u00e3o, por qualquer meio, de todo ou parte do conte\u00fado deste Site constitui uma viola\u00e7\u00e3o dos direitos de propriedade intelectual e industrial da empresa ou do propriet\u00e1rio do mesmo.<\/p>\n\n<p><strong>REGIME DE RESPONSABILIDADE<\/strong><\/p>\n\n<p>1.- Responsabilidade pelo uso da Web.<\/p>\n\n<p>O Utilizador \u00e9 o \u00fanico respons\u00e1vel por quaisquer infrac\u00e7\u00f5es que possam ocorrer ou danos que possam ser causados pela utiliza\u00e7\u00e3o do Website, sendo a empresa, os seus parceiros, colaboradores, funcion\u00e1rios e representantes exonerados de qualquer tipo de responsabilidade que possa resultar das ac\u00e7\u00f5es do Utilizador.<\/p>\n\n<p>A empresa utilizar\u00e1 todos os esfor\u00e7os e meios razo\u00e1veis para fornecer informa\u00e7\u00e3o actualizada e fi\u00e1vel na Web, no entanto, a empresa n\u00e3o assume qualquer garantia em rela\u00e7\u00e3o \u00e0 aus\u00eancia de erros, ou poss\u00edveis imprecis\u00f5es e\/ou omiss\u00f5es em qualquer dos conte\u00fados acess\u00edveis atrav\u00e9s desta Web.<\/p>\n\n<p>O Utilizador \u00e9 o \u00fanico respons\u00e1vel por qualquer reclama\u00e7\u00e3o ou ac\u00e7\u00e3o judicial, judicial ou extrajudicial, intentada por terceiros contra a empresa com base no uso que o Utilizador faz do Website. Quando aplic\u00e1vel, o Utilizador suportar\u00e1 todas as despesas, custos e indemniza\u00e7\u00f5es incorridas pela empresa como resultado de tais reclama\u00e7\u00f5es ou ac\u00e7\u00f5es legais.<\/p>\n\n<p>2.- Responsabilidade pelo funcionamento da Web.<\/p>\n\n<p>A empresa exclui qualquer responsabilidade que possa surgir de interfer\u00eancias, omiss\u00f5es, interrup\u00e7\u00f5es, v\u00edrus inform\u00e1ticos, avarias telef\u00f3nicas ou desconex\u00f5es no funcionamento do sistema electr\u00f3nico, devido a causas alheias ao controlo da empresa.<\/p>\n\n<p>Da mesma forma, a companhia tamb\u00e9m exclui qualquer responsabilidade que possa surgir de atrasos ou bloqueios no funcionamento deste sistema eletr\u00f4nico causados por defici\u00eancias ou sobrecarga de linhas telef\u00f4nicas ou da Internet, bem como danos causados por terceiros por interfer\u00eancias ilegais fora do controle da companhia.<\/p>\n\n<p>A empresa tem o direito de suspender temporariamente, sem aviso pr\u00e9vio, o acesso ao website para opera\u00e7\u00f5es de manuten\u00e7\u00e3o, repara\u00e7\u00e3o, actualiza\u00e7\u00e3o ou melhoramento.<\/p>\n\n<p>3.- Responsabilidade por links.<\/p>\n\n<p>Os links contidos no Website podem levar o Utilizador a outros websites geridos por terceiros.<\/p>\n\n<p>A empresa declina qualquer responsabilidade por informa\u00e7\u00f5es encontradas fora da Web, uma vez que a fun\u00e7\u00e3o dos links que aparecem \u00e9 apenas informar o Usu\u00e1rio sobre a exist\u00eancia de outras fontes de informa\u00e7\u00e3o sobre um assunto espec\u00edfico.<\/p>\n\n<p>A empresa fica isenta de qualquer responsabilidade pelo correcto funcionamento de tais links, pelos resultados obtidos atrav\u00e9s dos mesmos, pela veracidade e legalidade dos conte\u00fados ou informa\u00e7\u00f5es a que se pode aceder, bem como por quaisquer danos que o Utilizador possa sofrer como resultado da informa\u00e7\u00e3o encontrada no site linkado.<\/p>\n\n<p><strong>POL\u00cdTICA RELATIVA AOS DADOS PESSOAIS OBTIDOS ATRAV\u00c9S DO SITE<\/strong>.<\/p>\n\n<p>1.- Atrav\u00e9s de formul\u00e1rios.<\/p>\n\n<p>Sem preju\u00edzo das disposi\u00e7\u00f5es indicadas em cada um dos formul\u00e1rios do site, quando o utilizador fornece os seus dados pessoais, est\u00e1 a autorizar expressamente a empresa a tratar os seus dados pessoais para os fins a\u00ed indicados. A empresa incluir\u00e1 os dados fornecidos pelo Utilizador num ficheiro automatizado, propriedade e gerido pela INVERSIONES TECNOL\u00d3GICAS ASTURIAS SL, e devidamente notificado \u00e0 Ag\u00eancia Nacional de Protec\u00e7\u00e3o de Dados.<\/p>\n\n<p>O Usu\u00e1rio ou seu representante poder\u00e1 exercer os seus direitos de acesso, rectifica\u00e7\u00e3o, cancelamento ou oposi\u00e7\u00e3o, mediante pedido escrito e assinado de acordo com a Lei \u00e0 Calle Fray Ceferino Gonz\u00e1lez n\u00ba 13 bajo 33208 Gij\u00f3n (Ast\u00farias).<\/p>\n\n<p>Confidencialidade.<\/p>\n\n<p>A empresa compromete-se a cumprir a sua obriga\u00e7\u00e3o de sigilo dos dados pessoais e o seu dever de os manter confidenciais e adoptar\u00e1 as medidas necess\u00e1rias para evitar a sua altera\u00e7\u00e3o, perda ou tratamento ou acesso n\u00e3o autorizado.<\/p>\n\n<p><strong>COMENT\u00c1RIOS DO USU\u00c1RIO<\/strong><\/p>\n\n<p>O Usu\u00e1rio garante que as informa\u00e7\u00f5es, materiais, conte\u00fados ou observa\u00e7\u00f5es que n\u00e3o s\u00e3o seus pr\u00f3prios dados pessoais e que s\u00e3o fornecidos \u00e0 empresa atrav\u00e9s do Site n\u00e3o infringem os direitos de propriedade intelectual ou industrial de terceiros, ou qualquer outra disposi\u00e7\u00e3o legal.<\/p>\n\n<p>As informa\u00e7\u00f5es, materiais, conte\u00fados ou observa\u00e7\u00f5es que o Usu\u00e1rio fornecer \u00e0 empresa ser\u00e3o considerados n\u00e3o confidenciais, e a empresa se reserva o direito de us\u00e1-los da forma que considerar mais apropriada.<\/p>\n\n<p><strong>ALTERA\u00c7\u00d5ES \u00c0S CONDI\u00c7\u00d5ES DE UTILIZA\u00c7\u00c3O<\/strong><\/p>\n\n<p>A empresa reserva-se o direito de modificar, desenvolver ou actualizar as condi\u00e7\u00f5es de utiliza\u00e7\u00e3o deste website em qualquer altura com aviso pr\u00e9vio. O Utilizador fica automaticamente vinculado \u00e0s condi\u00e7\u00f5es de utiliza\u00e7\u00e3o em vigor no momento do acesso ao Website, pelo que dever\u00e1 ler periodicamente estas condi\u00e7\u00f5es de utiliza\u00e7\u00e3o.<\/p>\n\n<p><strong>DIREITO APLIC\u00c1VEL E JURISDI\u00c7\u00c3O LEGAL<\/strong><\/p>\n\n<p>Todos os lit\u00edgios ou reclama\u00e7\u00f5es decorrentes da interpreta\u00e7\u00e3o ou execu\u00e7\u00e3o deste Aviso Legal ser\u00e3o regidos pela lei espanhola e estar\u00e3o sujeitos \u00e0 jurisdi\u00e7\u00e3o dos Tribunais e Tribunais de Gij\u00f3n.<\/p>\n","protected":false},"excerpt":{"rendered":"<p>IDENTIDADE DO PROPRIET\u00c1RIO DO SITE O presente Aviso Legal estabelece a informa\u00e7\u00e3o geral que os prestadores de servi\u00e7os da sociedade da informa\u00e7\u00e3o s\u00e3o obrigados a colocar \u00e0 disposi\u00e7\u00e3o dos utilizadores, como exigido pelo artigo 10\u00ba da Lei 34\/2002, de 11 de Julho, sobre Servi\u00e7os da Sociedade da Informa\u00e7\u00e3o e Com\u00e9rcio Electr\u00f3nico. Por conseguinte, informamos que [&hellip;]<\/p>\n","protected":false},"author":1,"featured_media":0,"parent":0,"menu_order":0,"comment_status":"closed","ping_status":"closed","template":"","meta":[],"yoast_head":"<!-- This site is optimized with the Yoast SEO plugin v20.6 - https:\/\/yoast.com\/wordpress\/plugins\/seo\/ -->\n<title>Aviso legal - PC STOCK<\/title>\n<meta name=\"description\" content=\"Ordenadores reacondicionados, port\u00e1tiles baratos, productos apple refurbished y tablets econ\u00f3micas. Pc seminuevos \u00a1 y con 1 a\u00f1o de garant\u00eda !.\" \/>\n<meta name=\"robots\" content=\"index, follow, max-snippet:-1, max-image-preview:large, max-video-preview:-1\" \/>\n<link rel=\"canonical\" href=\"https:\/\/pcstock.es\/pt-pt\/aviso-legal\/\" \/>\n<meta property=\"og:locale\" content=\"pt_PT\" \/>\n<meta property=\"og:type\" content=\"article\" \/>\n<meta property=\"og:title\" content=\"Aviso legal - PC STOCK\" \/>\n<meta property=\"og:description\" content=\"Ordenadores reacondicionados, port\u00e1tiles baratos, productos apple refurbished y tablets econ\u00f3micas. Pc seminuevos \u00a1 y con 1 a\u00f1o de garant\u00eda !.\" \/>\n<meta property=\"og:url\" content=\"https:\/\/pcstock.es\/pt-pt\/aviso-legal\/\" \/>\n<meta property=\"og:site_name\" content=\"PC STOCK\" \/>\n<meta property=\"article:modified_time\" content=\"2021-09-21T09:30:10+00:00\" \/>\n<meta name=\"twitter:card\" content=\"summary_large_image\" \/>\n<meta name=\"twitter:label1\" content=\"Est. reading time\" \/>\n\t<meta name=\"twitter:data1\" content=\"8 minutes\" \/>\n<script type=\"application\/ld+json\" class=\"yoast-schema-graph\">{\"@context\":\"https:\/\/schema.org\",\"@graph\":[{\"@type\":\"WebPage\",\"@id\":\"https:\/\/pcstock.es\/pt-pt\/aviso-legal\/\",\"url\":\"https:\/\/pcstock.es\/pt-pt\/aviso-legal\/\",\"name\":\"Aviso legal - PC STOCK\",\"isPartOf\":{\"@id\":\"https:\/\/pcstock.es\/pt-pt\/#website\"},\"datePublished\":\"2021-09-21T09:29:38+00:00\",\"dateModified\":\"2021-09-21T09:30:10+00:00\",\"description\":\"Ordenadores reacondicionados, port\u00e1tiles baratos, productos apple refurbished y tablets econ\u00f3micas. Pc seminuevos \u00a1 y con 1 a\u00f1o de garant\u00eda !.\",\"breadcrumb\":{\"@id\":\"https:\/\/pcstock.es\/pt-pt\/aviso-legal\/#breadcrumb\"},\"inLanguage\":\"pt-PT\",\"potentialAction\":[{\"@type\":\"ReadAction\",\"target\":[\"https:\/\/pcstock.es\/pt-pt\/aviso-legal\/\"]}]},{\"@type\":\"BreadcrumbList\",\"@id\":\"https:\/\/pcstock.es\/pt-pt\/aviso-legal\/#breadcrumb\",\"itemListElement\":[{\"@type\":\"ListItem\",\"position\":1,\"name\":\"Portada\",\"item\":\"https:\/\/pcstock.es\/pt-pt\/\"},{\"@type\":\"ListItem\",\"position\":2,\"name\":\"Aviso legal\"}]},{\"@type\":\"WebSite\",\"@id\":\"https:\/\/pcstock.es\/pt-pt\/#website\",\"url\":\"https:\/\/pcstock.es\/pt-pt\/\",\"name\":\"PC STOCK\",\"description\":\"Ordenadores reacondicionados y accesorios tecnol\u00f3gicos\",\"publisher\":{\"@id\":\"https:\/\/pcstock.es\/pt-pt\/#organization\"},\"potentialAction\":[{\"@type\":\"SearchAction\",\"target\":{\"@type\":\"EntryPoint\",\"urlTemplate\":\"https:\/\/pcstock.es\/pt-pt\/?s={search_term_string}\"},\"query-input\":\"required name=search_term_string\"}],\"inLanguage\":\"pt-PT\"},{\"@type\":\"Organization\",\"@id\":\"https:\/\/pcstock.es\/pt-pt\/#organization\",\"name\":\"Pc Stock\",\"url\":\"https:\/\/pcstock.es\/pt-pt\/\",\"logo\":{\"@type\":\"ImageObject\",\"inLanguage\":\"pt-PT\",\"@id\":\"https:\/\/pcstock.es\/pt-pt\/#\/schema\/logo\/image\/\",\"url\":\"https:\/\/pcstock.es\/wp-content\/uploads\/2020\/11\/logo-pckstock-ordenadores-reacondicionados.png\",\"contentUrl\":\"https:\/\/pcstock.es\/wp-content\/uploads\/2020\/11\/logo-pckstock-ordenadores-reacondicionados.png\",\"width\":268,\"height\":93,\"caption\":\"Pc Stock\"},\"image\":{\"@id\":\"https:\/\/pcstock.es\/pt-pt\/#\/schema\/logo\/image\/\"}}]}<\/script>\n<!-- \/ Yoast SEO plugin. -->","yoast_head_json":{"title":"Aviso legal - PC STOCK","description":"Ordenadores reacondicionados, port\u00e1tiles baratos, productos apple refurbished y tablets econ\u00f3micas. Pc seminuevos \u00a1 y con 1 a\u00f1o de garant\u00eda !.","robots":{"index":"index","follow":"follow","max-snippet":"max-snippet:-1","max-image-preview":"max-image-preview:large","max-video-preview":"max-video-preview:-1"},"canonical":"https:\/\/pcstock.es\/pt-pt\/aviso-legal\/","og_locale":"pt_PT","og_type":"article","og_title":"Aviso legal - PC STOCK","og_description":"Ordenadores reacondicionados, port\u00e1tiles baratos, productos apple refurbished y tablets econ\u00f3micas. Pc seminuevos \u00a1 y con 1 a\u00f1o de garant\u00eda !.","og_url":"https:\/\/pcstock.es\/pt-pt\/aviso-legal\/","og_site_name":"PC STOCK","article_modified_time":"2021-09-21T09:30:10+00:00","twitter_card":"summary_large_image","twitter_misc":{"Est. reading time":"8 minutes"},"schema":{"@context":"https:\/\/schema.org","@graph":[{"@type":"WebPage","@id":"https:\/\/pcstock.es\/pt-pt\/aviso-legal\/","url":"https:\/\/pcstock.es\/pt-pt\/aviso-legal\/","name":"Aviso legal - PC STOCK","isPartOf":{"@id":"https:\/\/pcstock.es\/pt-pt\/#website"},"datePublished":"2021-09-21T09:29:38+00:00","dateModified":"2021-09-21T09:30:10+00:00","description":"Ordenadores reacondicionados, port\u00e1tiles baratos, productos apple refurbished y tablets econ\u00f3micas. Pc seminuevos \u00a1 y con 1 a\u00f1o de garant\u00eda !.","breadcrumb":{"@id":"https:\/\/pcstock.es\/pt-pt\/aviso-legal\/#breadcrumb"},"inLanguage":"pt-PT","potentialAction":[{"@type":"ReadAction","target":["https:\/\/pcstock.es\/pt-pt\/aviso-legal\/"]}]},{"@type":"BreadcrumbList","@id":"https:\/\/pcstock.es\/pt-pt\/aviso-legal\/#breadcrumb","itemListElement":[{"@type":"ListItem","position":1,"name":"Portada","item":"https:\/\/pcstock.es\/pt-pt\/"},{"@type":"ListItem","position":2,"name":"Aviso legal"}]},{"@type":"WebSite","@id":"https:\/\/pcstock.es\/pt-pt\/#website","url":"https:\/\/pcstock.es\/pt-pt\/","name":"PC STOCK","description":"Ordenadores reacondicionados y accesorios tecnol\u00f3gicos","publisher":{"@id":"https:\/\/pcstock.es\/pt-pt\/#organization"},"potentialAction":[{"@type":"SearchAction","target":{"@type":"EntryPoint","urlTemplate":"https:\/\/pcstock.es\/pt-pt\/?s={search_term_string}"},"query-input":"required name=search_term_string"}],"inLanguage":"pt-PT"},{"@type":"Organization","@id":"https:\/\/pcstock.es\/pt-pt\/#organization","name":"Pc Stock","url":"https:\/\/pcstock.es\/pt-pt\/","logo":{"@type":"ImageObject","inLanguage":"pt-PT","@id":"https:\/\/pcstock.es\/pt-pt\/#\/schema\/logo\/image\/","url":"https:\/\/pcstock.es\/wp-content\/uploads\/2020\/11\/logo-pckstock-ordenadores-reacondicionados.png","contentUrl":"https:\/\/pcstock.es\/wp-content\/uploads\/2020\/11\/logo-pckstock-ordenadores-reacondicionados.png","width":268,"height":93,"caption":"Pc Stock"},"image":{"@id":"https:\/\/pcstock.es\/pt-pt\/#\/schema\/logo\/image\/"}}]}},"_links":{"self":[{"href":"https:\/\/pcstock.es\/pt-pt\/wp-json\/wp\/v2\/pages\/1498"}],"collection":[{"href":"https:\/\/pcstock.es\/pt-pt\/wp-json\/wp\/v2\/pages"}],"about":[{"href":"https:\/\/pcstock.es\/pt-pt\/wp-json\/wp\/v2\/types\/page"}],"author":[{"embeddable":true,"href":"https:\/\/pcstock.es\/pt-pt\/wp-json\/wp\/v2\/users\/1"}],"replies":[{"embeddable":true,"href":"https:\/\/pcstock.es\/pt-pt\/wp-json\/wp\/v2\/comments?post=1498"}],"version-history":[{"count":3,"href":"https:\/\/pcstock.es\/pt-pt\/wp-json\/wp\/v2\/pages\/1498\/revisions"}],"predecessor-version":[{"id":1515,"href":"https:\/\/pcstock.es\/pt-pt\/wp-json\/wp\/v2\/pages\/1498\/revisions\/1515"}],"wp:attachment":[{"href":"https:\/\/pcstock.es\/pt-pt\/wp-json\/wp\/v2\/media?parent=1498"}],"curies":[{"name":"wp","href":"https:\/\/api.w.org\/{rel}","templated":true}]}}