
{"id":1484,"date":"2021-09-21T09:29:32","date_gmt":"2021-09-21T09:29:32","guid":{"rendered":"https:\/\/pcstock.es\/politica-de-devolucao\/"},"modified":"2021-09-21T09:29:43","modified_gmt":"2021-09-21T09:29:43","slug":"politica-de-devolucao","status":"publish","type":"page","link":"https:\/\/pcstock.es\/pt-pt\/politica-de-devolucao\/","title":{"rendered":"Pol\u00edtica de devolu\u00e7\u00e3o"},"content":{"rendered":"\n<p><\/p>\n\n<p>As encomendas podem ser canceladas gratuitamente at\u00e9 ao momento da expedi\u00e7\u00e3o.  <\/p>\n\n<p>Se recebermos um aviso de cancelamento ap\u00f3s o envio da encomenda, esta ser\u00e1 considerada uma devolu\u00e7\u00e3o. As devolu\u00e7\u00f5es podem ser feitas at\u00e9 7 dias ap\u00f3s o recebimento do produto, desde que o produto seja entregue nas mesmas condi\u00e7\u00f5es em que foi adquirido (UNOPENED). Os custos de envio devem ser suportados pelo cliente.  <\/p>\n\n<p>Excluem-se deste caso as devolu\u00e7\u00f5es que se devam ao nosso erro ou a um defeito no produto. Neste caso, INVERSIONES TECNOL\u00d3GICAS ASTURIAS SL. compromete-se a trocar o produto defeituoso por um id\u00eantico. Voc\u00ea tamb\u00e9m ser\u00e1 respons\u00e1vel pelos custos de devolu\u00e7\u00e3o e envio. Caso a altera\u00e7\u00e3o n\u00e3o possa ser feita, o valor ser\u00e1 reembolsado. Para fazer uma devolu\u00e7\u00e3o, por favor contacte esta empresa usando os detalhes de contacto no website ou enviando um email para info@pcstock.es.<\/p>\n\n<p><\/p>\n","protected":false},"excerpt":{"rendered":"<p>As encomendas podem ser canceladas gratuitamente at\u00e9 ao momento da expedi\u00e7\u00e3o. Se recebermos um aviso de cancelamento ap\u00f3s o envio da encomenda, esta ser\u00e1 considerada uma devolu\u00e7\u00e3o. As devolu\u00e7\u00f5es podem ser feitas at\u00e9 7 dias ap\u00f3s o recebimento do produto, desde que o produto seja entregue nas mesmas condi\u00e7\u00f5es em que foi adquirido (UNOPENED). Os [&hellip;]<\/p>\n","protected":false},"author":1,"featured_media":0,"parent":0,"menu_order":0,"comment_status":"closed","ping_status":"open","template":"","meta":[],"yoast_head":"<!-- This site is optimized with the Yoast SEO plugin v20.6 - https:\/\/yoast.com\/wordpress\/plugins\/seo\/ -->\n<title>Pol\u00edtica de devolu\u00e7\u00e3o - PC STOCK<\/title>\n<meta name=\"description\" content=\"Ordenadores reacondicionados, port\u00e1tiles baratos, productos apple refurbished y tablets econ\u00f3micas. Pc seminuevos \u00a1 y con 1 a\u00f1o de garant\u00eda !.\" \/>\n<meta name=\"robots\" content=\"index, follow, max-snippet:-1, max-image-preview:large, max-video-preview:-1\" \/>\n<link rel=\"canonical\" href=\"https:\/\/pcstock.es\/pt-pt\/politica-de-devolucao\/\" \/>\n<meta property=\"og:locale\" content=\"pt_PT\" \/>\n<meta property=\"og:type\" content=\"article\" \/>\n<meta property=\"og:title\" content=\"Pol\u00edtica de devolu\u00e7\u00e3o - PC STOCK\" \/>\n<meta property=\"og:description\" content=\"Ordenadores reacondicionados, port\u00e1tiles baratos, productos apple refurbished y tablets econ\u00f3micas. Pc seminuevos \u00a1 y con 1 a\u00f1o de garant\u00eda !.\" \/>\n<meta property=\"og:url\" content=\"https:\/\/pcstock.es\/pt-pt\/politica-de-devolucao\/\" \/>\n<meta property=\"og:site_name\" content=\"PC STOCK\" \/>\n<meta property=\"article:modified_time\" content=\"2021-09-21T09:29:43+00:00\" \/>\n<meta name=\"twitter:card\" content=\"summary_large_image\" \/>\n<meta name=\"twitter:label1\" content=\"Est. reading time\" \/>\n\t<meta name=\"twitter:data1\" content=\"1 minute\" \/>\n<script type=\"application\/ld+json\" class=\"yoast-schema-graph\">{\"@context\":\"https:\/\/schema.org\",\"@graph\":[{\"@type\":\"WebPage\",\"@id\":\"https:\/\/pcstock.es\/pt-pt\/politica-de-devolucao\/\",\"url\":\"https:\/\/pcstock.es\/pt-pt\/politica-de-devolucao\/\",\"name\":\"Pol\u00edtica de devolu\u00e7\u00e3o - PC STOCK\",\"isPartOf\":{\"@id\":\"https:\/\/pcstock.es\/pt-pt\/#website\"},\"datePublished\":\"2021-09-21T09:29:32+00:00\",\"dateModified\":\"2021-09-21T09:29:43+00:00\",\"description\":\"Ordenadores reacondicionados, port\u00e1tiles baratos, productos apple refurbished y tablets econ\u00f3micas. Pc seminuevos \u00a1 y con 1 a\u00f1o de garant\u00eda !.\",\"breadcrumb\":{\"@id\":\"https:\/\/pcstock.es\/pt-pt\/politica-de-devolucao\/#breadcrumb\"},\"inLanguage\":\"pt-PT\",\"potentialAction\":[{\"@type\":\"ReadAction\",\"target\":[\"https:\/\/pcstock.es\/pt-pt\/politica-de-devolucao\/\"]}]},{\"@type\":\"BreadcrumbList\",\"@id\":\"https:\/\/pcstock.es\/pt-pt\/politica-de-devolucao\/#breadcrumb\",\"itemListElement\":[{\"@type\":\"ListItem\",\"position\":1,\"name\":\"Portada\",\"item\":\"https:\/\/pcstock.es\/pt-pt\/\"},{\"@type\":\"ListItem\",\"position\":2,\"name\":\"Pol\u00edtica de devolu\u00e7\u00e3o\"}]},{\"@type\":\"WebSite\",\"@id\":\"https:\/\/pcstock.es\/pt-pt\/#website\",\"url\":\"https:\/\/pcstock.es\/pt-pt\/\",\"name\":\"PC STOCK\",\"description\":\"Ordenadores reacondicionados y accesorios tecnol\u00f3gicos\",\"publisher\":{\"@id\":\"https:\/\/pcstock.es\/pt-pt\/#organization\"},\"potentialAction\":[{\"@type\":\"SearchAction\",\"target\":{\"@type\":\"EntryPoint\",\"urlTemplate\":\"https:\/\/pcstock.es\/pt-pt\/?s={search_term_string}\"},\"query-input\":\"required name=search_term_string\"}],\"inLanguage\":\"pt-PT\"},{\"@type\":\"Organization\",\"@id\":\"https:\/\/pcstock.es\/pt-pt\/#organization\",\"name\":\"Pc Stock\",\"url\":\"https:\/\/pcstock.es\/pt-pt\/\",\"logo\":{\"@type\":\"ImageObject\",\"inLanguage\":\"pt-PT\",\"@id\":\"https:\/\/pcstock.es\/pt-pt\/#\/schema\/logo\/image\/\",\"url\":\"https:\/\/pcstock.es\/wp-content\/uploads\/2020\/11\/logo-pckstock-ordenadores-reacondicionados.png\",\"contentUrl\":\"https:\/\/pcstock.es\/wp-content\/uploads\/2020\/11\/logo-pckstock-ordenadores-reacondicionados.png\",\"width\":268,\"height\":93,\"caption\":\"Pc Stock\"},\"image\":{\"@id\":\"https:\/\/pcstock.es\/pt-pt\/#\/schema\/logo\/image\/\"}}]}<\/script>\n<!-- \/ Yoast SEO plugin. -->","yoast_head_json":{"title":"Pol\u00edtica de devolu\u00e7\u00e3o - PC STOCK","description":"Ordenadores reacondicionados, port\u00e1tiles baratos, productos apple refurbished y tablets econ\u00f3micas. Pc seminuevos \u00a1 y con 1 a\u00f1o de garant\u00eda !.","robots":{"index":"index","follow":"follow","max-snippet":"max-snippet:-1","max-image-preview":"max-image-preview:large","max-video-preview":"max-video-preview:-1"},"canonical":"https:\/\/pcstock.es\/pt-pt\/politica-de-devolucao\/","og_locale":"pt_PT","og_type":"article","og_title":"Pol\u00edtica de devolu\u00e7\u00e3o - PC STOCK","og_description":"Ordenadores reacondicionados, port\u00e1tiles baratos, productos apple refurbished y tablets econ\u00f3micas. Pc seminuevos \u00a1 y con 1 a\u00f1o de garant\u00eda !.","og_url":"https:\/\/pcstock.es\/pt-pt\/politica-de-devolucao\/","og_site_name":"PC STOCK","article_modified_time":"2021-09-21T09:29:43+00:00","twitter_card":"summary_large_image","twitter_misc":{"Est. reading time":"1 minute"},"schema":{"@context":"https:\/\/schema.org","@graph":[{"@type":"WebPage","@id":"https:\/\/pcstock.es\/pt-pt\/politica-de-devolucao\/","url":"https:\/\/pcstock.es\/pt-pt\/politica-de-devolucao\/","name":"Pol\u00edtica de devolu\u00e7\u00e3o - PC STOCK","isPartOf":{"@id":"https:\/\/pcstock.es\/pt-pt\/#website"},"datePublished":"2021-09-21T09:29:32+00:00","dateModified":"2021-09-21T09:29:43+00:00","description":"Ordenadores reacondicionados, port\u00e1tiles baratos, productos apple refurbished y tablets econ\u00f3micas. Pc seminuevos \u00a1 y con 1 a\u00f1o de garant\u00eda !.","breadcrumb":{"@id":"https:\/\/pcstock.es\/pt-pt\/politica-de-devolucao\/#breadcrumb"},"inLanguage":"pt-PT","potentialAction":[{"@type":"ReadAction","target":["https:\/\/pcstock.es\/pt-pt\/politica-de-devolucao\/"]}]},{"@type":"BreadcrumbList","@id":"https:\/\/pcstock.es\/pt-pt\/politica-de-devolucao\/#breadcrumb","itemListElement":[{"@type":"ListItem","position":1,"name":"Portada","item":"https:\/\/pcstock.es\/pt-pt\/"},{"@type":"ListItem","position":2,"name":"Pol\u00edtica de devolu\u00e7\u00e3o"}]},{"@type":"WebSite","@id":"https:\/\/pcstock.es\/pt-pt\/#website","url":"https:\/\/pcstock.es\/pt-pt\/","name":"PC STOCK","description":"Ordenadores reacondicionados y accesorios tecnol\u00f3gicos","publisher":{"@id":"https:\/\/pcstock.es\/pt-pt\/#organization"},"potentialAction":[{"@type":"SearchAction","target":{"@type":"EntryPoint","urlTemplate":"https:\/\/pcstock.es\/pt-pt\/?s={search_term_string}"},"query-input":"required name=search_term_string"}],"inLanguage":"pt-PT"},{"@type":"Organization","@id":"https:\/\/pcstock.es\/pt-pt\/#organization","name":"Pc Stock","url":"https:\/\/pcstock.es\/pt-pt\/","logo":{"@type":"ImageObject","inLanguage":"pt-PT","@id":"https:\/\/pcstock.es\/pt-pt\/#\/schema\/logo\/image\/","url":"https:\/\/pcstock.es\/wp-content\/uploads\/2020\/11\/logo-pckstock-ordenadores-reacondicionados.png","contentUrl":"https:\/\/pcstock.es\/wp-content\/uploads\/2020\/11\/logo-pckstock-ordenadores-reacondicionados.png","width":268,"height":93,"caption":"Pc Stock"},"image":{"@id":"https:\/\/pcstock.es\/pt-pt\/#\/schema\/logo\/image\/"}}]}},"_links":{"self":[{"href":"https:\/\/pcstock.es\/pt-pt\/wp-json\/wp\/v2\/pages\/1484"}],"collection":[{"href":"https:\/\/pcstock.es\/pt-pt\/wp-json\/wp\/v2\/pages"}],"about":[{"href":"https:\/\/pcstock.es\/pt-pt\/wp-json\/wp\/v2\/types\/page"}],"author":[{"embeddable":true,"href":"https:\/\/pcstock.es\/pt-pt\/wp-json\/wp\/v2\/users\/1"}],"replies":[{"embeddable":true,"href":"https:\/\/pcstock.es\/pt-pt\/wp-json\/wp\/v2\/comments?post=1484"}],"version-history":[{"count":3,"href":"https:\/\/pcstock.es\/pt-pt\/wp-json\/wp\/v2\/pages\/1484\/revisions"}],"predecessor-version":[{"id":1506,"href":"https:\/\/pcstock.es\/pt-pt\/wp-json\/wp\/v2\/pages\/1484\/revisions\/1506"}],"wp:attachment":[{"href":"https:\/\/pcstock.es\/pt-pt\/wp-json\/wp\/v2\/media?parent=1484"}],"curies":[{"name":"wp","href":"https:\/\/api.w.org\/{rel}","templated":true}]}}